{"id":1341,"date":"2025-07-14T11:25:30","date_gmt":"2025-07-14T11:25:30","guid":{"rendered":"https:\/\/hwb7.wdw.at\/?page_id=1341"},"modified":"2026-01-19T14:30:04","modified_gmt":"2026-01-19T13:30:04","slug":"datenschutz","status":"publish","type":"page","link":"https:\/\/www.laufhaus-hwb7.de\/de\/datenschutz\/","title":{"rendered":"Datenschutz"},"content":{"rendered":"\t\t<div data-elementor-type=\"wp-page\" data-elementor-id=\"1341\" class=\"elementor elementor-1341\" data-elementor-post-type=\"page\">\n\t\t\t\t\t\t<section class=\"elementor-section elementor-top-section elementor-element elementor-element-280faf07 elementor-section-full_width elementor-section-height-min-height elementor-section-height-default elementor-section-items-middle\" data-id=\"280faf07\" data-element_type=\"section\" data-e-type=\"section\" data-settings=\"{&quot;background_background&quot;:&quot;classic&quot;}\">\n\t\t\t\t\t\t<div class=\"elementor-container elementor-column-gap-default\">\n\t\t\t\t\t<div class=\"elementor-column elementor-col-100 elementor-top-column elementor-element elementor-element-6fbba8db\" data-id=\"6fbba8db\" data-element_type=\"column\" data-e-type=\"column\">\n\t\t\t<div class=\"elementor-widget-wrap\">\n\t\t\t\t\t\t\t<\/div>\n\t\t<\/div>\n\t\t\t\t\t<\/div>\n\t\t<\/section>\n\t\t<div class=\"elementor-element elementor-element-71aa135 e-flex e-con-boxed e-con e-parent\" data-id=\"71aa135\" data-element_type=\"container\" data-e-type=\"container\">\n\t\t\t\t\t<div class=\"e-con-inner\">\n\t\t\t\t<div class=\"elementor-element elementor-element-cfd6283 elementor-widget elementor-widget-heading\" data-id=\"cfd6283\" data-element_type=\"widget\" data-e-type=\"widget\" data-widget_type=\"heading.default\">\n\t\t\t\t\t<h1 class=\"elementor-heading-title elementor-size-default\">Erkl\u00e4rung zur Informationspflicht<\/h1>\t\t\t\t<\/div>\n\t\t\t\t<div class=\"elementor-element elementor-element-6a30445 elementor-widget elementor-widget-heading\" data-id=\"6a30445\" data-element_type=\"widget\" data-e-type=\"widget\" data-widget_type=\"heading.default\">\n\t\t\t\t\t<h2 class=\"elementor-heading-title elementor-size-default\">Datenschutzerkl\u00e4rung<\/h2>\t\t\t\t<\/div>\n\t\t\t\t\t<\/div>\n\t\t\t\t<\/div>\n\t\t<div class=\"elementor-element elementor-element-07ac051 e-flex e-con-boxed e-con e-parent\" data-id=\"07ac051\" data-element_type=\"container\" data-e-type=\"container\">\n\t\t\t\t\t<div class=\"e-con-inner\">\n\t\t\t\t<div class=\"elementor-element elementor-element-71c8f11 elementor-widget elementor-widget-text-editor\" data-id=\"71c8f11\" data-element_type=\"widget\" data-e-type=\"widget\" data-widget_type=\"text-editor.default\">\n\t\t\t\t\t\t\t\t\t<p>Stand: 01.07.2025<\/p><p>Der Schutz Deiner pers\u00f6nlichen Daten ist uns ein besonderes Anliegen. Wir verarbeiten Deine Daten daher ausschlie\u00dflich auf Grundlage der gesetzlichen Bestimmungen (DSGVO, TKG 2003). In diesen Datenschutzinformationen informieren wir Sie \u00fcber die wichtigsten Aspekte der Datenverarbeitung im Rahmen unserer Website.<\/p>\t\t\t\t\t\t\t\t<\/div>\n\t\t\t\t<div class=\"elementor-element elementor-element-a24dc8a elementor-widget elementor-widget-heading\" data-id=\"a24dc8a\" data-element_type=\"widget\" data-e-type=\"widget\" data-widget_type=\"heading.default\">\n\t\t\t\t\t<h3 class=\"elementor-heading-title elementor-size-default\">1. Kontakt mit uns<\/h3>\t\t\t\t<\/div>\n\t\t\t\t<div class=\"elementor-element elementor-element-fcfe9bd elementor-widget elementor-widget-text-editor\" data-id=\"fcfe9bd\" data-element_type=\"widget\" data-e-type=\"widget\" data-widget_type=\"text-editor.default\">\n\t\t\t\t\t\t\t\t\t<p>Wenn Du uns per E-Mail kontaktierst, werden Deine angegebenen Daten zwecks Bearbeitung der Anfrage und f\u00fcr den Fall von Anschlussfragen sechs Monate bei uns gespeichert. Diese Daten geben wir nicht ohne Ihre Einwilligung weiter.<\/p>\t\t\t\t\t\t\t\t<\/div>\n\t\t\t\t<div class=\"elementor-element elementor-element-d161f35 elementor-widget elementor-widget-heading\" data-id=\"d161f35\" data-element_type=\"widget\" data-e-type=\"widget\" data-widget_type=\"heading.default\">\n\t\t\t\t\t<h3 class=\"elementor-heading-title elementor-size-default\">2. Cookies<\/h3>\t\t\t\t<\/div>\n\t\t\t\t<div class=\"elementor-element elementor-element-1eeb418 elementor-widget elementor-widget-text-editor\" data-id=\"1eeb418\" data-element_type=\"widget\" data-e-type=\"widget\" data-widget_type=\"text-editor.default\">\n\t\t\t\t\t\t\t\t\t<p><strong>2.1 Technische und funktionelle Cookies<\/strong><\/p><p>Unsere Website bzw. damit verbundene Datenverarbeitungen speichern gewisse Informationen direkt in Ihrem Webbrowser (z.B. via \u201eCookies\u201c), um bestimmte Funktionalit\u00e4ten zu gew\u00e4hrleisten.<\/p><p>Solche Informationen k\u00f6nnen sowohl direkt von unserer Webseite (\u201eErstanbieter-Eintr\u00e4ge\u201c), als auch durch die Dienste von Auftragsverarbeitern (z.B. beim Senden von E-Mails oder f\u00fcr Webanalyse) gesetzt werden. Beim ersten Aufruf unserer Webseite werden nur technisch notwendige Erstanbieter-Eintr\u00e4ge verwendet.<\/p><p>Die meisten Web-Browser bieten Funktionen zur Anzeige und zum L\u00f6schen von bereits gesetzten Eintr\u00e4gen. Weiters k\u00f6nnen Sie Ihren Browser auch so konfigurieren, dass keinerlei Cookies gesetzt werden. Bitte beachten Sie aber, dass dadurch bestimmte Funktionalit\u00e4ten unserer Webseite beeintr\u00e4chtigt werden k\u00f6nnen.<\/p><p>Welche Browser-Eintr\u00e4ge genau bei welchen Datenverarbeitungen zur Anwendung kommen, finden Sie bei den nachfolgend angef\u00fchrten einzelnen Datenverarbeitungen.<\/p><p><strong>2.2 Einsatz von Cookies und anderen Technologien zu Webanalyse und Werbezwecken<br \/><\/strong><\/p><p>Soweit Sie hierzu Ihre Einwilligung nach Art. 6 Abs. 1 S. 1 lit. a DSGVO erteilt haben, verwenden wir auf unserer Webseite die nachfolgenden Cookies und andere Technologien von Drittanbietern. Nach Zweckfortfall und Ende des Einsatzes der jeweiligen Technologie durch uns werden die in diesem Zusammenhang erhobenen Daten gel\u00f6scht. Sie k\u00f6nnen Ihre Einwilligung jederzeit mit Wirkung f\u00fcr die Zukunft widerrufen. Weitere Informationen zu Ihren Widerrufsm\u00f6glichkeiten finden Sie in dem Abschnitt &#8222;Cookies und weitere Technologien&#8220;. Weitere Informationen einschlie\u00dflich der Grundlage unserer Zusammenarbeit mit den einzelnen Anbietern finden Sie bei den einzelnen Technologien. Bei Fragen zu den Anbietern und der Grundlage unserer Zusammenarbeit mit ihnen wenden Sie sich bitte an die in dieser Datenschutzerkl\u00e4rung beschriebenen Kontaktm\u00f6glichkeit.<\/p><p><strong>Einsatz von Google-Diensten<\/strong><\/p><p>Wir verwenden die nachfolgend dargestellten Technologien der Google Ireland Ltd., Gordon House, Barrow Street, Dublin 4, Irland (\u201eGoogle\u201c). Die durch die Google Technologien automatisch erhobenen Informationen \u00fcber Ihre Nutzung unserer Webseite werden in der Regel an einen Server der Google LLC, 1600 Amphitheatre Parkway Mountain View, CA 94043, USA \u00fcbertragen und dort gespeichert. F\u00fcr die USA liegt kein Angemessenheitsbeschluss der Europ\u00e4ischen Kommission vor. Unsere Kooperation st\u00fctzt sich auf Standarddatenschutzklauseln der Europ\u00e4ischen Kommission. Sofern Ihre IP-Adresse \u00fcber die Google Technologien erhoben wird, wird sie vor der Speicherung auf den Servern von Google durch die Aktivierung der IP-Anonymisierung gek\u00fcrzt. Nur in Ausnahmef\u00e4llen wird die volle IP-Adresse an einen Server von Google \u00fcbertragen und dort gek\u00fcrzt. Soweit bei den einzelnen Technologien nichts Abweichendes angeben ist, erfolgt die Datenverarbeitung auf Grundlage einer f\u00fcr die jeweilige Technologie geschlossenen Vereinbarung zwischen gemeinsam Verantwortlichen gem\u00e4\u00df Art. 26 DSGVO. Weitergehende Informationen \u00fcber die Datenverarbeitung durch Google finden Sie in den <a href=\"https:\/\/policies.google.com\/privacy?hl=de\" target=\"_blank\" rel=\"noopener nofollow\">Datenschutzhinweisen von Google<\/a>.<\/p><p><strong>Google Analytics<\/strong><\/p><p>Zum Zweck der Webseitenanalyse werden mit Google Analytics Daten (IP-Adresse, Zeitpunkt des Besuchs, Ger\u00e4te- und Browser-Informationen sowie Informationen zu Ihrer Nutzung unserer Webseite) automatisch erhoben und gespeichert, aus denen unter Verwendung von Pseudonymen Nutzungsprofile erstellt werden. Hierzu k\u00f6nnen Cookies eingesetzt werden. Ihre IP-Adresse wird grunds\u00e4tzlich nicht mit anderen Daten von Google zusammengef\u00fchrt. Die Datenverarbeitung erfolgt auf Grundlage einer Vereinbarung \u00fcber die Auftragsverarbeitung durch Google.<\/p>\t\t\t\t\t\t\t\t<\/div>\n\t\t\t\t<div class=\"elementor-element elementor-element-6b6e157 elementor-widget elementor-widget-heading\" data-id=\"6b6e157\" data-element_type=\"widget\" data-e-type=\"widget\" data-widget_type=\"heading.default\">\n\t\t\t\t\t<h3 class=\"elementor-heading-title elementor-size-default\">3. Hosting<\/h3>\t\t\t\t<\/div>\n\t\t\t\t<div class=\"elementor-element elementor-element-ee408fc elementor-widget elementor-widget-text-editor\" data-id=\"ee408fc\" data-element_type=\"widget\" data-e-type=\"widget\" data-widget_type=\"text-editor.default\">\n\t\t\t\t\t\t\t\t\t<p>Wir verwenden einen externen Webhost zum Betrieb unserer Website.<\/p><p><strong>Hosting-Anbieter<\/strong><br \/>Wir verarbeiten mit Hilfe der folgenden Auftragsverarbeiter personenbezogene Verbindungsdaten zum Zweck der Daten- und Ausfallssicherheit f\u00fcr die Dauer maximal 7 Tagen.<\/p><p>Die Rechtsgrundlage f\u00fcr die Verarbeitung ist unser berechtigtes Interesse gem. Art. 6 Abs. 1 lif. f DSGVO (technische Sicherheitsma\u00dfnahmen).<\/p><p><strong>Dienst:<\/strong> Web- u. Mail Hosting<br \/><strong>Betreiber:<\/strong> <a href=\"https:\/\/www.wdw.at\" target=\"_blank\" rel=\"noopener nofollow\">WDW WerbeDesign Wanger e.U.<\/a><br \/><strong>Datenschutzerkl\u00e4rung: <\/strong><a href=\"https:\/\/www.wdw.at\/datenschutz.htm\" target=\"_blank\" rel=\"noopener nofollow\">https:\/\/www.wdw.at\/datenschutz.htm<\/a><\/p><p><strong>Zugriffsdaten<\/strong><br \/>Im Rahmen des Hostings verarbeiten wir zum Zweck der \u00dcberwachung der technischen Funktion und zur Erh\u00f6hung der Betriebssicherheit des Webhosts auf der Rechtsgrundlage des berechtigten Interesses gem. Art. 6 Abs. 1 lif. f DSGVO (technische Sicherheitsma\u00dfnahmen) folgende personenbezogenen Nutzerdaten in einem Server Log File f\u00fcr die Dauer von maximal 7 Tagen:<\/p><ul><li>Besuchte Website\u00a0<\/li><li>Uhrzeit zum Zeitpunkt des Zugriffes<\/li><li>Menge der gesendeten Daten in Byte<\/li><li>Quelle\/Verweis, von welchem Sie auf die Seite gelangten<\/li><li>Verwendeter Browser<\/li><li>Verwendetes Betriebssystem\u00a0<\/li><li>Verwendete IP-Adresse<\/li><\/ul><p>Die erhobenen Daten dienen lediglich statistischen Auswertungen und zur Verbesserung der Website. Der Websitebetreiber beh\u00e4lt sich allerdings vor, die Server-Logfiles nachtr\u00e4glich zu \u00fcberpr\u00fcfen, sollten konkrete Anhaltspunkte auf eine rechtswidrige Nutzung hinweisen.<strong>. <\/strong><\/p>\t\t\t\t\t\t\t\t<\/div>\n\t\t\t\t<div class=\"elementor-element elementor-element-0a34c5c elementor-widget elementor-widget-heading\" data-id=\"0a34c5c\" data-element_type=\"widget\" data-e-type=\"widget\" data-widget_type=\"heading.default\">\n\t\t\t\t\t<h3 class=\"elementor-heading-title elementor-size-default\">4. Kartendienste<\/h3>\t\t\t\t<\/div>\n\t\t\t\t<div class=\"elementor-element elementor-element-a0cdb63 elementor-widget elementor-widget-text-editor\" data-id=\"a0cdb63\" data-element_type=\"widget\" data-e-type=\"widget\" data-widget_type=\"text-editor.default\">\n\t\t\t\t\t\t\t\t\t<p>Auf dieser Website nutzen wir das Angebot von Kartendienstleistern in Form einer iFrame-Einbettung. Dadurch k\u00f6nnen wir interaktive Karten direkt in der Website anzeigen und erm\u00f6glichen die komfortable Nutzung der Karten-Funktionen.<\/p><p><strong>Google Maps<br \/><\/strong>Wir verarbeiten als gemeinsame Verantwortliche mit der Google Ireland Limited, Gordon House, Barrow Street, Dublin 4, Irland Verbindungsdaten und Browserdaten zum Zweck der Anzeige einer interaktiven Karte f\u00fcr die Dauer der Anzeige der Karte. Dabei erm\u00f6glichen wir Google Maps die Platzierung von Cookies auf dem PC des Users und die Berechnung einer User-ID zur eindeutigen Identifizierung des Users im Rahmen des von Google betriebenen Werbenetzwerkes.<\/p><p>Die Rechtsgrundlage f\u00fcr die Verarbeitung ist die von Ihnen gem\u00e4\u00df \u00a7 96 Abs. 3 TKG ivm. gem. Art. 6 Abs. 1 lit. a DSGVO erteilte Einwilligung.<\/p><p>Soweit durch Google Maps eine weitergehende eigenst\u00e4ndige Verarbeitung der Daten insbesondere im Rahmen des Werbenetzwerkes von Google erfolgt, ist Google Maps daf\u00fcr alleinige Verantwortliche. Details finden Sie in der <a href=\"https:\/\/www.laufhaus-hwb7.de\/datenschutz\/\" target=\"_blank\" rel=\"noopener\">Datenschutzerkl\u00e4rung<\/a> von Google Maps.<\/p>\t\t\t\t\t\t\t\t<\/div>\n\t\t\t\t<div class=\"elementor-element elementor-element-f0e8e4b elementor-widget elementor-widget-heading\" data-id=\"f0e8e4b\" data-element_type=\"widget\" data-e-type=\"widget\" data-widget_type=\"heading.default\">\n\t\t\t\t\t<h3 class=\"elementor-heading-title elementor-size-default\">5. Deine Rechte<\/h3>\t\t\t\t<\/div>\n\t\t\t\t<div class=\"elementor-element elementor-element-b10a635 elementor-widget elementor-widget-text-editor\" data-id=\"b10a635\" data-element_type=\"widget\" data-e-type=\"widget\" data-widget_type=\"text-editor.default\">\n\t\t\t\t\t\t\t\t\t<p>Ihnen stehen bez\u00fcglich Ihrer bei uns gespeicherten Daten grunds\u00e4tzlich die Rechte zu:<\/p><ul><li>Auskunft<\/li><li>Berichtigung<\/li><li>L\u00f6schung<\/li><li>Einschr\u00e4nkung<\/li><li>Daten\u00fcbertragbarkeit<\/li><li>Widerruf und Widerspruch<\/li><\/ul><p>Daf\u00fcr wenden Sie sich an uns (<a href=\"mailto:hd.gmbh@gmx.de\">hd.gmbh@gmx.de\u00a0<\/a>).<\/p><p>Wenn Sie glauben, dass die Verarbeitung Ihrer Daten gegen das Datenschutzrecht verst\u00f6\u00dft oder Ihre datenschutzrechtlichen Anspr\u00fcche sonst in einer Weise verletzt worden sind, k\u00f6nnen Sie sich bei der zust\u00e4ndigen Aufsichtsbeh\u00f6rde beschweren. In Deutschland ist in Bayern das\u00a0Bayerisches Landesamt f\u00fcr Datenschutzaufsicht (<a href=\"https:\/\/www.lda.bayern.de\/de\/kontakt.html\" target=\"_blank\" rel=\"noopener nofollow\">https:\/\/www.lda.bayern.de\/de\/kontakt.html<\/a>) zust\u00e4ndig.<\/p>\t\t\t\t\t\t\t\t<\/div>\n\t\t\t\t<div class=\"elementor-element elementor-element-d3d4534 elementor-widget elementor-widget-heading\" data-id=\"d3d4534\" data-element_type=\"widget\" data-e-type=\"widget\" data-widget_type=\"heading.default\">\n\t\t\t\t\t<h3 class=\"elementor-heading-title elementor-size-default\">6. Du erreichst uns unter folgenden Kontaktdaten:<\/h3>\t\t\t\t<\/div>\n\t\t\t\t<div class=\"elementor-element elementor-element-45ec2ad elementor-widget elementor-widget-text-editor\" data-id=\"45ec2ad\" data-element_type=\"widget\" data-e-type=\"widget\" data-widget_type=\"text-editor.default\">\n\t\t\t\t\t\t\t\t\t<p>HD GmbH |\u00a0Helene-Wessel-Bogen 7\u00a0|\u00a080939 M\u00fcnchen\u00a0\/ Deutschland<br \/>T.:\u00a0<a href=\"tel:+4915175758184\">+49 151 757 581 84 <\/a>| E.: <a href=\"mailto:hd.gmbh@gmx.de\">hd.gmbh@gmx.de<\/a><\/p>\t\t\t\t\t\t\t\t<\/div>\n\t\t\t\t\t<\/div>\n\t\t\t\t<\/div>\n\t\t\t\t<\/div>\n\t\t","protected":false},"excerpt":{"rendered":"<p>Erkl\u00e4rung zur Informationspflicht Datenschutzerkl\u00e4rung Stand: 01.07.2025 Der Schutz Deiner pers\u00f6nlichen Daten ist uns ein besonderes Anliegen. Wir verarbeiten Deine Daten daher ausschlie\u00dflich auf Grundlage der gesetzlichen Bestimmungen (DSGVO, TKG 2003). In diesen Datenschutzinformationen informieren wir Sie \u00fcber die wichtigsten Aspekte der Datenverarbeitung im Rahmen unserer Website. 1. Kontakt mit uns Wenn Du uns per E-Mail [&hellip;]<\/p>\n","protected":false},"author":1,"featured_media":0,"parent":0,"menu_order":0,"comment_status":"closed","ping_status":"closed","template":"elementor_header_footer","meta":{"footnotes":""},"class_list":["post-1341","page","type-page","status-publish","hentry"],"_links":{"self":[{"href":"https:\/\/www.laufhaus-hwb7.de\/de\/wp-json\/wp\/v2\/pages\/1341","targetHints":{"allow":["GET"]}}],"collection":[{"href":"https:\/\/www.laufhaus-hwb7.de\/de\/wp-json\/wp\/v2\/pages"}],"about":[{"href":"https:\/\/www.laufhaus-hwb7.de\/de\/wp-json\/wp\/v2\/types\/page"}],"author":[{"embeddable":true,"href":"https:\/\/www.laufhaus-hwb7.de\/de\/wp-json\/wp\/v2\/users\/1"}],"replies":[{"embeddable":true,"href":"https:\/\/www.laufhaus-hwb7.de\/de\/wp-json\/wp\/v2\/comments?post=1341"}],"version-history":[{"count":0,"href":"https:\/\/www.laufhaus-hwb7.de\/de\/wp-json\/wp\/v2\/pages\/1341\/revisions"}],"wp:attachment":[{"href":"https:\/\/www.laufhaus-hwb7.de\/de\/wp-json\/wp\/v2\/media?parent=1341"}],"curies":[{"name":"wp","href":"https:\/\/api.w.org\/{rel}","templated":true}]}}