{"id":1341,"date":"2025-07-14T11:25:30","date_gmt":"2025-07-14T11:25:30","guid":{"rendered":"https:\/\/hwb7.wdw.at\/?page_id=1341"},"modified":"2026-01-19T14:30:04","modified_gmt":"2026-01-19T13:30:04","slug":"data-protection","status":"publish","type":"page","link":"https:\/\/www.laufhaus-hwb7.de\/en\/datenschutz\/","title":{"rendered":"Data protection"},"content":{"rendered":"<div data-elementor-type=\"wp-page\" data-elementor-id=\"1341\" class=\"elementor elementor-1341\" data-elementor-post-type=\"page\">\n\t\t\t\t\t\t<section class=\"elementor-section elementor-top-section elementor-element elementor-element-280faf07 elementor-section-full_width elementor-section-height-min-height elementor-section-height-default elementor-section-items-middle\" data-id=\"280faf07\" data-element_type=\"section\" data-e-type=\"section\" data-settings=\"{&quot;background_background&quot;:&quot;classic&quot;}\">\n\t\t\t\t\t\t<div class=\"elementor-container elementor-column-gap-default\">\n\t\t\t\t\t<div class=\"elementor-column elementor-col-100 elementor-top-column elementor-element elementor-element-6fbba8db\" data-id=\"6fbba8db\" data-element_type=\"column\" data-e-type=\"column\">\n\t\t\t<div class=\"elementor-widget-wrap\">\n\t\t\t\t\t\t\t<\/div>\n\t\t<\/div>\n\t\t\t\t\t<\/div>\n\t\t<\/section>\n\t\t<div class=\"elementor-element elementor-element-71aa135 e-flex e-con-boxed e-con e-parent\" data-id=\"71aa135\" data-element_type=\"container\" data-e-type=\"container\">\n\t\t\t\t\t<div class=\"e-con-inner\">\n\t\t\t\t<div class=\"elementor-element elementor-element-cfd6283 elementor-widget elementor-widget-heading\" data-id=\"cfd6283\" data-element_type=\"widget\" data-e-type=\"widget\" data-widget_type=\"heading.default\">\n\t\t\t\t\t<h1 class=\"elementor-heading-title elementor-size-default\">Declaration on the duty to inform<\/h1>\t\t\t\t<\/div>\n\t\t\t\t<div class=\"elementor-element elementor-element-6a30445 elementor-widget elementor-widget-heading\" data-id=\"6a30445\" data-element_type=\"widget\" data-e-type=\"widget\" data-widget_type=\"heading.default\">\n\t\t\t\t\t<h2 class=\"elementor-heading-title elementor-size-default\">Privacy policy<\/h2>\t\t\t\t<\/div>\n\t\t\t\t\t<\/div>\n\t\t\t\t<\/div>\n\t\t<div class=\"elementor-element elementor-element-07ac051 e-flex e-con-boxed e-con e-parent\" data-id=\"07ac051\" data-element_type=\"container\" data-e-type=\"container\">\n\t\t\t\t\t<div class=\"e-con-inner\">\n\t\t\t\t<div class=\"elementor-element elementor-element-71c8f11 elementor-widget elementor-widget-text-editor\" data-id=\"71c8f11\" data-element_type=\"widget\" data-e-type=\"widget\" data-widget_type=\"text-editor.default\">\n\t\t\t\t\t\t\t\t\t<p>Status: 01.07.2025<\/p><p>The protection of your personal data is of particular concern to us. We therefore process your data exclusively on the basis of the statutory provisions (GDPR, TKG 2003). In this data protection information, we inform you about the most important aspects of data processing on our website.<\/p>\t\t\t\t\t\t\t\t<\/div>\n\t\t\t\t<div class=\"elementor-element elementor-element-a24dc8a elementor-widget elementor-widget-heading\" data-id=\"a24dc8a\" data-element_type=\"widget\" data-e-type=\"widget\" data-widget_type=\"heading.default\">\n\t\t\t\t\t<h3 class=\"elementor-heading-title elementor-size-default\">1. contact with us<\/h3>\t\t\t\t<\/div>\n\t\t\t\t<div class=\"elementor-element elementor-element-fcfe9bd elementor-widget elementor-widget-text-editor\" data-id=\"fcfe9bd\" data-element_type=\"widget\" data-e-type=\"widget\" data-widget_type=\"text-editor.default\">\n\t\t\t\t\t\t\t\t\t<p>If you contact us by e-mail, the data you provide will be stored by us for six months for the purpose of processing the inquiry and in the event of follow-up questions. We will not pass on this data without your consent.<\/p>\t\t\t\t\t\t\t\t<\/div>\n\t\t\t\t<div class=\"elementor-element elementor-element-d161f35 elementor-widget elementor-widget-heading\" data-id=\"d161f35\" data-element_type=\"widget\" data-e-type=\"widget\" data-widget_type=\"heading.default\">\n\t\t\t\t\t<h3 class=\"elementor-heading-title elementor-size-default\">2. cookies<\/h3>\t\t\t\t<\/div>\n\t\t\t\t<div class=\"elementor-element elementor-element-1eeb418 elementor-widget elementor-widget-text-editor\" data-id=\"1eeb418\" data-element_type=\"widget\" data-e-type=\"widget\" data-widget_type=\"text-editor.default\">\n\t\t\t\t\t\t\t\t\t<p><strong>2.1 Technical and functional cookies<\/strong><\/p><p>Our website and associated data processing store certain information directly in your web browser (e.g., via \u201ecookies\u201c) in order to ensure certain functionalities.<\/p><p>Such information can be set both directly from our website (\u201efirst-party entries\u201c) and through the services of processors (e.g., when sending emails or for web analysis). When you first visit our website, only technically necessary first-party entries are used.<\/p><p>Most web browsers offer functions for displaying and deleting entries that have already been set. You can also configure your browser so that no cookies are set. Please note, however, that this may impair certain functions of our website.<\/p><p>You can find out exactly which browser entries are used for which data processing operations in the individual data processing operations listed below.<\/p><p><strong>2.2 Use of cookies and other technologies for web analysis and advertising purposes<br \/><\/strong><\/p><p>If you have given your consent in accordance with Art. 6 (1) (a) GDPR, we use the following cookies and other third-party technologies on our website. Once the purpose has been fulfilled and we have stopped using the respective technology, the data collected in this context will be deleted. You can revoke your consent at any time with future effect. Further information on your options for revocation can be found in the section \u201eCookies and other technologies.\u201c Further information, including the basis of our cooperation with the individual providers, can be found under the individual technologies. If you have any questions about the providers and the basis of our cooperation with them, please contact us using the contact details provided in this privacy policy.<\/p><p><strong>Use of Google services<\/strong><\/p><p>We use the following technologies from Google Ireland Ltd., Gordon House, Barrow Street, Dublin 4, Ireland (\u201eGoogle\u201c). The information automatically collected by Google technologies about your use of our website is usually transferred to a server of Google LLC, 1600 Amphitheatre Parkway Mountain View, CA 94043, USA, and stored there. There is no adequacy decision by the European Commission for the USA. Our cooperation is based on standard data protection clauses of the European Commission. If your IP address is collected via Google technologies, it will be truncated before being stored on Google's servers by activating IP anonymization. Only in exceptional cases will the full IP address be transferred to a Google server and truncated there. Unless otherwise specified for the individual technologies, data processing is based on an agreement concluded for the respective technology between jointly responsible parties in accordance with Art. 26 GDPR. Further information about data processing by Google can be found in the <a href=\"https:\/\/policies.google.com\/privacy?hl=de\" target=\"_blank\" rel=\"noopener nofollow\">Google's privacy policy<\/a>.<\/p><p><strong>Google Analytics<\/strong><\/p><p>For the purpose of website analysis, Google Analytics automatically collects and stores data (IP address, time of visit, device and browser information, and information about your use of our website), from which usage profiles are created using pseudonyms. Cookies may be used for this purpose. Your IP address will not be merged with other Google data. Data processing is based on an agreement with Google regarding order processing.<\/p>\t\t\t\t\t\t\t\t<\/div>\n\t\t\t\t<div class=\"elementor-element elementor-element-6b6e157 elementor-widget elementor-widget-heading\" data-id=\"6b6e157\" data-element_type=\"widget\" data-e-type=\"widget\" data-widget_type=\"heading.default\">\n\t\t\t\t\t<h3 class=\"elementor-heading-title elementor-size-default\">3. hosting<\/h3>\t\t\t\t<\/div>\n\t\t\t\t<div class=\"elementor-element elementor-element-ee408fc elementor-widget elementor-widget-text-editor\" data-id=\"ee408fc\" data-element_type=\"widget\" data-e-type=\"widget\" data-widget_type=\"text-editor.default\">\n\t\t\t\t\t\t\t\t\t<p>We use an external web host to operate our website.<\/p><p><strong>Hosting provider<\/strong><br \/>We process personal connection data with the help of the following processors for the purpose of data and failure security for a maximum period of 7 days.<\/p><p>The legal basis for the processing is our legitimate interest pursuant to Art. 6 (1) (f) GDPR (technical security measures).<\/p><p><strong>Service:<\/strong> Web and mail hosting<br \/><strong>Operator:<\/strong> <a href=\"https:\/\/www.wdw.at\" target=\"_blank\" rel=\"noopener nofollow\">WDW WerbeDesign Wanger e.U.<\/a><br \/><strong>Privacy policy: <\/strong><a href=\"https:\/\/www.wdw.at\/datenschutz.htm\" target=\"_blank\" rel=\"noopener nofollow\">https:\/\/www.wdw.at\/datenschutz.htm<\/a><\/p><p><strong>Access data<\/strong><br \/>As part of hosting, we process the following personal user data in a server log file for a maximum period of 7 days for the purpose of monitoring the technical function and increasing the operational security of the web host on the legal basis of legitimate interest pursuant to Art. 6 para. 1 lit. f GDPR (technical security measures):<\/p><ul><li>Visited website\u00a0<\/li><li>Time at the time of access<\/li><li>Amount of data sent in bytes<\/li><li>Source\/reference from which you reached the page<\/li><li>Browser used<\/li><li>Operating system used\u00a0<\/li><li>IP address used<\/li><\/ul><p>The data collected is only used for statistical analysis and to improve the website. However, the website operator reserves the right to check the server log files retrospectively if there are concrete indications of unlawful use.<strong>. <\/strong><\/p>\t\t\t\t\t\t\t\t<\/div>\n\t\t\t\t<div class=\"elementor-element elementor-element-0a34c5c elementor-widget elementor-widget-heading\" data-id=\"0a34c5c\" data-element_type=\"widget\" data-e-type=\"widget\" data-widget_type=\"heading.default\">\n\t\t\t\t\t<h3 class=\"elementor-heading-title elementor-size-default\">4. map services<\/h3>\t\t\t\t<\/div>\n\t\t\t\t<div class=\"elementor-element elementor-element-a0cdb63 elementor-widget elementor-widget-text-editor\" data-id=\"a0cdb63\" data-element_type=\"widget\" data-e-type=\"widget\" data-widget_type=\"text-editor.default\">\n\t\t\t\t\t\t\t\t\t<p>On this website, we use the services of map service providers in the form of an iFrame embedding. This allows us to display interactive maps directly on the website and enables convenient use of the map functions.<\/p><p><strong>Google Maps<br \/><\/strong>As joint controllers with Google Ireland Limited, Gordon House, Barrow Street, Dublin 4, Ireland, we process connection data and browser data for the purpose of displaying an interactive map for the duration of the map display. In doing so, we enable Google Maps to place cookies on the user's PC and to calculate a user ID to uniquely identify the user as part of the advertising network operated by Google.<\/p><p>The legal basis for the processing is the consent given by you in accordance with \u00a7 96 para. 3 TKG ivm. in accordance with Art. 6 para. 1 lit. a GDPR.<\/p><p>Insofar as Google Maps carries out further independent processing of the data, in particular in the context of Google's advertising network, Google Maps is the sole controller. Details can be found in the <a href=\"https:\/\/www.laufhaus-hwb7.de\/datenschutz\/\" target=\"_blank\" rel=\"noopener\">Privacy policy<\/a> from Google Maps.<\/p>\t\t\t\t\t\t\t\t<\/div>\n\t\t\t\t<div class=\"elementor-element elementor-element-f0e8e4b elementor-widget elementor-widget-heading\" data-id=\"f0e8e4b\" data-element_type=\"widget\" data-e-type=\"widget\" data-widget_type=\"heading.default\">\n\t\t\t\t\t<h3 class=\"elementor-heading-title elementor-size-default\">5. your rights<\/h3>\t\t\t\t<\/div>\n\t\t\t\t<div class=\"elementor-element elementor-element-b10a635 elementor-widget elementor-widget-text-editor\" data-id=\"b10a635\" data-element_type=\"widget\" data-e-type=\"widget\" data-widget_type=\"text-editor.default\">\n\t\t\t\t\t\t\t\t\t<p>You are generally entitled to the rights regarding your data stored by us:<\/p><ul><li>Information<\/li><li>Correction<\/li><li>Deletion<\/li><li>Restriction<\/li><li>Data portability<\/li><li>Revocation and objection<\/li><\/ul><p>To do this, please contact us (<a href=\"mailto:hd.gmbh@gmx.de\">hd.gmbh@gmx.de\u00a0<\/a>).<\/p><p>If you believe that the processing of your data violates data protection law or that your data protection rights have been violated in any other way, you can lodge a complaint with the competent supervisory authority. In Germany, the Bavarian State Office for Data Protection Supervision (<a href=\"https:\/\/www.lda.bayern.de\/de\/kontakt.html\" target=\"_blank\" rel=\"noopener nofollow\">https:\/\/www.lda.bayern.de\/de\/kontakt.html<\/a>) responsible.<\/p>\t\t\t\t\t\t\t\t<\/div>\n\t\t\t\t<div class=\"elementor-element elementor-element-d3d4534 elementor-widget elementor-widget-heading\" data-id=\"d3d4534\" data-element_type=\"widget\" data-e-type=\"widget\" data-widget_type=\"heading.default\">\n\t\t\t\t\t<h3 class=\"elementor-heading-title elementor-size-default\">6 You can reach us using the following contact details:<\/h3>\t\t\t\t<\/div>\n\t\t\t\t<div class=\"elementor-element elementor-element-45ec2ad elementor-widget elementor-widget-text-editor\" data-id=\"45ec2ad\" data-element_type=\"widget\" data-e-type=\"widget\" data-widget_type=\"text-editor.default\">\n\t\t\t\t\t\t\t\t\t<p>HD GmbH | Helene-Wessel-Bogen 7 | 80939 Munich \/ Germany<br \/>T.:\u00a0<a href=\"tel:+4915175758184\">+49 151 757 581 84 <\/a>| E.: <a href=\"mailto:hd.gmbh@gmx.de\">hd.gmbh@gmx.de<\/a><\/p>\t\t\t\t\t\t\t\t<\/div>\n\t\t\t\t\t<\/div>\n\t\t\t\t<\/div>\n\t\t\t\t<\/div>","protected":false},"excerpt":{"rendered":"<p>Erkl\u00e4rung zur Informationspflicht Datenschutzerkl\u00e4rung Stand: 01.07.2025 Der Schutz Deiner pers\u00f6nlichen Daten ist uns ein besonderes Anliegen. Wir verarbeiten Deine Daten daher ausschlie\u00dflich auf Grundlage der gesetzlichen Bestimmungen (DSGVO, TKG 2003). In diesen Datenschutzinformationen informieren wir Sie \u00fcber die wichtigsten Aspekte der Datenverarbeitung im Rahmen unserer Website. 1. Kontakt mit uns Wenn Du uns per E-Mail [&hellip;]<\/p>\n","protected":false},"author":1,"featured_media":0,"parent":0,"menu_order":0,"comment_status":"closed","ping_status":"closed","template":"elementor_header_footer","meta":{"footnotes":""},"class_list":["post-1341","page","type-page","status-publish","hentry"],"_links":{"self":[{"href":"https:\/\/www.laufhaus-hwb7.de\/en\/wp-json\/wp\/v2\/pages\/1341","targetHints":{"allow":["GET"]}}],"collection":[{"href":"https:\/\/www.laufhaus-hwb7.de\/en\/wp-json\/wp\/v2\/pages"}],"about":[{"href":"https:\/\/www.laufhaus-hwb7.de\/en\/wp-json\/wp\/v2\/types\/page"}],"author":[{"embeddable":true,"href":"https:\/\/www.laufhaus-hwb7.de\/en\/wp-json\/wp\/v2\/users\/1"}],"replies":[{"embeddable":true,"href":"https:\/\/www.laufhaus-hwb7.de\/en\/wp-json\/wp\/v2\/comments?post=1341"}],"version-history":[{"count":0,"href":"https:\/\/www.laufhaus-hwb7.de\/en\/wp-json\/wp\/v2\/pages\/1341\/revisions"}],"wp:attachment":[{"href":"https:\/\/www.laufhaus-hwb7.de\/en\/wp-json\/wp\/v2\/media?parent=1341"}],"curies":[{"name":"wp","href":"https:\/\/api.w.org\/{rel}","templated":true}]}}