{"id":28,"date":"2025-06-18T07:37:22","date_gmt":"2025-06-18T07:37:22","guid":{"rendered":"https:\/\/hwb7.wdw.at\/?page_id=28"},"modified":"2026-03-12T14:55:19","modified_gmt":"2026-03-12T13:55:19","slug":"girls-2","status":"publish","type":"page","link":"https:\/\/www.laufhaus-hwb7.de\/en\/","title":{"rendered":"Home page"},"content":{"rendered":"<div data-elementor-type=\"wp-page\" data-elementor-id=\"28\" class=\"elementor elementor-28\" data-elementor-post-type=\"page\">\n\t\t\t\t<div class=\"elementor-element elementor-element-ec5aef9 e-con-full elementor-hidden-mobile_extra elementor-hidden-mobile e-flex e-con e-parent\" data-id=\"ec5aef9\" data-element_type=\"container\" data-e-type=\"container\" data-settings=\"{&quot;position&quot;:&quot;absolute&quot;}\">\n\t\t\t\t<div class=\"elementor-element elementor-element-55b780d elementor-widget elementor-widget-image\" data-id=\"55b780d\" data-element_type=\"widget\" data-e-type=\"widget\" data-widget_type=\"image.default\">\n\t\t\t\t\t\t\t\t\t\t\t\t\t\t\t<img fetchpriority=\"high\" decoding=\"async\" width=\"800\" height=\"800\" src=\"https:\/\/www.laufhaus-hwb7.de\/wp-content\/uploads\/2025\/08\/24-7-1024x1024.png\" class=\"attachment-large size-large wp-image-1805\" alt=\"Brothel Munich Open 24\/7\" srcset=\"https:\/\/www.laufhaus-hwb7.de\/wp-content\/uploads\/2025\/08\/24-7-1024x1024.png 1024w, https:\/\/www.laufhaus-hwb7.de\/wp-content\/uploads\/2025\/08\/24-7-300x300.png 300w, https:\/\/www.laufhaus-hwb7.de\/wp-content\/uploads\/2025\/08\/24-7-150x150.png 150w, https:\/\/www.laufhaus-hwb7.de\/wp-content\/uploads\/2025\/08\/24-7-768x768.png 768w, https:\/\/www.laufhaus-hwb7.de\/wp-content\/uploads\/2025\/08\/24-7-1536x1536.png 1536w, https:\/\/www.laufhaus-hwb7.de\/wp-content\/uploads\/2025\/08\/24-7.webp 1560w\" sizes=\"(max-width: 800px) 100vw, 800px\" title=\"\">\t\t\t\t\t\t\t\t\t\t\t\t\t\t\t<\/div>\n\t\t\t\t<\/div>\n\t\t<div class=\"elementor-element elementor-element-3f517ac e-con-full e-flex e-con e-parent\" data-id=\"3f517ac\" data-element_type=\"container\" data-e-type=\"container\">\n\t\t\t\t<div class=\"elementor-element elementor-element-d95e9d0 elementor-widget__width-inherit elementor-widget elementor-widget-html\" data-id=\"d95e9d0\" data-element_type=\"widget\" data-e-type=\"widget\" data-widget_type=\"html.default\">\n\t\t\t\t\t<video id=\"HeaderVideo\" class=\"banner-bg-video\" autoplay=\"\" muted=\"\" playsinline=\"\" data-origwidth=\"0\" data-origheight=\"0\" loop=\"\" aria-label=\"Banner video of a woman. This video has no spoken text and no sound.\">\n    <source src=\"https:\/\/player.vimeo.com\/progressive_redirect\/playback\/1097500183\/rendition\/1080p\/file.mp4%20%281080p%29.mp4?loc=external&log_user=0&signature=ba1dc547dcb441fb49d8044af260a5e0b1cbf9eb7d4779fc2c1425f018e0505e\" type=\"video\/mp4\" media=\"all and (min-width:992px)\">\n    <source src=\"https:\/\/player.vimeo.com\/progressive_redirect\/playback\/1097500183\/rendition\/720p\/file.mp4%20%28720p%29.mp4?loc=external&log_user=0&signature=c8a6efa227f600148dc61c97308309a045333a1aac0f78d81666b7086b715309\" type=\"video\/mp4\" media=\"all and (max-width:992px)\">\n    <source src=\"https:\/\/player.vimeo.com\/progressive_redirect\/playback\/1097500183\/rendition\/540p\/file.mp4%20%28540p%29.mp4?loc=external&log_user=0&signature=5d7b4e5eac6f6592e827fcef55445df898ff54f325a1f5858cfa765fd20cc693\" type=\"video\/mp4\" media=\"all and (max-width:768px)\">\n    <track kind=\"descriptions\" srclang=\"de\" label=\"Deutsch\">\n    <track kind=\"captions\" srclang=\"de\" label=\"Deutsch\">\n<\/video>\n\t\t\t\t<\/div>\n\t\t\t\t<div class=\"elementor-element elementor-element-c1a0c53 elementor-widget__width-inherit elementor-absolute elementor-widget elementor-widget-heading\" data-id=\"c1a0c53\" data-element_type=\"widget\" data-e-type=\"widget\" data-settings=\"{&quot;_position&quot;:&quot;absolute&quot;}\" data-widget_type=\"heading.default\">\n\t\t\t\t\t<h1 class=\"elementor-heading-title elementor-size-default\">Laufhaus Munich HWB7<\/h1>\t\t\t\t<\/div>\n\t\t\t\t<div class=\"elementor-element elementor-element-7ba36ef elementor-widget__width-inherit elementor-absolute elementor-widget elementor-widget-heading\" data-id=\"7ba36ef\" data-element_type=\"widget\" data-e-type=\"widget\" data-settings=\"{&quot;_position&quot;:&quot;absolute&quot;}\" data-widget_type=\"heading.default\">\n\t\t\t\t\t<h2 class=\"elementor-heading-title elementor-size-default\">Munich's largest and most modern Laufhaus<\/h2>\t\t\t\t<\/div>\n\t\t\t\t<\/div>\n\t\t<div class=\"elementor-element elementor-element-40fcbf9 e-flex e-con-boxed e-con e-parent\" data-id=\"40fcbf9\" data-element_type=\"container\" data-e-type=\"container\">\n\t\t\t\t\t<div class=\"e-con-inner\">\n\t\t\t\t<div class=\"elementor-element elementor-element-3245cf16 elementor-widget elementor-widget-heading\" data-id=\"3245cf16\" data-element_type=\"widget\" data-e-type=\"widget\" data-widget_type=\"heading.default\">\n\t\t\t\t\t<h3 class=\"elementor-heading-title elementor-size-default\">Hello and welcome to Munich's largest and most modern Laufhaus!<\/h3>\t\t\t\t<\/div>\n\t\t\t\t<div class=\"elementor-element elementor-element-5e0780e elementor-widget elementor-widget-text-editor\" data-id=\"5e0780e\" data-element_type=\"widget\" data-e-type=\"widget\" data-widget_type=\"text-editor.default\">\n\t\t\t\t\t\t\t\t\t<p data-start=\"132\" data-end=\"464\">The \u201eHelene-Wessel-Bogen 7\u201c stands for <strong>Brothel Munich<\/strong> has stood for the highest level of discretion, professionalism and relaxed hours in a stylish, international atmosphere for decades. Our guests particularly appreciate the quiet surroundings, the refined ambience and the pleasant restraint that characterize this hotel.<\/p><p data-start=\"466\" data-end=\"771\">A total of 56 exclusively furnished individual apartments await you on five floors, leaving nothing to be desired. Each apartment is modern and tastefully furnished and naturally has its own shower and WC, so that privacy and comfort are guaranteed at all times.<\/p><p data-start=\"773\" data-end=\"1020\">For an uncomplicated arrival and departure there are <strong data-start=\"820\" data-end=\"845\">free parking spaces<\/strong> available. The discreet entrance at the rear of the building cannot be seen from the street and ensures maximum privacy as soon as you enter the building.<\/p><p data-start=\"1022\" data-end=\"1279\">All ladies work independently and are tenants in the Munich brothel. Prices, offers and services are determined individually by the ladies so that you can rely on personal agreements and a fair, transparent offer.<\/p><p data-start=\"1281\" data-end=\"1619\">Visit us and spend a pleasant, relaxed time at the exclusive Puff M\u00fcnchen. The central location with direct proximity to Leopoldstra\u00dfe and the A9 and A99 highways makes us particularly easy to reach. We recommend Ingolst\u00e4dter Stra\u00dfe, Frankfurter Ring or Heidemannstra\u00dfe for orientation.<\/p><p data-start=\"1621\" data-end=\"1671\" data-is-last-node=\"\" data-is-only-node=\"\">See you soon. We look forward to your visit.<\/p>\t\t\t\t\t\t\t\t<\/div>\n\t\t\t\t\t<\/div>\n\t\t\t\t<\/div>\n\t\t<div class=\"elementor-element elementor-element-39d39bd3 e-flex e-con-boxed e-con e-parent\" data-id=\"39d39bd3\" data-element_type=\"container\" data-e-type=\"container\" data-settings=\"{&quot;background_background&quot;:&quot;classic&quot;}\">\n\t\t\t\t\t<div class=\"e-con-inner\">\n\t\t<div class=\"elementor-element elementor-element-2e8579ac e-con-full e-flex e-con e-child\" data-id=\"2e8579ac\" data-element_type=\"container\" data-e-type=\"container\">\n\t\t\t\t<div class=\"elementor-element elementor-element-1a863019 elementor-widget__width-initial elementor-widget-mobile__width-inherit elementor-widget elementor-widget-text-editor\" data-id=\"1a863019\" data-element_type=\"widget\" data-e-type=\"widget\" data-widget_type=\"text-editor.default\">\n\t\t\t\t\t\t\t\t\t<p><strong>Opening hours Laufhaus:<br \/><\/strong>daily 24 h<\/p><p><strong>Opening hours Gentlemen's Bar:<\/strong><br \/>Sonntag &#8211; Mittwoch: 18:00 &#8211; 03:00 Uhr<br \/>Donnerstag &#8211; Samstag &amp; Feiertage: 18:00 &#8211; 06:00 Uhr<\/p>\t\t\t\t\t\t\t\t<\/div>\n\t\t\t\t<\/div>\n\t\t\t\t<div class=\"elementor-element elementor-element-739166e9 elementor-widget__width-initial elementor-widget elementor-widget-gallery\" data-id=\"739166e9\" data-element_type=\"widget\" data-e-type=\"widget\" data-settings=\"{&quot;gallery_layout&quot;:&quot;masonry&quot;,&quot;columns&quot;:&quot;2&quot;,&quot;gap&quot;:{&quot;unit&quot;:&quot;px&quot;,&quot;size&quot;:11,&quot;sizes&quot;:[]},&quot;gap_mobile_extra&quot;:{&quot;unit&quot;:&quot;px&quot;,&quot;size&quot;:6,&quot;sizes&quot;:[]},&quot;columns_tablet&quot;:2,&quot;columns_mobile&quot;:1,&quot;gap_tablet_extra&quot;:{&quot;unit&quot;:&quot;px&quot;,&quot;size&quot;:10,&quot;sizes&quot;:[]},&quot;gap_tablet&quot;:{&quot;unit&quot;:&quot;px&quot;,&quot;size&quot;:10,&quot;sizes&quot;:[]},&quot;gap_mobile&quot;:{&quot;unit&quot;:&quot;px&quot;,&quot;size&quot;:10,&quot;sizes&quot;:[]},&quot;overlay_background&quot;:&quot;yes&quot;,&quot;content_hover_animation&quot;:&quot;fade-in&quot;}\" data-widget_type=\"gallery.default\">\n\t\t\t\t\t\t\t<div class=\"elementor-gallery__container\">\n\t\t\t\t\t\t\t<div class=\"e-gallery-item elementor-gallery-item elementor-animated-content\">\n\t\t\t\t\t<div class=\"e-gallery-image elementor-gallery-item__image\" data-thumbnail=\"https:\/\/www.laufhaus-hwb7.de\/wp-content\/uploads\/2025\/09\/97e4c012-6a4b-43f9-80e9-05fb61f93aef.jpg\" data-width=\"875\" data-height=\"1508\" aria-label=\"Brothel Munich\" role=\"img\" ><\/div>\n\t\t\t\t\t\t\t\t\t\t\t<div class=\"elementor-gallery-item__overlay\"><\/div>\n\t\t\t\t\t\t\t\t\t\t\t\t\t\t<\/div>\n\t\t\t\t\t\t\t<div class=\"e-gallery-item elementor-gallery-item elementor-animated-content\">\n\t\t\t\t\t<div class=\"e-gallery-image elementor-gallery-item__image\" data-thumbnail=\"https:\/\/www.laufhaus-hwb7.de\/wp-content\/uploads\/2025\/09\/girlsgirls-2048x1366.jpg\" data-width=\"2048\" data-height=\"1366\" aria-label=\"Brothel Munich\" role=\"img\" ><\/div>\n\t\t\t\t\t\t\t\t\t\t\t<div class=\"elementor-gallery-item__overlay\"><\/div>\n\t\t\t\t\t\t\t\t\t\t\t\t\t\t<\/div>\n\t\t\t\t\t\t\t<div class=\"e-gallery-item elementor-gallery-item elementor-animated-content\">\n\t\t\t\t\t<div class=\"e-gallery-image elementor-gallery-item__image\" data-thumbnail=\"https:\/\/www.laufhaus-hwb7.de\/wp-content\/uploads\/2025\/06\/ambiente1.jpg\" data-width=\"546\" data-height=\"561\" aria-label=\"Laufhaus M\u00fcnchen\" role=\"img\" ><\/div>\n\t\t\t\t\t\t\t\t\t\t\t<div class=\"elementor-gallery-item__overlay\"><\/div>\n\t\t\t\t\t\t\t\t\t\t\t\t\t\t<\/div>\n\t\t\t\t\t<\/div>\n\t\t\t\t\t<\/div>\n\t\t\t\t\t<\/div>\n\t\t\t\t<\/div>\n\t\t<div class=\"elementor-element elementor-element-1c36637a e-con-full e-flex e-con e-parent\" data-id=\"1c36637a\" data-element_type=\"container\" data-e-type=\"container\" data-settings=\"{&quot;background_background&quot;:&quot;classic&quot;}\">\n\t\t\t\t<div class=\"elementor-element elementor-element-4ade796 elementor-widget elementor-widget-heading\" data-id=\"4ade796\" data-element_type=\"widget\" data-e-type=\"widget\" data-widget_type=\"heading.default\">\n\t\t\t\t\t<h2 class=\"elementor-heading-title elementor-size-default\">Overview of the current <br> Tenants <\/h2>\t\t\t\t<\/div>\n\t\t\t\t<div class=\"elementor-element elementor-element-68f72e02 elementor-align-center elementor-button-info elementor-widget elementor-widget-button\" data-id=\"68f72e02\" data-element_type=\"widget\" data-e-type=\"widget\" data-widget_type=\"button.default\">\n\t\t\t\t\t\t\t\t\t\t<a class=\"elementor-button elementor-button-link elementor-size-sm elementor-animation-grow\" href=\"\/girls\/\">\n\t\t\t\t\t\t<span class=\"elementor-button-content-wrapper\">\n\t\t\t\t\t\t<span class=\"elementor-button-icon\">\n\t\t\t\t<svg aria-hidden=\"true\" class=\"e-font-icon-svg e-fas-long-arrow-alt-right\" viewbox=\"0 0 448 512\" xmlns=\"http:\/\/www.w3.org\/2000\/svg\"><path d=\"M313.941 216H12c-6.627 0-12 5.373-12 12v56c0 6.627 5.373 12 12 12h301.941v46.059c0 21.382 25.851 32.09 40.971 16.971l86.059-86.059c9.373-9.373 9.373-24.569 0-33.941l-86.059-86.059c-15.119-15.119-40.971-4.411-40.971 16.971V216z\"><\/path><\/svg>\t\t\t<\/span>\n\t\t\t\t\t\t\t\t\t<span class=\"elementor-button-text\">To the girls<\/span>\n\t\t\t\t\t<\/span>\n\t\t\t\t\t<\/a>\n\t\t\t\t\t\t\t\t<\/div>\n\t\t\t\t<\/div>\n\t\t<div class=\"elementor-element elementor-element-b82b6ac e-flex e-con-boxed e-con e-parent\" data-id=\"b82b6ac\" data-element_type=\"container\" data-e-type=\"container\">\n\t\t\t\t\t<div class=\"e-con-inner\">\n\t\t\t\t<div class=\"elementor-element elementor-element-98de5bd elementor-widget__width-inherit elementor-widget elementor-widget-google_maps\" data-id=\"98de5bd\" data-element_type=\"widget\" data-e-type=\"widget\" data-widget_type=\"google_maps.default\">\n\t\t\t\t\t\t\t<div class=\"elementor-custom-embed\">\n\t\t\t <div class=\"brlbs-cmpnt-container brlbs-cmpnt-content-blocker brlbs-cmpnt-with-individual-styles\" data-borlabs-cookie-content-blocker-id=\"google-maps\" data-borlabs-cookie-content=\"PGlmcmFtZSBsb2FkaW5nPSJsYXp5IgoJCQkJCXNyYz0iaHR0cHM6Ly9tYXBzLmdvb2dsZS5jb20vbWFwcz9xPUhlbGVuZS1XZXNzZWwtQm9nZW4lMjA3JTJDJTIwODA5MzklMjBFdXJvLUluZHVzdHJpZXBhcmslMkMlMjBNJUMzJUJDbmNoZW4mIzAzODt0PW0mIzAzODt6PTEzJiMwMzg7b3V0cHV0PWVtYmVkJiMwMzg7aXdsb2M9bmVhciIKCQkJCQl0aXRsZT0iSGVsZW5lLVdlc3NlbC1Cb2dlbiA3LCA4MDkzOSBFdXJvLUluZHVzdHJpZXBhcmssIE3DvG5jaGVuIgoJCQkJCWFyaWEtbGFiZWw9IkhlbGVuZS1XZXNzZWwtQm9nZW4gNywgODA5MzkgRXVyby1JbmR1c3RyaWVwYXJrLCBNw7xuY2hlbiIKCQkJPjwvaWZyYW1lPg==\"><div class=\"brlbs-cmpnt-cb-preset-b brlbs-cmpnt-cb-google-maps\"> <div class=\"brlbs-cmpnt-cb-thumbnail\" style=\"background-image: url('https:\/\/www.laufhaus-hwb7.de\/wp-content\/uploads\/borlabs-cookie\/1\/brlbs-cb-google-maps-main.png')\"><\/div> <div class=\"brlbs-cmpnt-cb-main\"> <div class=\"brlbs-cmpnt-cb-content\"> <p class=\"brlbs-cmpnt-cb-description\">You are currently seeing a placeholder content of <strong>Google Maps<\/strong>. To access the actual content, click on the button below. Please note that data will be passed on to third-party providers.<\/p> <a class=\"brlbs-cmpnt-cb-provider-toggle\" href=\"#\" data-borlabs-cookie-show-provider-information role=\"button\">More information<\/a> <\/div> <div class=\"brlbs-cmpnt-cb-buttons\"> <a class=\"brlbs-cmpnt-cb-btn\" href=\"#\" data-borlabs-cookie-unblock role=\"button\">Unlock content<\/a> <a class=\"brlbs-cmpnt-cb-btn\" href=\"#\" data-borlabs-cookie-accept-service role=\"button\" style=\"display: inherit\">Accept required service and unblock content<\/a> <\/div> <\/div> <\/div><\/div>\n\t\t<\/div>\n\t\t\t\t\t\t<\/div>\n\t\t\t\t\t<\/div>\n\t\t\t\t<\/div>\n\t\t<div class=\"elementor-element elementor-element-dd0d4be e-flex e-con-boxed e-con e-parent\" data-id=\"dd0d4be\" data-element_type=\"container\" data-e-type=\"container\">\n\t\t\t\t\t<div class=\"e-con-inner\">\n\t\t\t\t<div class=\"elementor-element elementor-element-f938783 elementor-widget elementor-widget-html\" data-id=\"f938783\" data-element_type=\"widget\" data-e-type=\"widget\" data-no-translation=\"\" data-widget_type=\"html.default\">\n\t\t\t\t\t<style>.elementor-element-f938783{display:none !important}<\/style>\t\t\t\t<\/div>\n\t\t\t\t\t<\/div>\n\t\t\t\t<\/div>\n\t\t\t\t<\/div>","protected":false},"excerpt":{"rendered":"<p>Laufhaus M\u00fcnchen HWB7 M\u00fcnchens gr\u00f6\u00dftes und modernstes Laufhaus Servus und herzlich willkommen im gr\u00f6\u00dften und modernsten Laufhaus M\u00fcnchens! Der &#8222;Helene-Wessel-Bogen 7&#8220; steht in Sachen Bordell M\u00fcnchen bereits seit Jahrzehnten f\u00fcr h\u00f6chste Diskretion, Professionalit\u00e4t und entspannte Stunden in einer stilvollen, internationalen Atmosph\u00e4re. Unsere G\u00e4ste sch\u00e4tzen vor allem die ruhige Umgebung, das gepflegte Ambiente und die angenehme [&hellip;]<\/p>\n","protected":false},"author":1,"featured_media":0,"parent":0,"menu_order":0,"comment_status":"closed","ping_status":"closed","template":"elementor_header_footer","meta":{"footnotes":""},"class_list":["post-28","page","type-page","status-publish","hentry"],"_links":{"self":[{"href":"https:\/\/www.laufhaus-hwb7.de\/en\/wp-json\/wp\/v2\/pages\/28","targetHints":{"allow":["GET"]}}],"collection":[{"href":"https:\/\/www.laufhaus-hwb7.de\/en\/wp-json\/wp\/v2\/pages"}],"about":[{"href":"https:\/\/www.laufhaus-hwb7.de\/en\/wp-json\/wp\/v2\/types\/page"}],"author":[{"embeddable":true,"href":"https:\/\/www.laufhaus-hwb7.de\/en\/wp-json\/wp\/v2\/users\/1"}],"replies":[{"embeddable":true,"href":"https:\/\/www.laufhaus-hwb7.de\/en\/wp-json\/wp\/v2\/comments?post=28"}],"version-history":[{"count":0,"href":"https:\/\/www.laufhaus-hwb7.de\/en\/wp-json\/wp\/v2\/pages\/28\/revisions"}],"wp:attachment":[{"href":"https:\/\/www.laufhaus-hwb7.de\/en\/wp-json\/wp\/v2\/media?parent=28"}],"curies":[{"name":"wp","href":"https:\/\/api.w.org\/{rel}","templated":true}]}}