{"id":37,"date":"2025-06-18T07:40:01","date_gmt":"2025-06-18T07:40:01","guid":{"rendered":"https:\/\/hwb7.wdw.at\/?page_id=37"},"modified":"2026-03-12T14:27:46","modified_gmt":"2026-03-12T13:27:46","slug":"a-z","status":"publish","type":"page","link":"https:\/\/www.laufhaus-hwb7.de\/en\/a-z\/","title":{"rendered":"A-Z"},"content":{"rendered":"<div data-elementor-type=\"wp-page\" data-elementor-id=\"37\" class=\"elementor elementor-37\" data-elementor-post-type=\"page\">\n\t\t\t\t\t\t<section class=\"elementor-section elementor-top-section elementor-element elementor-element-7547087 elementor-section-full_width elementor-section-height-min-height elementor-section-height-default elementor-section-items-middle\" data-id=\"7547087\" data-element_type=\"section\" data-e-type=\"section\" data-settings=\"{&quot;background_background&quot;:&quot;classic&quot;}\">\n\t\t\t\t\t\t<div class=\"elementor-container elementor-column-gap-default\">\n\t\t\t\t\t<div class=\"elementor-column elementor-col-100 elementor-top-column elementor-element elementor-element-ae3ad5e\" data-id=\"ae3ad5e\" data-element_type=\"column\" data-e-type=\"column\">\n\t\t\t<div class=\"elementor-widget-wrap\">\n\t\t\t\t\t\t\t<\/div>\n\t\t<\/div>\n\t\t\t\t\t<\/div>\n\t\t<\/section>\n\t\t<div class=\"elementor-element elementor-element-cc4ec2d e-flex e-con-boxed e-con e-parent\" data-id=\"cc4ec2d\" data-element_type=\"container\" data-e-type=\"container\">\n\t\t\t\t\t<div class=\"e-con-inner\">\n\t\t\t\t<div class=\"elementor-element elementor-element-5b48854 elementor-widget elementor-widget-heading\" data-id=\"5b48854\" data-element_type=\"widget\" data-e-type=\"widget\" data-widget_type=\"heading.default\">\n\t\t\t\t\t<h1 class=\"elementor-heading-title elementor-size-default\">Laufhaus HWB 7 Munich<\/h1>\t\t\t\t<\/div>\n\t\t\t\t<div class=\"elementor-element elementor-element-5207d8d elementor-widget elementor-widget-heading\" data-id=\"5207d8d\" data-element_type=\"widget\" data-e-type=\"widget\" data-widget_type=\"heading.default\">\n\t\t\t\t\t<h2 class=\"elementor-heading-title elementor-size-default\">Information from A to Z<\/h2>\t\t\t\t<\/div>\n\t\t\t\t\t<\/div>\n\t\t\t\t<\/div>\n\t\t<div class=\"elementor-element elementor-element-cf85888 e-flex e-con-boxed e-con e-parent\" data-id=\"cf85888\" data-element_type=\"container\" data-e-type=\"container\">\n\t\t\t\t\t<div class=\"e-con-inner\">\n\t\t\t\t<div class=\"elementor-element elementor-element-2303251 elementor-widget elementor-widget-heading\" data-id=\"2303251\" data-element_type=\"widget\" data-e-type=\"widget\" data-widget_type=\"heading.default\">\n\t\t\t\t\t<h3 class=\"elementor-heading-title elementor-size-default\">Address<\/h3>\t\t\t\t<\/div>\n\t\t\t\t<div class=\"elementor-element elementor-element-4664df0 elementor-widget elementor-widget-text-editor\" data-id=\"4664df0\" data-element_type=\"widget\" data-e-type=\"widget\" data-widget_type=\"text-editor.default\">\n\t\t\t\t\t\t\t\t\t<p>Helene-Wessel-Bogen 7, 80939 Munich.<\/p>\t\t\t\t\t\t\t\t<\/div>\n\t\t\t\t\t<\/div>\n\t\t\t\t<\/div>\n\t\t<div class=\"elementor-element elementor-element-10fba94 e-flex e-con-boxed e-con e-parent\" data-id=\"10fba94\" data-element_type=\"container\" data-e-type=\"container\">\n\t\t\t\t\t<div class=\"e-con-inner\">\n\t\t\t\t<div class=\"elementor-element elementor-element-9ac7afe elementor-widget elementor-widget-heading\" data-id=\"9ac7afe\" data-element_type=\"widget\" data-e-type=\"widget\" data-widget_type=\"heading.default\">\n\t\t\t\t\t<h3 class=\"elementor-heading-title elementor-size-default\">Approach<\/h3>\t\t\t\t<\/div>\n\t\t\t\t<div class=\"elementor-element elementor-element-350c420 elementor-widget elementor-widget-text-editor\" data-id=\"350c420\" data-element_type=\"widget\" data-e-type=\"widget\" data-widget_type=\"text-editor.default\">\n\t\t\t\t\t\t\t\t\t<p>All roads lead to us:<\/p><p>You can easily reach us via the nearby A9 and A99 highways. It is best to use Ingolst\u00e4dter Stra\u00dfe, Frankfurter Ring or Heidemannstra\u00dfe for orientation.<\/p>\t\t\t\t\t\t\t\t<\/div>\n\t\t\t\t\t<\/div>\n\t\t\t\t<\/div>\n\t\t<div class=\"elementor-element elementor-element-06dd650 e-flex e-con-boxed e-con e-parent\" data-id=\"06dd650\" data-element_type=\"container\" data-e-type=\"container\">\n\t\t\t\t\t<div class=\"e-con-inner\">\n\t\t\t\t<div class=\"elementor-element elementor-element-795a428 elementor-widget elementor-widget-heading\" data-id=\"795a428\" data-element_type=\"widget\" data-e-type=\"widget\" data-widget_type=\"heading.default\">\n\t\t\t\t\t<h3 class=\"elementor-heading-title elementor-size-default\">ATM \/ Cash machine<\/h3>\t\t\t\t<\/div>\n\t\t\t\t<div class=\"elementor-element elementor-element-f28e694 elementor-widget elementor-widget-text-editor\" data-id=\"f28e694\" data-element_type=\"widget\" data-e-type=\"widget\" data-widget_type=\"text-editor.default\">\n\t\t\t\t\t\t\t\t\t<p>Two ATMs are available directly on site:<\/p><ul><li>At the entrance to the Gentlemen's Bar<\/li><li>In the parking lot, by the main entrance<br \/><br \/><\/li><\/ul>\t\t\t\t\t\t\t\t<\/div>\n\t\t\t\t\t<\/div>\n\t\t\t\t<\/div>\n\t\t<div class=\"elementor-element elementor-element-ab8825a e-flex e-con-boxed e-con e-parent\" data-id=\"ab8825a\" data-element_type=\"container\" data-e-type=\"container\">\n\t\t\t\t\t<div class=\"e-con-inner\">\n\t\t\t\t<div class=\"elementor-element elementor-element-bf5a9c7 elementor-widget elementor-widget-heading\" data-id=\"bf5a9c7\" data-element_type=\"widget\" data-e-type=\"widget\" data-widget_type=\"heading.default\">\n\t\t\t\t\t<h3 class=\"elementor-heading-title elementor-size-default\">Accessibility<\/h3>\t\t\t\t<\/div>\n\t\t\t\t<div class=\"elementor-element elementor-element-b9f70c7 elementor-widget elementor-widget-text-editor\" data-id=\"b9f70c7\" data-element_type=\"widget\" data-e-type=\"widget\" data-widget_type=\"text-editor.default\">\n\t\t\t\t\t\t\t\t\t<p>An elevator is available for a barrier-free visit. All floors are easily accessible without steps.<\/p>\t\t\t\t\t\t\t\t<\/div>\n\t\t\t\t\t<\/div>\n\t\t\t\t<\/div>\n\t\t<div class=\"elementor-element elementor-element-8a44e0d e-flex e-con-boxed e-con e-parent\" data-id=\"8a44e0d\" data-element_type=\"container\" data-e-type=\"container\">\n\t\t\t\t\t<div class=\"e-con-inner\">\n\t\t\t\t<div class=\"elementor-element elementor-element-fd6e0bd elementor-widget elementor-widget-heading\" data-id=\"fd6e0bd\" data-element_type=\"widget\" data-e-type=\"widget\" data-widget_type=\"heading.default\">\n\t\t\t\t\t<h3 class=\"elementor-heading-title elementor-size-default\">Entrance<\/h3>\t\t\t\t<\/div>\n\t\t\t\t<div class=\"elementor-element elementor-element-040f6ed elementor-widget elementor-widget-text-editor\" data-id=\"040f6ed\" data-element_type=\"widget\" data-e-type=\"widget\" data-widget_type=\"text-editor.default\">\n\t\t\t\t\t\t\t\t\t<p>Maximum discretion!<\/p><p>You enter the Laufhaus discreetly via the rear entrance.<\/p><p>It cannot be seen from the street and guarantees you maximum anonymity when entering and leaving the building.<\/p>\t\t\t\t\t\t\t\t<\/div>\n\t\t\t\t\t<\/div>\n\t\t\t\t<\/div>\n\t\t<div class=\"elementor-element elementor-element-0081bae e-flex e-con-boxed e-con e-parent\" data-id=\"0081bae\" data-element_type=\"container\" data-e-type=\"container\">\n\t\t\t\t\t<div class=\"e-con-inner\">\n\t\t\t\t<div class=\"elementor-element elementor-element-a3246f5 elementor-widget elementor-widget-heading\" data-id=\"a3246f5\" data-element_type=\"widget\" data-e-type=\"widget\" data-widget_type=\"heading.default\">\n\t\t\t\t\t<h3 class=\"elementor-heading-title elementor-size-default\">Admission<\/h3>\t\t\t\t<\/div>\n\t\t\t\t<div class=\"elementor-element elementor-element-3551c3c elementor-widget elementor-widget-text-editor\" data-id=\"3551c3c\" data-element_type=\"widget\" data-e-type=\"widget\" data-widget_type=\"text-editor.default\">\n\t\t\t\t\t\t\t\t\t<p class=\" translation-block\">Admission is of course <strong>free of charge<\/strong><\/p>\t\t\t\t\t\t\t\t<\/div>\n\t\t\t\t\t<\/div>\n\t\t\t\t<\/div>\n\t\t<div class=\"elementor-element elementor-element-8d4eb7f e-flex e-con-boxed e-con e-parent\" data-id=\"8d4eb7f\" data-element_type=\"container\" data-e-type=\"container\">\n\t\t\t\t\t<div class=\"e-con-inner\">\n\t\t\t\t<div class=\"elementor-element elementor-element-a028bfa elementor-widget elementor-widget-heading\" data-id=\"a028bfa\" data-element_type=\"widget\" data-e-type=\"widget\" data-widget_type=\"heading.default\">\n\t\t\t\t\t<h3 class=\"elementor-heading-title elementor-size-default\">Location<\/h3>\t\t\t\t<\/div>\n\t\t\t\t<div class=\"elementor-element elementor-element-15dd246 elementor-widget elementor-widget-text-editor\" data-id=\"15dd246\" data-element_type=\"widget\" data-e-type=\"widget\" data-widget_type=\"text-editor.default\">\n\t\t\t\t\t\t\t\t\t<p>Best location<\/p><p>Our Laufhaus is discreetly yet centrally located - in a quiet side street in the Euro-Industrie-Park in the north of Munich.<\/p>\t\t\t\t\t\t\t\t<\/div>\n\t\t\t\t\t<\/div>\n\t\t\t\t<\/div>\n\t\t<div class=\"elementor-element elementor-element-051b27a e-flex e-con-boxed e-con e-parent\" data-id=\"051b27a\" data-element_type=\"container\" data-e-type=\"container\">\n\t\t\t\t\t<div class=\"e-con-inner\">\n\t\t\t\t<div class=\"elementor-element elementor-element-0740dcd elementor-widget elementor-widget-heading\" data-id=\"0740dcd\" data-element_type=\"widget\" data-e-type=\"widget\" data-widget_type=\"heading.default\">\n\t\t\t\t\t<h3 class=\"elementor-heading-title elementor-size-default\">Laufhaus HWB 7 - what is it?<\/h3>\t\t\t\t<\/div>\n\t\t\t\t<div class=\"elementor-element elementor-element-3286b36 elementor-widget elementor-widget-text-editor\" data-id=\"3286b36\" data-element_type=\"widget\" data-e-type=\"widget\" data-widget_type=\"text-editor.default\">\n\t\t\t\t\t\t\t\t\t<p>The individual apartments in Laufhaus HWB 7 are rented exclusively to ladies who use their rooms independently and on their own account.<\/p><p>The tenants receive their guests in their rooms - with the door open or closed, depending on their personal preference.<\/p><p>The light above the door indicates whether the lady is available: green means available and the guest can ring the bell or enter, red means not available.<\/p>\t\t\t\t\t\t\t\t<\/div>\n\t\t\t\t\t<\/div>\n\t\t\t\t<\/div>\n\t\t<div class=\"elementor-element elementor-element-5e59431 e-flex e-con-boxed e-con e-parent\" data-id=\"5e59431\" data-element_type=\"container\" data-e-type=\"container\">\n\t\t\t\t\t<div class=\"e-con-inner\">\n\t\t\t\t<div class=\"elementor-element elementor-element-22a9b01 elementor-widget elementor-widget-heading\" data-id=\"22a9b01\" data-element_type=\"widget\" data-e-type=\"widget\" data-widget_type=\"heading.default\">\n\t\t\t\t\t<h3 class=\"elementor-heading-title elementor-size-default\">LGBTQI+ Safe Space<\/h3>\t\t\t\t<\/div>\n\t\t\t\t<div class=\"elementor-element elementor-element-7c91875 elementor-widget elementor-widget-text-editor\" data-id=\"7c91875\" data-element_type=\"widget\" data-e-type=\"widget\" data-widget_type=\"text-editor.default\">\n\t\t\t\t\t\t\t\t\t<p>We guarantee a respectful, open and safe space for everyone. Regardless of gender identity or sexual orientation: you are welcome just as you are.<\/p><p>Laufhaus HWB 7 sees itself as an LGBTQI+ safe space - with no ifs, ands or buts.<\/p>\t\t\t\t\t\t\t\t<\/div>\n\t\t\t\t\t<\/div>\n\t\t\t\t<\/div>\n\t\t<div class=\"elementor-element elementor-element-c85e962 e-flex e-con-boxed e-con e-parent\" data-id=\"c85e962\" data-element_type=\"container\" data-e-type=\"container\">\n\t\t\t\t\t<div class=\"e-con-inner\">\n\t\t\t\t<div class=\"elementor-element elementor-element-e5610ce elementor-widget elementor-widget-heading\" data-id=\"e5610ce\" data-element_type=\"widget\" data-e-type=\"widget\" data-widget_type=\"heading.default\">\n\t\t\t\t\t<h3 class=\"elementor-heading-title elementor-size-default\">Parking facilities<\/h3>\t\t\t\t<\/div>\n\t\t\t\t<div class=\"elementor-element elementor-element-04a8d14 elementor-widget elementor-widget-text-editor\" data-id=\"04a8d14\" data-element_type=\"widget\" data-e-type=\"widget\" data-widget_type=\"text-editor.default\">\n\t\t\t\t\t\t\t\t\t<p>Free and discreet parking spaces are located at the rear of the building - not visible from the street.<\/p>\t\t\t\t\t\t\t\t<\/div>\n\t\t\t\t\t<\/div>\n\t\t\t\t<\/div>\n\t\t<div class=\"elementor-element elementor-element-c3d9d66 e-flex e-con-boxed e-con e-parent\" data-id=\"c3d9d66\" data-element_type=\"container\" data-e-type=\"container\">\n\t\t\t\t\t<div class=\"e-con-inner\">\n\t\t\t\t<div class=\"elementor-element elementor-element-a3edbbe elementor-widget elementor-widget-heading\" data-id=\"a3edbbe\" data-element_type=\"widget\" data-e-type=\"widget\" data-widget_type=\"heading.default\">\n\t\t\t\t\t<h3 class=\"elementor-heading-title elementor-size-default\">Public transportation<\/h3>\t\t\t\t<\/div>\n\t\t\t\t<div class=\"elementor-element elementor-element-b5a52bb elementor-widget elementor-widget-text-editor\" data-id=\"b5a52bb\" data-element_type=\"widget\" data-e-type=\"widget\" data-widget_type=\"text-editor.default\">\n\t\t\t\t\t\t\t\t\t<p>Good accessibility by subway and bus (near Frankfurter Ring).\u00a0<\/p><p>The bus stop \"Lotte-Branz-Stra\u00dfe\" is only a two-minute walk from the Laufhaus.\u00a0<\/p>\t\t\t\t\t\t\t\t<\/div>\n\t\t\t\t\t<\/div>\n\t\t\t\t<\/div>\n\t\t<div class=\"elementor-element elementor-element-cbcab78 e-flex e-con-boxed e-con e-parent\" data-id=\"cbcab78\" data-element_type=\"container\" data-e-type=\"container\">\n\t\t\t\t\t<div class=\"e-con-inner\">\n\t\t\t\t<div class=\"elementor-element elementor-element-f60d788 elementor-widget elementor-widget-heading\" data-id=\"f60d788\" data-element_type=\"widget\" data-e-type=\"widget\" data-widget_type=\"heading.default\">\n\t\t\t\t\t<h3 class=\"elementor-heading-title elementor-size-default\">Opening hours HWB7 - Brothel Munich<\/h3>\t\t\t\t<\/div>\n\t\t\t\t<div class=\"elementor-element elementor-element-6d0eadb elementor-widget elementor-widget-text-editor\" data-id=\"6d0eadb\" data-element_type=\"widget\" data-e-type=\"widget\" data-widget_type=\"text-editor.default\">\n\t\t\t\t\t\t\t\t\t<p>The Laufhaus is open 24 hours a day.<\/p>\t\t\t\t\t\t\t\t<\/div>\n\t\t\t\t\t<\/div>\n\t\t\t\t<\/div>\n\t\t<div class=\"elementor-element elementor-element-ad0111a e-flex e-con-boxed e-con e-parent\" data-id=\"ad0111a\" data-element_type=\"container\" data-e-type=\"container\">\n\t\t\t\t\t<div class=\"e-con-inner\">\n\t\t\t\t<div class=\"elementor-element elementor-element-95ba24a elementor-widget elementor-widget-heading\" data-id=\"95ba24a\" data-element_type=\"widget\" data-e-type=\"widget\" data-widget_type=\"heading.default\">\n\t\t\t\t\t<h3 class=\"elementor-heading-title elementor-size-default\">Service &amp; Prices\n<\/h3>\t\t\t\t<\/div>\n\t\t\t\t<div class=\"elementor-element elementor-element-cf6224a elementor-widget elementor-widget-text-editor\" data-id=\"cf6224a\" data-element_type=\"widget\" data-e-type=\"widget\" data-widget_type=\"text-editor.default\">\n\t\t\t\t\t\t\t\t\t<p>All tenants in Laufhaus HWB 7 work independently and on their own account.<\/p><p>The landlord has no influence on the service, working hours or pricing of the tenants.  Prices and services are offered exclusively by the self-employed ladies.<\/p>\t\t\t\t\t\t\t\t<\/div>\n\t\t\t\t\t<\/div>\n\t\t\t\t<\/div>\n\t\t<div class=\"elementor-element elementor-element-04ccdb3 e-flex e-con-boxed e-con e-parent\" data-id=\"04ccdb3\" data-element_type=\"container\" data-e-type=\"container\">\n\t\t\t\t\t<div class=\"e-con-inner\">\n\t\t\t\t<div class=\"elementor-element elementor-element-854e431 elementor-widget elementor-widget-heading\" data-id=\"854e431\" data-element_type=\"widget\" data-e-type=\"widget\" data-widget_type=\"heading.default\">\n\t\t\t\t\t<h3 class=\"elementor-heading-title elementor-size-default\">Cab &amp; Uber\n<\/h3>\t\t\t\t<\/div>\n\t\t\t\t<div class=\"elementor-element elementor-element-f88447d elementor-widget elementor-widget-text-editor\" data-id=\"f88447d\" data-element_type=\"widget\" data-e-type=\"widget\" data-widget_type=\"text-editor.default\">\n\t\t\t\t\t\t\t\t\t<p>Cab and Uber drivers are welcome to use our parking spaces.<\/p><p>Drivers receive free coffee and soft drinks in the Gentlemen's Bar.<\/p>\t\t\t\t\t\t\t\t<\/div>\n\t\t\t\t\t<\/div>\n\t\t\t\t<\/div>\n\t\t<div class=\"elementor-element elementor-element-2d83c13 e-flex e-con-boxed e-con e-parent\" data-id=\"2d83c13\" data-element_type=\"container\" data-e-type=\"container\">\n\t\t\t\t\t<div class=\"e-con-inner\">\n\t\t\t\t<div class=\"elementor-element elementor-element-092230d elementor-widget elementor-widget-heading\" data-id=\"092230d\" data-element_type=\"widget\" data-e-type=\"widget\" data-widget_type=\"heading.default\">\n\t\t\t\t\t<h3 class=\"elementor-heading-title elementor-size-default\">Water\n<\/h3>\t\t\t\t<\/div>\n\t\t\t\t<div class=\"elementor-element elementor-element-2dbaad1 elementor-widget elementor-widget-text-editor\" data-id=\"2dbaad1\" data-element_type=\"widget\" data-e-type=\"widget\" data-widget_type=\"text-editor.default\">\n\t\t\t\t\t\t\t\t\t<p>Fresh drinking water of tested quality flows from our taps, allowing you to quench your thirst at any time.<\/p>\t\t\t\t\t\t\t\t<\/div>\n\t\t\t\t\t<\/div>\n\t\t\t\t<\/div>\n\t\t<div class=\"elementor-element elementor-element-199e898 e-flex e-con-boxed e-con e-parent\" data-id=\"199e898\" data-element_type=\"container\" data-e-type=\"container\">\n\t\t\t\t\t<div class=\"e-con-inner\">\n\t\t\t\t<div class=\"elementor-element elementor-element-6b88634 elementor-widget elementor-widget-heading\" data-id=\"6b88634\" data-element_type=\"widget\" data-e-type=\"widget\" data-widget_type=\"heading.default\">\n\t\t\t\t\t<h3 class=\"elementor-heading-title elementor-size-default\">Cigarette vending machines\n<\/h3>\t\t\t\t<\/div>\n\t\t\t\t<div class=\"elementor-element elementor-element-993eaa1 elementor-widget elementor-widget-text-editor\" data-id=\"993eaa1\" data-element_type=\"widget\" data-e-type=\"widget\" data-widget_type=\"text-editor.default\">\n\t\t\t\t\t\t\t\t\t<p>There are two cigarette machines directly on site:<\/p><p>- In front of the entrance to the Gentlemen's Club<\/p><p>- Second floor opposite room 39<\/p>\t\t\t\t\t\t\t\t<\/div>\n\t\t\t\t\t<\/div>\n\t\t\t\t<\/div>\n\t\t<div class=\"elementor-element elementor-element-ba674b9 e-flex e-con-boxed e-con e-parent\" data-id=\"ba674b9\" data-element_type=\"container\" data-e-type=\"container\">\n\t\t\t\t\t<div class=\"e-con-inner\">\n\t\t\t\t<div class=\"elementor-element elementor-element-484bd90 elementor-widget__width-inherit elementor-widget elementor-widget-google_maps\" data-id=\"484bd90\" data-element_type=\"widget\" data-e-type=\"widget\" data-widget_type=\"google_maps.default\">\n\t\t\t\t\t\t\t<div class=\"elementor-custom-embed\">\n\t\t\t <div class=\"brlbs-cmpnt-container brlbs-cmpnt-content-blocker brlbs-cmpnt-with-individual-styles\" data-borlabs-cookie-content-blocker-id=\"google-maps\" data-borlabs-cookie-content=\"PGlmcmFtZSBsb2FkaW5nPSJsYXp5IgoJCQkJCXNyYz0iaHR0cHM6Ly9tYXBzLmdvb2dsZS5jb20vbWFwcz9xPUhlbGVuZS1XZXNzZWwtQm9nZW4lMjA3JTJDJTIwODA5MzklMjBFdXJvLUluZHVzdHJpZXBhcmslMkMlMjBNJUMzJUJDbmNoZW4mIzAzODt0PW0mIzAzODt6PTEzJiMwMzg7b3V0cHV0PWVtYmVkJiMwMzg7aXdsb2M9bmVhciIKCQkJCQl0aXRsZT0iSGVsZW5lLVdlc3NlbC1Cb2dlbiA3LCA4MDkzOSBFdXJvLUluZHVzdHJpZXBhcmssIE3DvG5jaGVuIgoJCQkJCWFyaWEtbGFiZWw9IkhlbGVuZS1XZXNzZWwtQm9nZW4gNywgODA5MzkgRXVyby1JbmR1c3RyaWVwYXJrLCBNw7xuY2hlbiIKCQkJPjwvaWZyYW1lPg==\"><div class=\"brlbs-cmpnt-cb-preset-b brlbs-cmpnt-cb-google-maps\"> <div class=\"brlbs-cmpnt-cb-thumbnail\" style=\"background-image: url('https:\/\/www.laufhaus-hwb7.de\/wp-content\/uploads\/borlabs-cookie\/1\/brlbs-cb-google-maps-main.png')\"><\/div> <div class=\"brlbs-cmpnt-cb-main\"> <div class=\"brlbs-cmpnt-cb-content\"> <p class=\"brlbs-cmpnt-cb-description\">You are currently seeing a placeholder content of <strong>Google Maps<\/strong>. To access the actual content, click on the button below. Please note that data will be passed on to third-party providers.<\/p> <a class=\"brlbs-cmpnt-cb-provider-toggle\" href=\"#\" data-borlabs-cookie-show-provider-information role=\"button\">More information<\/a> <\/div> <div class=\"brlbs-cmpnt-cb-buttons\"> <a class=\"brlbs-cmpnt-cb-btn\" href=\"#\" data-borlabs-cookie-unblock role=\"button\">Unlock content<\/a> <a class=\"brlbs-cmpnt-cb-btn\" href=\"#\" data-borlabs-cookie-accept-service role=\"button\" style=\"display: inherit\">Accept required service and unblock content<\/a> <\/div> <\/div> <\/div><\/div>\n\t\t<\/div>\n\t\t\t\t\t\t<\/div>\n\t\t\t\t\t<\/div>\n\t\t\t\t<\/div>\n\t\t<div class=\"elementor-element elementor-element-7d2ec37 e-flex e-con-boxed e-con e-parent\" data-id=\"7d2ec37\" data-element_type=\"container\" data-e-type=\"container\">\n\t\t\t\t\t<div class=\"e-con-inner\">\n\t\t\t\t<div class=\"elementor-element elementor-element-69da615 elementor-widget__width-initial elementor-widget elementor-widget-html\" data-id=\"69da615\" data-element_type=\"widget\" data-e-type=\"widget\" data-widget_type=\"html.default\">\n\t\t\t\t\t<!-- Elfsight Google Reviews | Untitled Google Reviews -->\n<script src=\"https:\/\/static.elfsight.com\/platform\/platform.js\" async><\/script>\n<div class=\"elfsight-app-6978abb7-a304-4101-a1c2-f35787e36447\" data-elfsight-app-lazy><\/div>\t\t\t\t<\/div>\n\t\t\t\t\t<\/div>\n\t\t\t\t<\/div>\n\t\t\t\t<\/div>","protected":false},"excerpt":{"rendered":"<p>Laufhaus HWB 7 M\u00fcnchen Informationen von A bis Z Adresse Helene-Wessel-Bogen 7, 80939 M\u00fcnchen. Anfahrt Alle Wege f\u00fchren zu uns: Du erreichst uns ganz einfach \u00fcber die nahegelegenen Autobahnen A9 und A99. Nutze am besten die Ingolst\u00e4dter Stra\u00dfe, den Frankfurter Ring oder die Heidemannstra\u00dfe zur Orientierung. Bankomat \/ Geldautomat Zwei Geldautomaten stehen direkt vor Ort [&hellip;]<\/p>\n","protected":false},"author":1,"featured_media":0,"parent":0,"menu_order":0,"comment_status":"closed","ping_status":"closed","template":"elementor_header_footer","meta":{"footnotes":""},"class_list":["post-37","page","type-page","status-publish","hentry"],"_links":{"self":[{"href":"https:\/\/www.laufhaus-hwb7.de\/en\/wp-json\/wp\/v2\/pages\/37","targetHints":{"allow":["GET"]}}],"collection":[{"href":"https:\/\/www.laufhaus-hwb7.de\/en\/wp-json\/wp\/v2\/pages"}],"about":[{"href":"https:\/\/www.laufhaus-hwb7.de\/en\/wp-json\/wp\/v2\/types\/page"}],"author":[{"embeddable":true,"href":"https:\/\/www.laufhaus-hwb7.de\/en\/wp-json\/wp\/v2\/users\/1"}],"replies":[{"embeddable":true,"href":"https:\/\/www.laufhaus-hwb7.de\/en\/wp-json\/wp\/v2\/comments?post=37"}],"version-history":[{"count":0,"href":"https:\/\/www.laufhaus-hwb7.de\/en\/wp-json\/wp\/v2\/pages\/37\/revisions"}],"wp:attachment":[{"href":"https:\/\/www.laufhaus-hwb7.de\/en\/wp-json\/wp\/v2\/media?parent=37"}],"curies":[{"name":"wp","href":"https:\/\/api.w.org\/{rel}","templated":true}]}}