{"id":1286,"date":"2025-07-14T08:20:07","date_gmt":"2025-07-14T08:20:07","guid":{"rendered":"https:\/\/hwb7.wdw.at\/?page_id=1286"},"modified":"2026-03-12T14:52:32","modified_gmt":"2026-03-12T13:52:32","slug":"imprimir","status":"publish","type":"page","link":"https:\/\/www.laufhaus-hwb7.de\/es\/impressum\/","title":{"rendered":"Pie de imprenta"},"content":{"rendered":"<div data-elementor-type=\"wp-page\" data-elementor-id=\"1286\" class=\"elementor elementor-1286\" data-elementor-post-type=\"page\">\n\t\t\t\t\t\t<section class=\"elementor-section elementor-top-section elementor-element elementor-element-d8feee0 elementor-section-full_width elementor-section-height-min-height elementor-section-height-default elementor-section-items-middle\" data-id=\"d8feee0\" data-element_type=\"section\" data-e-type=\"section\" data-settings=\"{&quot;background_background&quot;:&quot;classic&quot;}\">\n\t\t\t\t\t\t<div class=\"elementor-container elementor-column-gap-default\">\n\t\t\t\t\t<div class=\"elementor-column elementor-col-100 elementor-top-column elementor-element elementor-element-341a536b\" data-id=\"341a536b\" data-element_type=\"column\" data-e-type=\"column\" data-settings=\"{&quot;background_background&quot;:&quot;slideshow&quot;,&quot;background_slideshow_gallery&quot;:[],&quot;background_slideshow_loop&quot;:&quot;yes&quot;,&quot;background_slideshow_slide_duration&quot;:5000,&quot;background_slideshow_slide_transition&quot;:&quot;fade&quot;,&quot;background_slideshow_transition_duration&quot;:500}\">\n\t\t\t<div class=\"elementor-widget-wrap\">\n\t\t\t\t\t\t\t<\/div>\n\t\t<\/div>\n\t\t\t\t\t<\/div>\n\t\t<\/section>\n\t\t<div class=\"elementor-element elementor-element-d107992 e-flex e-con-boxed e-con e-parent\" data-id=\"d107992\" data-element_type=\"container\" data-e-type=\"container\">\n\t\t\t\t\t<div class=\"e-con-inner\">\n\t\t\t\t<div class=\"elementor-element elementor-element-90b1513 elementor-widget elementor-widget-heading\" data-id=\"90b1513\" data-element_type=\"widget\" data-e-type=\"widget\" data-widget_type=\"heading.default\">\n\t\t\t\t\t<h1 class=\"elementor-heading-title elementor-size-default\">Aviso legal Bordell M\u00fcnchen HWB7<\/h1>\t\t\t\t<\/div>\n\t\t\t\t\t<\/div>\n\t\t\t\t<\/div>\n\t\t<div class=\"elementor-element elementor-element-2890752 e-flex e-con-boxed e-con e-parent\" data-id=\"2890752\" data-element_type=\"container\" data-e-type=\"container\">\n\t\t\t\t\t<div class=\"e-con-inner\">\n\t\t\t\t<div class=\"elementor-element elementor-element-36a9850 elementor-widget elementor-widget-heading\" data-id=\"36a9850\" data-element_type=\"widget\" data-e-type=\"widget\" data-widget_type=\"heading.default\">\n\t\t\t\t\t<h2 class=\"elementor-heading-title elementor-size-default\">Informaci\u00f3n jur\u00eddica HWB7<\/h2>\t\t\t\t<\/div>\n\t\t\t\t\t<\/div>\n\t\t\t\t<\/div>\n\t\t<div class=\"elementor-element elementor-element-cd90872 e-flex e-con-boxed e-con e-parent\" data-id=\"cd90872\" data-element_type=\"container\" data-e-type=\"container\">\n\t\t\t\t\t<div class=\"e-con-inner\">\n\t\t<div class=\"elementor-element elementor-element-829a3cd e-grid e-con-full e-con e-child\" data-id=\"829a3cd\" data-element_type=\"container\" data-e-type=\"container\">\n\t\t\t\t<div class=\"elementor-element elementor-element-43a9b40 elementor-widget elementor-widget-heading\" data-id=\"43a9b40\" data-element_type=\"widget\" data-e-type=\"widget\" data-widget_type=\"heading.default\">\n\t\t\t\t\t<h5 class=\"elementor-heading-title elementor-size-default\">Empresa:<\/h5>\t\t\t\t<\/div>\n\t\t\t\t<div class=\"elementor-element elementor-element-2d8f35c elementor-widget elementor-widget-text-editor\" data-id=\"2d8f35c\" data-element_type=\"widget\" data-e-type=\"widget\" data-widget_type=\"text-editor.default\">\n\t\t\t\t\t\t\t\t\t<h3>HD Ltd.<\/h3><p>Helene-Wessel-Bogen 7<br \/>80939 M\u00fanich<\/p><p>E.:\u00a0<a href=\"mailto:hd.gmbh@gmx.de\">hd.gmbh@gmx.de<\/a><\/p>\t\t\t\t\t\t\t\t<\/div>\n\t\t\t\t<div class=\"elementor-element elementor-element-71143b6 elementor-widget elementor-widget-heading\" data-id=\"71143b6\" data-element_type=\"widget\" data-e-type=\"widget\" data-widget_type=\"heading.default\">\n\t\t\t\t\t<h5 class=\"elementor-heading-title elementor-size-default\">Director General:<\/h5>\t\t\t\t<\/div>\n\t\t\t\t<div class=\"elementor-element elementor-element-b71701c elementor-widget elementor-widget-text-editor\" data-id=\"b71701c\" data-element_type=\"widget\" data-e-type=\"widget\" data-widget_type=\"text-editor.default\">\n\t\t\t\t\t\t\t\t\t<p>Hannes Haring<\/p>\t\t\t\t\t\t\t\t<\/div>\n\t\t\t\t<div class=\"elementor-element elementor-element-0fbae66 elementor-widget elementor-widget-heading\" data-id=\"0fbae66\" data-element_type=\"widget\" data-e-type=\"widget\" data-widget_type=\"heading.default\">\n\t\t\t\t\t<h5 class=\"elementor-heading-title elementor-size-default\">Registro mercantil y n\u00famero:<\/h5>\t\t\t\t<\/div>\n\t\t\t\t<div class=\"elementor-element elementor-element-37dd380 elementor-widget elementor-widget-text-editor\" data-id=\"37dd380\" data-element_type=\"widget\" data-e-type=\"widget\" data-widget_type=\"text-editor.default\">\n\t\t\t\t\t\t\t\t\t<p>HRB 294485 AG M\u00fanich<\/p>\t\t\t\t\t\t\t\t<\/div>\n\t\t\t\t<div class=\"elementor-element elementor-element-e50cebb elementor-widget elementor-widget-heading\" data-id=\"e50cebb\" data-element_type=\"widget\" data-e-type=\"widget\" data-widget_type=\"heading.default\">\n\t\t\t\t\t<h5 class=\"elementor-heading-title elementor-size-default\">CIF:<\/h5>\t\t\t\t<\/div>\n\t\t\t\t<div class=\"elementor-element elementor-element-a36de1f elementor-widget elementor-widget-text-editor\" data-id=\"a36de1f\" data-element_type=\"widget\" data-e-type=\"widget\" data-widget_type=\"text-editor.default\">\n\t\t\t\t\t\t\t\t\t<p>DE 36 944 69 26<\/p>\t\t\t\t\t\t\t\t<\/div>\n\t\t\t\t<div class=\"elementor-element elementor-element-9df8b63 elementor-widget elementor-widget-heading\" data-id=\"9df8b63\" data-element_type=\"widget\" data-e-type=\"widget\" data-widget_type=\"heading.default\">\n\t\t\t\t\t<h5 class=\"elementor-heading-title elementor-size-default\">Encargado de protecci\u00f3n de menores seg\u00fan \u00a7 7 JMStV:<\/h5>\t\t\t\t<\/div>\n\t\t\t\t<div class=\"elementor-element elementor-element-ffb1958 elementor-widget elementor-widget-text-editor\" data-id=\"ffb1958\" data-element_type=\"widget\" data-e-type=\"widget\" data-widget_type=\"text-editor.default\">\n\t\t\t\t\t\t\t\t\t<p>Abogado Marko D\u00f6rre<br \/>Marienstr. 8, D-10117 Berl\u00edn<br \/>T.: <a title=\"+49 30 400 544-99\" href=\"tel: +493040054499\" target=\"_blank\" rel=\"noopener\">+49 30 400 544-99<\/a><br \/>H.: <a title=\"Responsable de protecci\u00f3n de menores seg\u00fan el art\u00edculo 7 del JMStV\" href=\"https:\/\/www.doerre.com\/\" target=\"_blank\" rel=\"noopener nofollow\">www.doerre.com<\/a><\/p>\t\t\t\t\t\t\t\t<\/div>\n\t\t\t\t<\/div>\n\t\t\t\t\t<\/div>\n\t\t\t\t<\/div>\n\t\t<div class=\"elementor-element elementor-element-dcc4679 e-flex e-con-boxed e-con e-parent\" data-id=\"dcc4679\" data-element_type=\"container\" data-e-type=\"container\">\n\t\t\t\t\t<div class=\"e-con-inner\">\n\t\t\t\t<div class=\"elementor-element elementor-element-1e1bf5a elementor-widget elementor-widget-heading\" data-id=\"1e1bf5a\" data-element_type=\"widget\" data-e-type=\"widget\" data-widget_type=\"heading.default\">\n\t\t\t\t\t<h3 class=\"elementor-heading-title elementor-size-default\">Informaci\u00f3n jur\u00eddica<\/h3>\t\t\t\t<\/div>\n\t\t\t\t<div class=\"elementor-element elementor-element-9000199 elementor-widget elementor-widget-text-editor\" data-id=\"9000199\" data-element_type=\"widget\" data-e-type=\"widget\" data-widget_type=\"text-editor.default\">\n\t\t\t\t\t\t\t\t\t<p data-start=\"145\" data-end=\"577\">HD GmbH se esfuerza por comprobar y actualizar peri\u00f3dicamente la informaci\u00f3n facilitada en su sitio web. No obstante, a pesar de un control minucioso, no puede excluirse que entretanto se hayan producido cambios en determinados datos. Por este motivo, HD GmbH no asume ninguna responsabilidad ni garant\u00eda por la actualidad, exactitud e integridad de los contenidos facilitados.<\/p><p data-start=\"579\" data-end=\"887\">Esto se aplica igualmente a todos los sitios web externos a los que se hace referencia mediante hiperv\u00ednculos. El contenido de estos sitios enlazados es responsabilidad exclusiva de sus respectivos operadores. La creaci\u00f3n de enlaces a dichos sitios web externos es responsabilidad exclusiva del usuario.<\/p><p data-start=\"889\" data-end=\"1071\">HD GmbH no tiene ninguna influencia sobre el dise\u00f1o y el contenido de los sitios web accesibles a trav\u00e9s de dichos enlaces y no adopta expresamente su contenido como propio.<\/p><p data-start=\"1073\" data-end=\"1247\">Adem\u00e1s, HD GmbH se reserva expresamente el derecho a modificar, completar o eliminar la informaci\u00f3n facilitada en cualquier momento y sin previo aviso.<\/p><p data-start=\"1249\" data-end=\"1583\">El contenido y la estructura de estas p\u00e1ginas web est\u00e1n protegidos por derechos de autor. La reproducci\u00f3n, edici\u00f3n, distribuci\u00f3n u otro uso de la informaci\u00f3n, en particular de textos, partes de textos o im\u00e1genes, requiere el consentimiento previo por escrito del autor respectivo, que en caso de duda es HD GmbH.<\/p>\t\t\t\t\t\t\t\t<\/div>\n\t\t\t\t\t<\/div>\n\t\t\t\t<\/div>\n\t\t<div class=\"elementor-element elementor-element-25f66bc e-flex e-con-boxed e-con e-parent\" data-id=\"25f66bc\" data-element_type=\"container\" data-e-type=\"container\">\n\t\t\t\t\t<div class=\"e-con-inner\">\n\t\t\t\t<div class=\"elementor-element elementor-element-d2b349f elementor-widget elementor-widget-text-editor\" data-id=\"d2b349f\" data-element_type=\"widget\" data-e-type=\"widget\" data-widget_type=\"text-editor.default\">\n\t\t\t\t\t\t\t\t\t<p>No estamos dispuestos ni obligados a participar en procedimientos de resoluci\u00f3n de litigios ante un organismo de conciliaci\u00f3n de consumidores.<\/p><p>Este es el sello de HWB7 - Burdel Munich (Bordell M\u00fcnchen). El local est\u00e1 convenientemente situado y es f\u00e1cilmente accesible a trav\u00e9s de las autopistas A9 y A99. Ingolst\u00e4dter Stra\u00dfe, Frankfurter Ring y Heidemannstra\u00dfe son especialmente \u00fatiles para orientarse, ya que facilitan el acceso.\u00a0<\/p>\t\t\t\t\t\t\t\t<\/div>\n\t\t\t\t\t<\/div>\n\t\t\t\t<\/div>\n\t\t<div class=\"elementor-element elementor-element-697b813 e-flex e-con-boxed e-con e-parent\" data-id=\"697b813\" data-element_type=\"container\" data-e-type=\"container\">\n\t\t\t\t\t<div class=\"e-con-inner\">\n\t\t\t\t<div class=\"elementor-element elementor-element-3242765 elementor-widget elementor-widget-heading\" data-id=\"3242765\" data-element_type=\"widget\" data-e-type=\"widget\" data-widget_type=\"heading.default\">\n\t\t\t\t\t<h3 class=\"elementor-heading-title elementor-size-default\">Agencia de publicidad<\/h3>\t\t\t\t<\/div>\n\t\t\t\t<div class=\"elementor-element elementor-element-0ed3297 elementor-widget elementor-widget-text-editor\" data-id=\"0ed3297\" data-element_type=\"widget\" data-e-type=\"widget\" data-widget_type=\"text-editor.default\">\n\t\t\t\t\t\t\t\t\t<p><a title=\"WDW WerbeDesign Wanger e.U. - PUBLICIDAD QUE FUNCIONA\" href=\"https:\/\/www.wdw.at\/\" target=\"_blank\" rel=\"noopener nofollow\">Agencia de Internet y agencia de publicidad<\/a><br \/>WDW WerbeDesign Wanger e.U.<br \/>5071 Wals, cerca de Salzburgo \/ Austria<br \/>H.: <a title=\"WDW WerbeDesign Wanger e.U. - PUBLICIDAD QUE FUNCIONA\" href=\"https:\/\/www.wdw.at\/\" target=\"_blank\" rel=\"noopener nofollow\">www.wdw.at<\/a><\/p>\t\t\t\t\t\t\t\t<\/div>\n\t\t\t\t\t<\/div>\n\t\t\t\t<\/div>\n\t\t\t\t<\/div>","protected":false},"excerpt":{"rendered":"<p>Impressum Bordell M\u00fcnchen HWB7 Gesetzliche Informationen Firma: HD GmbH Helene-Wessel-Bogen 7 80939 M\u00fcnchen E.:\u00a0hd.gmbh@gmx.de Gesch\u00e4ftsf\u00fchrer: Hannes Haring Handelsregister und Nummer: HRB 294485 AG M\u00fcnchen USt-ID: DE 36 944 69 26 Jugendschutzbeauftragter gem\u00e4\u00df \u00a7 7 JMStV: Rechtsanwalt Marko D\u00f6rre Marienstr. 8, D-10117 Berlin T.: +49 30 400 544-99 H.: www.doerre.com Rechtliche Informationen Die HD GmbH ist [&hellip;]<\/p>\n","protected":false},"author":1,"featured_media":0,"parent":0,"menu_order":0,"comment_status":"closed","ping_status":"closed","template":"elementor_header_footer","meta":{"footnotes":""},"class_list":["post-1286","page","type-page","status-publish","hentry"],"_links":{"self":[{"href":"https:\/\/www.laufhaus-hwb7.de\/es\/wp-json\/wp\/v2\/pages\/1286","targetHints":{"allow":["GET"]}}],"collection":[{"href":"https:\/\/www.laufhaus-hwb7.de\/es\/wp-json\/wp\/v2\/pages"}],"about":[{"href":"https:\/\/www.laufhaus-hwb7.de\/es\/wp-json\/wp\/v2\/types\/page"}],"author":[{"embeddable":true,"href":"https:\/\/www.laufhaus-hwb7.de\/es\/wp-json\/wp\/v2\/users\/1"}],"replies":[{"embeddable":true,"href":"https:\/\/www.laufhaus-hwb7.de\/es\/wp-json\/wp\/v2\/comments?post=1286"}],"version-history":[{"count":0,"href":"https:\/\/www.laufhaus-hwb7.de\/es\/wp-json\/wp\/v2\/pages\/1286\/revisions"}],"wp:attachment":[{"href":"https:\/\/www.laufhaus-hwb7.de\/es\/wp-json\/wp\/v2\/media?parent=1286"}],"curies":[{"name":"wp","href":"https:\/\/api.w.org\/{rel}","templated":true}]}}