{"id":1341,"date":"2025-07-14T11:25:30","date_gmt":"2025-07-14T11:25:30","guid":{"rendered":"https:\/\/hwb7.wdw.at\/?page_id=1341"},"modified":"2026-01-19T14:30:04","modified_gmt":"2026-01-19T13:30:04","slug":"proteccion-de-datos","status":"publish","type":"page","link":"https:\/\/www.laufhaus-hwb7.de\/es\/datenschutz\/","title":{"rendered":"Protecci\u00f3n de datos"},"content":{"rendered":"<div data-elementor-type=\"wp-page\" data-elementor-id=\"1341\" class=\"elementor elementor-1341\" data-elementor-post-type=\"page\">\n\t\t\t\t\t\t<section class=\"elementor-section elementor-top-section elementor-element elementor-element-280faf07 elementor-section-full_width elementor-section-height-min-height elementor-section-height-default elementor-section-items-middle\" data-id=\"280faf07\" data-element_type=\"section\" data-e-type=\"section\" data-settings=\"{&quot;background_background&quot;:&quot;classic&quot;}\">\n\t\t\t\t\t\t<div class=\"elementor-container elementor-column-gap-default\">\n\t\t\t\t\t<div class=\"elementor-column elementor-col-100 elementor-top-column elementor-element elementor-element-6fbba8db\" data-id=\"6fbba8db\" data-element_type=\"column\" data-e-type=\"column\">\n\t\t\t<div class=\"elementor-widget-wrap\">\n\t\t\t\t\t\t\t<\/div>\n\t\t<\/div>\n\t\t\t\t\t<\/div>\n\t\t<\/section>\n\t\t<div class=\"elementor-element elementor-element-71aa135 e-flex e-con-boxed e-con e-parent\" data-id=\"71aa135\" data-element_type=\"container\" data-e-type=\"container\">\n\t\t\t\t\t<div class=\"e-con-inner\">\n\t\t\t\t<div class=\"elementor-element elementor-element-cfd6283 elementor-widget elementor-widget-heading\" data-id=\"cfd6283\" data-element_type=\"widget\" data-e-type=\"widget\" data-widget_type=\"heading.default\">\n\t\t\t\t\t<h1 class=\"elementor-heading-title elementor-size-default\">Declaraci\u00f3n sobre el deber de informar<\/h1>\t\t\t\t<\/div>\n\t\t\t\t<div class=\"elementor-element elementor-element-6a30445 elementor-widget elementor-widget-heading\" data-id=\"6a30445\" data-element_type=\"widget\" data-e-type=\"widget\" data-widget_type=\"heading.default\">\n\t\t\t\t\t<h2 class=\"elementor-heading-title elementor-size-default\">Pol\u00edtica de privacidad<\/h2>\t\t\t\t<\/div>\n\t\t\t\t\t<\/div>\n\t\t\t\t<\/div>\n\t\t<div class=\"elementor-element elementor-element-07ac051 e-flex e-con-boxed e-con e-parent\" data-id=\"07ac051\" data-element_type=\"container\" data-e-type=\"container\">\n\t\t\t\t\t<div class=\"e-con-inner\">\n\t\t\t\t<div class=\"elementor-element elementor-element-71c8f11 elementor-widget elementor-widget-text-editor\" data-id=\"71c8f11\" data-element_type=\"widget\" data-e-type=\"widget\" data-widget_type=\"text-editor.default\">\n\t\t\t\t\t\t\t\t\t<p>Estado: 01.07.2025<\/p><p>La protecci\u00f3n de sus datos personales nos preocupa especialmente. Por ello, procesamos sus datos exclusivamente sobre la base de las disposiciones legales (GDPR, TKG 2003). En esta informaci\u00f3n sobre protecci\u00f3n de datos le informamos sobre los aspectos m\u00e1s importantes del tratamiento de datos en nuestro sitio web.<\/p>\t\t\t\t\t\t\t\t<\/div>\n\t\t\t\t<div class=\"elementor-element elementor-element-a24dc8a elementor-widget elementor-widget-heading\" data-id=\"a24dc8a\" data-element_type=\"widget\" data-e-type=\"widget\" data-widget_type=\"heading.default\">\n\t\t\t\t\t<h3 class=\"elementor-heading-title elementor-size-default\">1. p\u00f3ngase en contacto con nosotros<\/h3>\t\t\t\t<\/div>\n\t\t\t\t<div class=\"elementor-element elementor-element-fcfe9bd elementor-widget elementor-widget-text-editor\" data-id=\"fcfe9bd\" data-element_type=\"widget\" data-e-type=\"widget\" data-widget_type=\"text-editor.default\">\n\t\t\t\t\t\t\t\t\t<p>Si se pone en contacto con nosotros por correo electr\u00f3nico, almacenaremos los datos que nos facilite durante seis meses con el fin de tramitar su consulta y en caso de preguntas de seguimiento. No transmitiremos estos datos sin su consentimiento.<\/p>\t\t\t\t\t\t\t\t<\/div>\n\t\t\t\t<div class=\"elementor-element elementor-element-d161f35 elementor-widget elementor-widget-heading\" data-id=\"d161f35\" data-element_type=\"widget\" data-e-type=\"widget\" data-widget_type=\"heading.default\">\n\t\t\t\t\t<h3 class=\"elementor-heading-title elementor-size-default\">2. galletas<\/h3>\t\t\t\t<\/div>\n\t\t\t\t<div class=\"elementor-element elementor-element-1eeb418 elementor-widget elementor-widget-text-editor\" data-id=\"1eeb418\" data-element_type=\"widget\" data-e-type=\"widget\" data-widget_type=\"text-editor.default\">\n\t\t\t\t\t\t\t\t\t<p><strong>2.1 Cookies t\u00e9cnicas y funcionales<\/strong><\/p><p>Nuestro sitio web y los procesos de tratamiento de datos relacionados almacenan cierta informaci\u00f3n directamente en su navegador web (por ejemplo, mediante \u201ecookies\u201c) para garantizar determinadas funciones.<\/p><p>Esta informaci\u00f3n puede ser establecida tanto directamente desde nuestro sitio web (\u201eentradas de primer proveedor\u201c) como a trav\u00e9s de los servicios de procesadores de datos (por ejemplo, al enviar correos electr\u00f3nicos o para el an\u00e1lisis web). La primera vez que se visita nuestro sitio web, solo se utilizan las entradas de primer proveedor que son t\u00e9cnicamente necesarias.<\/p><p>La mayor\u00eda de los navegadores web ofrecen funciones para mostrar y eliminar las entradas ya establecidas. Adem\u00e1s, tambi\u00e9n puede configurar su navegador para que no se establezca ninguna cookie. Sin embargo, tenga en cuenta que esto puede afectar a determinadas funciones de nuestro sitio web.<\/p><p>En los siguientes tratamientos de datos individuales encontrar\u00e1 qu\u00e9 entradas del navegador se aplican exactamente a qu\u00e9 tratamientos de datos.<\/p><p><strong>2.2 Uso de cookies y otras tecnolog\u00edas para el an\u00e1lisis web y fines publicitarios<br \/><\/strong><\/p><p>Siempre que haya dado su consentimiento al respecto de conformidad con el art\u00edculo 6, apartado 1, frase 1, letra a) del RGPD, utilizaremos en nuestro sitio web las siguientes cookies y otras tecnolog\u00edas de terceros. Una vez que haya desaparecido la finalidad y hayamos dejado de utilizar la tecnolog\u00eda en cuesti\u00f3n, se eliminar\u00e1n los datos recopilados en este contexto. Puede revocar su consentimiento en cualquier momento con efecto para el futuro. Encontrar\u00e1 m\u00e1s informaci\u00f3n sobre sus opciones de revocaci\u00f3n en la secci\u00f3n \u201eCookies y otras tecnolog\u00edas\u201c. Encontrar\u00e1 m\u00e1s informaci\u00f3n, incluida la base de nuestra colaboraci\u00f3n con los distintos proveedores, en las distintas tecnolog\u00edas. Si tiene alguna pregunta sobre los proveedores y la base de nuestra colaboraci\u00f3n con ellos, p\u00f3ngase en contacto con nosotros a trav\u00e9s de los datos de contacto que figuran en esta declaraci\u00f3n de protecci\u00f3n de datos.<\/p><p><strong>Uso de los servicios de Google<\/strong><\/p><p>Utilizamos las tecnolog\u00edas de Google Ireland Ltd., Gordon House, Barrow Street, Dubl\u00edn 4, Irlanda (\u201eGoogle\u201c) que se describen a continuaci\u00f3n. La informaci\u00f3n recopilada autom\u00e1ticamente por las tecnolog\u00edas de Google sobre su uso de nuestro sitio web se transfiere normalmente a un servidor de Google LLC, 1600 Amphitheatre Parkway Mountain View, CA 94043, EE. UU., donde se almacena. No existe una decisi\u00f3n de adecuaci\u00f3n de la Comisi\u00f3n Europea para EE. UU. Nuestra cooperaci\u00f3n se basa en las cl\u00e1usulas est\u00e1ndar de protecci\u00f3n de datos de la Comisi\u00f3n Europea. Si su direcci\u00f3n IP se recopila a trav\u00e9s de las tecnolog\u00edas de Google, se acortar\u00e1 antes de almacenarse en los servidores de Google mediante la activaci\u00f3n de la anonimizaci\u00f3n de IP. Solo en casos excepcionales se transmitir\u00e1 la direcci\u00f3n IP completa a un servidor de Google y se acortar\u00e1 all\u00ed. Salvo que se indique lo contrario en las tecnolog\u00edas individuales, el tratamiento de datos se basa en un acuerdo celebrado para la tecnolog\u00eda correspondiente entre los responsables conjuntos de conformidad con el art\u00edculo 26 del RGPD. Para m\u00e1s informaci\u00f3n sobre el tratamiento de datos por parte de Google, consulte la <a href=\"https:\/\/policies.google.com\/privacy?hl=de\" target=\"_blank\" rel=\"noopener nofollow\">Pol\u00edtica de privacidad de Google<\/a>.<\/p><p><strong>Google Analytics<\/strong><\/p><p>Con el fin de analizar el sitio web, Google Analytics recopila y almacena autom\u00e1ticamente datos (direcci\u00f3n IP, hora de la visita, informaci\u00f3n sobre el dispositivo y el navegador, as\u00ed como informaci\u00f3n sobre su uso de nuestro sitio web), a partir de los cuales se crean perfiles de uso utilizando seud\u00f3nimos. Para ello se pueden utilizar cookies. Por regla general, su direcci\u00f3n IP no se combina con otros datos de Google. El tratamiento de los datos se basa en un acuerdo sobre el tratamiento de datos por parte de Google.<\/p>\t\t\t\t\t\t\t\t<\/div>\n\t\t\t\t<div class=\"elementor-element elementor-element-6b6e157 elementor-widget elementor-widget-heading\" data-id=\"6b6e157\" data-element_type=\"widget\" data-e-type=\"widget\" data-widget_type=\"heading.default\">\n\t\t\t\t\t<h3 class=\"elementor-heading-title elementor-size-default\">3. alojamiento<\/h3>\t\t\t\t<\/div>\n\t\t\t\t<div class=\"elementor-element elementor-element-ee408fc elementor-widget elementor-widget-text-editor\" data-id=\"ee408fc\" data-element_type=\"widget\" data-e-type=\"widget\" data-widget_type=\"text-editor.default\">\n\t\t\t\t\t\t\t\t\t<p>Utilizamos un alojamiento web externo para gestionar nuestro sitio web.<\/p><p><strong>Proveedor de alojamiento<\/strong><br \/>Tratamos los datos personales de conexi\u00f3n con la ayuda de los siguientes procesadores a efectos de seguridad de datos y fallos durante un per\u00edodo m\u00e1ximo de 7 d\u00edas.<\/p><p>La base jur\u00eddica para el tratamiento es nuestro inter\u00e9s leg\u00edtimo de conformidad con el art. 6, apdo. 1 lit. f GDPR (medidas t\u00e9cnicas de seguridad).<\/p><p><strong>Servicio:<\/strong> Alojamiento web y de correo<br \/><strong>Operadora:<\/strong> <a href=\"https:\/\/www.wdw.at\" target=\"_blank\" rel=\"noopener nofollow\">WDW WerbeDesign Wanger e.U.<\/a><br \/><strong>Pol\u00edtica de privacidad: <\/strong><a href=\"https:\/\/www.wdw.at\/datenschutz.htm\" target=\"_blank\" rel=\"noopener nofollow\">https:\/\/www.wdw.at\/datenschutz.htm<\/a><\/p><p><strong>Datos de acceso<\/strong><br \/>En el contexto del alojamiento, procesamos los siguientes datos personales del usuario en un archivo de registro del servidor durante un per\u00edodo m\u00e1ximo de 7 d\u00edas con el fin de supervisar la funci\u00f3n t\u00e9cnica y aumentar la seguridad operativa del alojamiento web sobre la base legal del inter\u00e9s leg\u00edtimo de conformidad con el Art. 6 p\u00e1rrafo 1 lit. f GDPR (medidas de seguridad t\u00e9cnica):<\/p><ul><li>Sitio web visitado\u00a0<\/li><li>Hora en el momento del acceso<\/li><li>Cantidad de datos enviados en bytes<\/li><li>Fuente\/referencia desde la que lleg\u00f3 a la p\u00e1gina<\/li><li>Navegador utilizado<\/li><li>Sistema operativo utilizado\u00a0<\/li><li>Direcci\u00f3n IP utilizada<\/li><\/ul><p>Los datos recogidos s\u00f3lo se utilizan para an\u00e1lisis estad\u00edsticos y para mejorar el sitio web. No obstante, el operador del sitio web se reserva el derecho a comprobar retrospectivamente los archivos de registro del servidor si existen indicios concretos de uso il\u00edcito.<strong>. <\/strong><\/p>\t\t\t\t\t\t\t\t<\/div>\n\t\t\t\t<div class=\"elementor-element elementor-element-0a34c5c elementor-widget elementor-widget-heading\" data-id=\"0a34c5c\" data-element_type=\"widget\" data-e-type=\"widget\" data-widget_type=\"heading.default\">\n\t\t\t\t\t<h3 class=\"elementor-heading-title elementor-size-default\">4. servicios cartogr\u00e1ficos<\/h3>\t\t\t\t<\/div>\n\t\t\t\t<div class=\"elementor-element elementor-element-a0cdb63 elementor-widget elementor-widget-text-editor\" data-id=\"a0cdb63\" data-element_type=\"widget\" data-e-type=\"widget\" data-widget_type=\"text-editor.default\">\n\t\t\t\t\t\t\t\t\t<p>En este sitio web utilizamos los servicios de proveedores de servicios cartogr\u00e1ficos en forma de incrustaci\u00f3n iFrame. Esto nos permite mostrar mapas interactivos directamente en el sitio web y utilizar c\u00f3modamente las funciones cartogr\u00e1ficas.<\/p><p><strong>Google Maps<br \/><\/strong>Como controladores conjuntos con Google Ireland Limited, Gordon House, Barrow Street, Dubl\u00edn 4, Irlanda, procesamos los datos de conexi\u00f3n y los datos del navegador con el fin de mostrar un mapa interactivo durante la visualizaci\u00f3n del mapa. Al hacerlo, permitimos que Google Maps coloque cookies en el PC del usuario y calcule un ID de usuario para identificarlo de forma exclusiva como parte de la red publicitaria operada por Google.<\/p><p>La base jur\u00eddica para el tratamiento es el consentimiento otorgado por usted de conformidad con el art. 96, apdo. 3 TKG ivm. de conformidad con el art. 6, apdo. 1 lit. a GDPR.<\/p><p>En la medida en que Google Maps lleve a cabo un tratamiento posterior independiente de los datos, en particular en el marco de la red publicitaria de Google, Google Maps ser\u00e1 el \u00fanico responsable. Encontrar\u00e1 m\u00e1s informaci\u00f3n al respecto en el <a href=\"https:\/\/www.laufhaus-hwb7.de\/datenschutz\/\" target=\"_blank\" rel=\"noopener\">Pol\u00edtica de privacidad<\/a> de Google Maps.<\/p>\t\t\t\t\t\t\t\t<\/div>\n\t\t\t\t<div class=\"elementor-element elementor-element-f0e8e4b elementor-widget elementor-widget-heading\" data-id=\"f0e8e4b\" data-element_type=\"widget\" data-e-type=\"widget\" data-widget_type=\"heading.default\">\n\t\t\t\t\t<h3 class=\"elementor-heading-title elementor-size-default\">5. sus derechos<\/h3>\t\t\t\t<\/div>\n\t\t\t\t<div class=\"elementor-element elementor-element-b10a635 elementor-widget elementor-widget-text-editor\" data-id=\"b10a635\" data-element_type=\"widget\" data-e-type=\"widget\" data-widget_type=\"text-editor.default\">\n\t\t\t\t\t\t\t\t\t<p>En principio, le corresponden los derechos relativos a sus datos almacenados por nosotros:<\/p><ul><li>Informaci\u00f3n<\/li><li>Correcci\u00f3n<\/li><li>Anulaci\u00f3n<\/li><li>Restricci\u00f3n<\/li><li>Portabilidad de los datos<\/li><li>Anulaci\u00f3n y oposici\u00f3n<\/li><\/ul><p>Para ello, p\u00f3ngase en contacto con nosotros (<a href=\"mailto:hd.gmbh@gmx.de\">hd.gmbh@gmx.de\u00a0<\/a>).<\/p><p>Si considera que el tratamiento de sus datos infringe la ley de protecci\u00f3n de datos o que se han vulnerado sus derechos de protecci\u00f3n de datos de cualquier otro modo, puede presentar una reclamaci\u00f3n ante la autoridad de control competente. En Alemania, la Oficina Estatal de Supervisi\u00f3n de Protecci\u00f3n de Datos de Baviera (<a href=\"https:\/\/www.lda.bayern.de\/de\/kontakt.html\" target=\"_blank\" rel=\"noopener nofollow\">https:\/\/www.lda.bayern.de\/de\/kontakt.html<\/a>) responsable.<\/p>\t\t\t\t\t\t\t\t<\/div>\n\t\t\t\t<div class=\"elementor-element elementor-element-d3d4534 elementor-widget elementor-widget-heading\" data-id=\"d3d4534\" data-element_type=\"widget\" data-e-type=\"widget\" data-widget_type=\"heading.default\">\n\t\t\t\t\t<h3 class=\"elementor-heading-title elementor-size-default\">6 Puede ponerse en contacto con nosotros a trav\u00e9s de los siguientes datos:<\/h3>\t\t\t\t<\/div>\n\t\t\t\t<div class=\"elementor-element elementor-element-45ec2ad elementor-widget elementor-widget-text-editor\" data-id=\"45ec2ad\" data-element_type=\"widget\" data-e-type=\"widget\" data-widget_type=\"text-editor.default\">\n\t\t\t\t\t\t\t\t\t<p>HD GmbH | Helene-Wessel-Bogen 7 | 80939 M\u00fanich \/ Alemania<br \/>T.:\u00a0<a href=\"tel:+4915175758184\">+49 151 757 581 84 <\/a>| E.: <a href=\"mailto:hd.gmbh@gmx.de\">hd.gmbh@gmx.de<\/a><\/p>\t\t\t\t\t\t\t\t<\/div>\n\t\t\t\t\t<\/div>\n\t\t\t\t<\/div>\n\t\t\t\t<\/div>","protected":false},"excerpt":{"rendered":"<p>Erkl\u00e4rung zur Informationspflicht Datenschutzerkl\u00e4rung Stand: 01.07.2025 Der Schutz Deiner pers\u00f6nlichen Daten ist uns ein besonderes Anliegen. Wir verarbeiten Deine Daten daher ausschlie\u00dflich auf Grundlage der gesetzlichen Bestimmungen (DSGVO, TKG 2003). In diesen Datenschutzinformationen informieren wir Sie \u00fcber die wichtigsten Aspekte der Datenverarbeitung im Rahmen unserer Website. 1. Kontakt mit uns Wenn Du uns per E-Mail [&hellip;]<\/p>\n","protected":false},"author":1,"featured_media":0,"parent":0,"menu_order":0,"comment_status":"closed","ping_status":"closed","template":"elementor_header_footer","meta":{"footnotes":""},"class_list":["post-1341","page","type-page","status-publish","hentry"],"_links":{"self":[{"href":"https:\/\/www.laufhaus-hwb7.de\/es\/wp-json\/wp\/v2\/pages\/1341","targetHints":{"allow":["GET"]}}],"collection":[{"href":"https:\/\/www.laufhaus-hwb7.de\/es\/wp-json\/wp\/v2\/pages"}],"about":[{"href":"https:\/\/www.laufhaus-hwb7.de\/es\/wp-json\/wp\/v2\/types\/page"}],"author":[{"embeddable":true,"href":"https:\/\/www.laufhaus-hwb7.de\/es\/wp-json\/wp\/v2\/users\/1"}],"replies":[{"embeddable":true,"href":"https:\/\/www.laufhaus-hwb7.de\/es\/wp-json\/wp\/v2\/comments?post=1341"}],"version-history":[{"count":0,"href":"https:\/\/www.laufhaus-hwb7.de\/es\/wp-json\/wp\/v2\/pages\/1341\/revisions"}],"wp:attachment":[{"href":"https:\/\/www.laufhaus-hwb7.de\/es\/wp-json\/wp\/v2\/media?parent=1341"}],"curies":[{"name":"wp","href":"https:\/\/api.w.org\/{rel}","templated":true}]}}