{"id":1286,"date":"2025-07-14T08:20:07","date_gmt":"2025-07-14T08:20:07","guid":{"rendered":"https:\/\/hwb7.wdw.at\/?page_id=1286"},"modified":"2026-03-12T14:52:32","modified_gmt":"2026-03-12T13:52:32","slug":"impronta","status":"publish","type":"page","link":"https:\/\/www.laufhaus-hwb7.de\/it\/impressum\/","title":{"rendered":"Impronta"},"content":{"rendered":"<div data-elementor-type=\"wp-page\" data-elementor-id=\"1286\" class=\"elementor elementor-1286\" data-elementor-post-type=\"page\">\n\t\t\t\t\t\t<section class=\"elementor-section elementor-top-section elementor-element elementor-element-d8feee0 elementor-section-full_width elementor-section-height-min-height elementor-section-height-default elementor-section-items-middle\" data-id=\"d8feee0\" data-element_type=\"section\" data-e-type=\"section\" data-settings=\"{&quot;background_background&quot;:&quot;classic&quot;}\">\n\t\t\t\t\t\t<div class=\"elementor-container elementor-column-gap-default\">\n\t\t\t\t\t<div class=\"elementor-column elementor-col-100 elementor-top-column elementor-element elementor-element-341a536b\" data-id=\"341a536b\" data-element_type=\"column\" data-e-type=\"column\" data-settings=\"{&quot;background_background&quot;:&quot;slideshow&quot;,&quot;background_slideshow_gallery&quot;:[],&quot;background_slideshow_loop&quot;:&quot;yes&quot;,&quot;background_slideshow_slide_duration&quot;:5000,&quot;background_slideshow_slide_transition&quot;:&quot;fade&quot;,&quot;background_slideshow_transition_duration&quot;:500}\">\n\t\t\t<div class=\"elementor-widget-wrap\">\n\t\t\t\t\t\t\t<\/div>\n\t\t<\/div>\n\t\t\t\t\t<\/div>\n\t\t<\/section>\n\t\t<div class=\"elementor-element elementor-element-d107992 e-flex e-con-boxed e-con e-parent\" data-id=\"d107992\" data-element_type=\"container\" data-e-type=\"container\">\n\t\t\t\t\t<div class=\"e-con-inner\">\n\t\t\t\t<div class=\"elementor-element elementor-element-90b1513 elementor-widget elementor-widget-heading\" data-id=\"90b1513\" data-element_type=\"widget\" data-e-type=\"widget\" data-widget_type=\"heading.default\">\n\t\t\t\t\t<h1 class=\"elementor-heading-title elementor-size-default\">Impressum Bordello Monaco di Baviera HWB7<\/h1>\t\t\t\t<\/div>\n\t\t\t\t\t<\/div>\n\t\t\t\t<\/div>\n\t\t<div class=\"elementor-element elementor-element-2890752 e-flex e-con-boxed e-con e-parent\" data-id=\"2890752\" data-element_type=\"container\" data-e-type=\"container\">\n\t\t\t\t\t<div class=\"e-con-inner\">\n\t\t\t\t<div class=\"elementor-element elementor-element-36a9850 elementor-widget elementor-widget-heading\" data-id=\"36a9850\" data-element_type=\"widget\" data-e-type=\"widget\" data-widget_type=\"heading.default\">\n\t\t\t\t\t<h2 class=\"elementor-heading-title elementor-size-default\">Informazioni legali HWB7<\/h2>\t\t\t\t<\/div>\n\t\t\t\t\t<\/div>\n\t\t\t\t<\/div>\n\t\t<div class=\"elementor-element elementor-element-cd90872 e-flex e-con-boxed e-con e-parent\" data-id=\"cd90872\" data-element_type=\"container\" data-e-type=\"container\">\n\t\t\t\t\t<div class=\"e-con-inner\">\n\t\t<div class=\"elementor-element elementor-element-829a3cd e-grid e-con-full e-con e-child\" data-id=\"829a3cd\" data-element_type=\"container\" data-e-type=\"container\">\n\t\t\t\t<div class=\"elementor-element elementor-element-43a9b40 elementor-widget elementor-widget-heading\" data-id=\"43a9b40\" data-element_type=\"widget\" data-e-type=\"widget\" data-widget_type=\"heading.default\">\n\t\t\t\t\t<h5 class=\"elementor-heading-title elementor-size-default\">Azienda:<\/h5>\t\t\t\t<\/div>\n\t\t\t\t<div class=\"elementor-element elementor-element-2d8f35c elementor-widget elementor-widget-text-editor\" data-id=\"2d8f35c\" data-element_type=\"widget\" data-e-type=\"widget\" data-widget_type=\"text-editor.default\">\n\t\t\t\t\t\t\t\t\t<h3>HD Ltd.<\/h3><p>Helene-Wessel-Bogen 7<br \/>80939 Monaco<\/p><p>E.:\u00a0<a href=\"mailto:hd.gmbh@gmx.de\">hd.gmbh@gmx.de<\/a><\/p>\t\t\t\t\t\t\t\t<\/div>\n\t\t\t\t<div class=\"elementor-element elementor-element-71143b6 elementor-widget elementor-widget-heading\" data-id=\"71143b6\" data-element_type=\"widget\" data-e-type=\"widget\" data-widget_type=\"heading.default\">\n\t\t\t\t\t<h5 class=\"elementor-heading-title elementor-size-default\">Amministratore delegato:<\/h5>\t\t\t\t<\/div>\n\t\t\t\t<div class=\"elementor-element elementor-element-b71701c elementor-widget elementor-widget-text-editor\" data-id=\"b71701c\" data-element_type=\"widget\" data-e-type=\"widget\" data-widget_type=\"text-editor.default\">\n\t\t\t\t\t\t\t\t\t<p>Hannes Haring<\/p>\t\t\t\t\t\t\t\t<\/div>\n\t\t\t\t<div class=\"elementor-element elementor-element-0fbae66 elementor-widget elementor-widget-heading\" data-id=\"0fbae66\" data-element_type=\"widget\" data-e-type=\"widget\" data-widget_type=\"heading.default\">\n\t\t\t\t\t<h5 class=\"elementor-heading-title elementor-size-default\">Registro commerciale e numero:<\/h5>\t\t\t\t<\/div>\n\t\t\t\t<div class=\"elementor-element elementor-element-37dd380 elementor-widget elementor-widget-text-editor\" data-id=\"37dd380\" data-element_type=\"widget\" data-e-type=\"widget\" data-widget_type=\"text-editor.default\">\n\t\t\t\t\t\t\t\t\t<p>HRB 294485 AG Monaco di Baviera<\/p>\t\t\t\t\t\t\t\t<\/div>\n\t\t\t\t<div class=\"elementor-element elementor-element-e50cebb elementor-widget elementor-widget-heading\" data-id=\"e50cebb\" data-element_type=\"widget\" data-e-type=\"widget\" data-widget_type=\"heading.default\">\n\t\t\t\t\t<h5 class=\"elementor-heading-title elementor-size-default\">ID IVA:<\/h5>\t\t\t\t<\/div>\n\t\t\t\t<div class=\"elementor-element elementor-element-a36de1f elementor-widget elementor-widget-text-editor\" data-id=\"a36de1f\" data-element_type=\"widget\" data-e-type=\"widget\" data-widget_type=\"text-editor.default\">\n\t\t\t\t\t\t\t\t\t<p>DE 36 944 69 26<\/p>\t\t\t\t\t\t\t\t<\/div>\n\t\t\t\t<div class=\"elementor-element elementor-element-9df8b63 elementor-widget elementor-widget-heading\" data-id=\"9df8b63\" data-element_type=\"widget\" data-e-type=\"widget\" data-widget_type=\"heading.default\">\n\t\t\t\t\t<h5 class=\"elementor-heading-title elementor-size-default\">Responsabile della protezione dei giovani ai sensi del \u00a7 7 JMStV:<\/h5>\t\t\t\t<\/div>\n\t\t\t\t<div class=\"elementor-element elementor-element-ffb1958 elementor-widget elementor-widget-text-editor\" data-id=\"ffb1958\" data-element_type=\"widget\" data-e-type=\"widget\" data-widget_type=\"text-editor.default\">\n\t\t\t\t\t\t\t\t\t<p>Avvocato Marko D\u00f6rre<br \/>Marienstr. 8, D-10117 Berlino<br \/>T.: <a title=\"+49 30 400 544-99\" href=\"tel: +493040054499\" target=\"_blank\" rel=\"noopener\">+49 30 400 544-99<\/a><br \/>H.: <a title=\"Responsabile della protezione dei giovani ai sensi del \u00a7 7 JMStV\" href=\"https:\/\/www.doerre.com\/\" target=\"_blank\" rel=\"noopener nofollow\">www.doerre.com<\/a><\/p>\t\t\t\t\t\t\t\t<\/div>\n\t\t\t\t<\/div>\n\t\t\t\t\t<\/div>\n\t\t\t\t<\/div>\n\t\t<div class=\"elementor-element elementor-element-dcc4679 e-flex e-con-boxed e-con e-parent\" data-id=\"dcc4679\" data-element_type=\"container\" data-e-type=\"container\">\n\t\t\t\t\t<div class=\"e-con-inner\">\n\t\t\t\t<div class=\"elementor-element elementor-element-1e1bf5a elementor-widget elementor-widget-heading\" data-id=\"1e1bf5a\" data-element_type=\"widget\" data-e-type=\"widget\" data-widget_type=\"heading.default\">\n\t\t\t\t\t<h3 class=\"elementor-heading-title elementor-size-default\">Informazioni legali<\/h3>\t\t\t\t<\/div>\n\t\t\t\t<div class=\"elementor-element elementor-element-9000199 elementor-widget elementor-widget-text-editor\" data-id=\"9000199\" data-element_type=\"widget\" data-e-type=\"widget\" data-widget_type=\"text-editor.default\">\n\t\t\t\t\t\t\t\t\t<p data-start=\"145\" data-end=\"577\">HD GmbH si impegna a controllare e aggiornare regolarmente le informazioni fornite sul proprio sito web. Nonostante i controlli accurati, tuttavia, non si pu\u00f2 escludere che singoli dettagli siano cambiati nel frattempo. Per questo motivo, HD GmbH non si assume alcuna responsabilit\u00e0 o garanzia per l'attualit\u00e0, la correttezza e la completezza dei contenuti forniti.<\/p><p data-start=\"579\" data-end=\"887\">Ci\u00f2 vale anche per tutti i siti web esterni a cui si fa riferimento tramite collegamenti ipertestuali. Il contenuto di questi siti collegati \u00e8 di esclusiva responsabilit\u00e0 dei rispettivi operatori. La creazione di link a tali siti esterni \u00e8 di esclusiva responsabilit\u00e0 dell'utente.<\/p><p data-start=\"889\" data-end=\"1071\">HD GmbH non ha alcuna influenza sul design e sul contenuto dei siti web accessibili tramite tali link e non adotta espressamente il loro contenuto come proprio.<\/p><p data-start=\"1073\" data-end=\"1247\">Inoltre, HD GmbH si riserva espressamente il diritto di modificare, integrare o rimuovere le informazioni fornite in qualsiasi momento e senza preavviso.<\/p><p data-start=\"1249\" data-end=\"1583\">Il contenuto e la struttura di questi siti web sono protetti da copyright. La riproduzione, la modifica, la distribuzione o altro utilizzo delle informazioni, in particolare di testi, parti di testi o immagini, richiede il preventivo consenso scritto del rispettivo autore, che in caso di dubbio \u00e8 HD GmbH.<\/p>\t\t\t\t\t\t\t\t<\/div>\n\t\t\t\t\t<\/div>\n\t\t\t\t<\/div>\n\t\t<div class=\"elementor-element elementor-element-25f66bc e-flex e-con-boxed e-con e-parent\" data-id=\"25f66bc\" data-element_type=\"container\" data-e-type=\"container\">\n\t\t\t\t\t<div class=\"e-con-inner\">\n\t\t\t\t<div class=\"elementor-element elementor-element-d2b349f elementor-widget elementor-widget-text-editor\" data-id=\"d2b349f\" data-element_type=\"widget\" data-e-type=\"widget\" data-widget_type=\"text-editor.default\">\n\t\t\t\t\t\t\t\t\t<p>Non siamo disposti n\u00e9 obbligati a partecipare a procedure di risoluzione delle controversie dinanzi a un organismo di conciliazione dei consumatori.<\/p><p>Questa \u00e8 l'impronta di HWB7 - Brothel Munich (Impressum Bordello). La posizione \u00e8 comoda e facilmente raggiungibile tramite le autostrade A9 e A99. Ingolst\u00e4dter Stra\u00dfe, Frankfurter Ring e Heidemannstra\u00dfe sono particolarmente utili per orientarsi, in quanto forniscono un facile accesso.\u00a0<\/p>\t\t\t\t\t\t\t\t<\/div>\n\t\t\t\t\t<\/div>\n\t\t\t\t<\/div>\n\t\t<div class=\"elementor-element elementor-element-697b813 e-flex e-con-boxed e-con e-parent\" data-id=\"697b813\" data-element_type=\"container\" data-e-type=\"container\">\n\t\t\t\t\t<div class=\"e-con-inner\">\n\t\t\t\t<div class=\"elementor-element elementor-element-3242765 elementor-widget elementor-widget-heading\" data-id=\"3242765\" data-element_type=\"widget\" data-e-type=\"widget\" data-widget_type=\"heading.default\">\n\t\t\t\t\t<h3 class=\"elementor-heading-title elementor-size-default\">Agenzia pubblicitaria<\/h3>\t\t\t\t<\/div>\n\t\t\t\t<div class=\"elementor-element elementor-element-0ed3297 elementor-widget elementor-widget-text-editor\" data-id=\"0ed3297\" data-element_type=\"widget\" data-e-type=\"widget\" data-widget_type=\"text-editor.default\">\n\t\t\t\t\t\t\t\t\t<p><a title=\"WDW WerbeDesign Wanger e.U. - PUBBLICIT\u00c0 CHE FUNZIONA\" href=\"https:\/\/www.wdw.at\/\" target=\"_blank\" rel=\"noopener nofollow\">Agenzia Internet e agenzia pubblicitaria<\/a><br \/>WDW WerbeDesign Wanger e.U.<br \/>5071 Wals vicino a Salisburgo \/ Austria<br \/>H.: <a title=\"WDW WerbeDesign Wanger e.U. - PUBBLICIT\u00c0 CHE FUNZIONA\" href=\"https:\/\/www.wdw.at\/\" target=\"_blank\" rel=\"noopener nofollow\">www.wdw.at<\/a><\/p>\t\t\t\t\t\t\t\t<\/div>\n\t\t\t\t\t<\/div>\n\t\t\t\t<\/div>\n\t\t\t\t<\/div>","protected":false},"excerpt":{"rendered":"<p>Impressum Bordell M\u00fcnchen HWB7 Gesetzliche Informationen Firma: HD GmbH Helene-Wessel-Bogen 7 80939 M\u00fcnchen E.:\u00a0hd.gmbh@gmx.de Gesch\u00e4ftsf\u00fchrer: Hannes Haring Handelsregister und Nummer: HRB 294485 AG M\u00fcnchen USt-ID: DE 36 944 69 26 Jugendschutzbeauftragter gem\u00e4\u00df \u00a7 7 JMStV: Rechtsanwalt Marko D\u00f6rre Marienstr. 8, D-10117 Berlin T.: +49 30 400 544-99 H.: www.doerre.com Rechtliche Informationen Die HD GmbH ist [&hellip;]<\/p>\n","protected":false},"author":1,"featured_media":0,"parent":0,"menu_order":0,"comment_status":"closed","ping_status":"closed","template":"elementor_header_footer","meta":{"footnotes":""},"class_list":["post-1286","page","type-page","status-publish","hentry"],"_links":{"self":[{"href":"https:\/\/www.laufhaus-hwb7.de\/it\/wp-json\/wp\/v2\/pages\/1286","targetHints":{"allow":["GET"]}}],"collection":[{"href":"https:\/\/www.laufhaus-hwb7.de\/it\/wp-json\/wp\/v2\/pages"}],"about":[{"href":"https:\/\/www.laufhaus-hwb7.de\/it\/wp-json\/wp\/v2\/types\/page"}],"author":[{"embeddable":true,"href":"https:\/\/www.laufhaus-hwb7.de\/it\/wp-json\/wp\/v2\/users\/1"}],"replies":[{"embeddable":true,"href":"https:\/\/www.laufhaus-hwb7.de\/it\/wp-json\/wp\/v2\/comments?post=1286"}],"version-history":[{"count":0,"href":"https:\/\/www.laufhaus-hwb7.de\/it\/wp-json\/wp\/v2\/pages\/1286\/revisions"}],"wp:attachment":[{"href":"https:\/\/www.laufhaus-hwb7.de\/it\/wp-json\/wp\/v2\/media?parent=1286"}],"curies":[{"name":"wp","href":"https:\/\/api.w.org\/{rel}","templated":true}]}}