{"id":1341,"date":"2025-07-14T11:25:30","date_gmt":"2025-07-14T11:25:30","guid":{"rendered":"https:\/\/hwb7.wdw.at\/?page_id=1341"},"modified":"2026-01-19T14:30:04","modified_gmt":"2026-01-19T13:30:04","slug":"protezione-dei-dati","status":"publish","type":"page","link":"https:\/\/www.laufhaus-hwb7.de\/it\/datenschutz\/","title":{"rendered":"Protezione dei dati"},"content":{"rendered":"<div data-elementor-type=\"wp-page\" data-elementor-id=\"1341\" class=\"elementor elementor-1341\" data-elementor-post-type=\"page\">\n\t\t\t\t\t\t<section class=\"elementor-section elementor-top-section elementor-element elementor-element-280faf07 elementor-section-full_width elementor-section-height-min-height elementor-section-height-default elementor-section-items-middle\" data-id=\"280faf07\" data-element_type=\"section\" data-e-type=\"section\" data-settings=\"{&quot;background_background&quot;:&quot;classic&quot;}\">\n\t\t\t\t\t\t<div class=\"elementor-container elementor-column-gap-default\">\n\t\t\t\t\t<div class=\"elementor-column elementor-col-100 elementor-top-column elementor-element elementor-element-6fbba8db\" data-id=\"6fbba8db\" data-element_type=\"column\" data-e-type=\"column\">\n\t\t\t<div class=\"elementor-widget-wrap\">\n\t\t\t\t\t\t\t<\/div>\n\t\t<\/div>\n\t\t\t\t\t<\/div>\n\t\t<\/section>\n\t\t<div class=\"elementor-element elementor-element-71aa135 e-flex e-con-boxed e-con e-parent\" data-id=\"71aa135\" data-element_type=\"container\" data-e-type=\"container\">\n\t\t\t\t\t<div class=\"e-con-inner\">\n\t\t\t\t<div class=\"elementor-element elementor-element-cfd6283 elementor-widget elementor-widget-heading\" data-id=\"cfd6283\" data-element_type=\"widget\" data-e-type=\"widget\" data-widget_type=\"heading.default\">\n\t\t\t\t\t<h1 class=\"elementor-heading-title elementor-size-default\">Dichiarazione sul dovere di informazione<\/h1>\t\t\t\t<\/div>\n\t\t\t\t<div class=\"elementor-element elementor-element-6a30445 elementor-widget elementor-widget-heading\" data-id=\"6a30445\" data-element_type=\"widget\" data-e-type=\"widget\" data-widget_type=\"heading.default\">\n\t\t\t\t\t<h2 class=\"elementor-heading-title elementor-size-default\">Informativa sulla privacy<\/h2>\t\t\t\t<\/div>\n\t\t\t\t\t<\/div>\n\t\t\t\t<\/div>\n\t\t<div class=\"elementor-element elementor-element-07ac051 e-flex e-con-boxed e-con e-parent\" data-id=\"07ac051\" data-element_type=\"container\" data-e-type=\"container\">\n\t\t\t\t\t<div class=\"e-con-inner\">\n\t\t\t\t<div class=\"elementor-element elementor-element-71c8f11 elementor-widget elementor-widget-text-editor\" data-id=\"71c8f11\" data-element_type=\"widget\" data-e-type=\"widget\" data-widget_type=\"text-editor.default\">\n\t\t\t\t\t\t\t\t\t<p>Stato: 01.07.2025<\/p><p>La protezione dei vostri dati personali ci sta particolarmente a cuore. Per questo motivo trattiamo i vostri dati esclusivamente sulla base delle disposizioni di legge (GDPR, TKG 2003). In questa informativa sulla protezione dei dati, vi informiamo sugli aspetti pi\u00f9 importanti del trattamento dei dati sul nostro sito web.<\/p>\t\t\t\t\t\t\t\t<\/div>\n\t\t\t\t<div class=\"elementor-element elementor-element-a24dc8a elementor-widget elementor-widget-heading\" data-id=\"a24dc8a\" data-element_type=\"widget\" data-e-type=\"widget\" data-widget_type=\"heading.default\">\n\t\t\t\t\t<h3 class=\"elementor-heading-title elementor-size-default\">1. contatto con noi<\/h3>\t\t\t\t<\/div>\n\t\t\t\t<div class=\"elementor-element elementor-element-fcfe9bd elementor-widget elementor-widget-text-editor\" data-id=\"fcfe9bd\" data-element_type=\"widget\" data-e-type=\"widget\" data-widget_type=\"text-editor.default\">\n\t\t\t\t\t\t\t\t\t<p>Se ci contattate via e-mail, i dati da voi forniti saranno da noi conservati per sei mesi allo scopo di elaborare la vostra richiesta e in caso di domande successive. Non trasmetteremo questi dati senza il vostro consenso.<\/p>\t\t\t\t\t\t\t\t<\/div>\n\t\t\t\t<div class=\"elementor-element elementor-element-d161f35 elementor-widget elementor-widget-heading\" data-id=\"d161f35\" data-element_type=\"widget\" data-e-type=\"widget\" data-widget_type=\"heading.default\">\n\t\t\t\t\t<h3 class=\"elementor-heading-title elementor-size-default\">2. biscotti<\/h3>\t\t\t\t<\/div>\n\t\t\t\t<div class=\"elementor-element elementor-element-1eeb418 elementor-widget elementor-widget-text-editor\" data-id=\"1eeb418\" data-element_type=\"widget\" data-e-type=\"widget\" data-widget_type=\"text-editor.default\">\n\t\t\t\t\t\t\t\t\t<p><strong>2.1 Cookie tecnici e funzionali<\/strong><\/p><p>Il nostro sito web e i relativi processi di trattamento dei dati memorizzano determinate informazioni direttamente nel browser web dell'utente (ad es. tramite \u201ecookie\u201c) al fine di garantire determinate funzionalit\u00e0.<\/p><p>Tali informazioni possono essere impostate sia direttamente dal nostro sito web (\u201evoci di primo livello\u201c) sia tramite i servizi di responsabili del trattamento (ad es. durante l'invio di e-mail o per l'analisi web). Al primo accesso al nostro sito web vengono utilizzate solo voci di primo livello tecnicamente necessarie.<\/p><p>La maggior parte dei browser web offre funzioni per visualizzare ed eliminare i cookie gi\u00e0 impostati. \u00c8 inoltre possibile configurare il browser in modo tale che non vengano impostati cookie. Si prega tuttavia di notare che ci\u00f2 potrebbe compromettere alcune funzionalit\u00e0 del nostro sito web.<\/p><p>Le voci del browser utilizzate per il trattamento dei dati sono indicate nei singoli trattamenti dei dati elencati di seguito.<\/p><p><strong>2.2 Utilizzo di cookie e altre tecnologie per l'analisi web e scopi pubblicitari<br \/><\/strong><\/p><p>Se avete prestato il vostro consenso ai sensi dell'art. 6, comma 1, lett. a) del GDPR, sul nostro sito web utilizziamo i seguenti cookie e altre tecnologie di fornitori terzi. Una volta venuta meno la finalit\u00e0 e terminato l'utilizzo della rispettiva tecnologia da parte nostra, i dati raccolti in questo contesto vengono cancellati. Potete revocare il vostro consenso in qualsiasi momento con effetto per il futuro. Ulteriori informazioni sulle possibilit\u00e0 di revoca sono disponibili nella sezione \u201eCookie e altre tecnologie\u201c. Ulteriori informazioni, compresa la base della nostra collaborazione con i singoli fornitori, sono disponibili nelle singole tecnologie. In caso di domande sui fornitori e sulla base della nostra collaborazione con essi, si prega di contattare l'indirizzo indicato nella presente informativa sulla privacy.<\/p><p><strong>Utilizzo dei servizi Google<\/strong><\/p><p>Utilizziamo le tecnologie di Google Ireland Ltd., Gordon House, Barrow Street, Dublino 4, Irlanda (\u201eGoogle\u201c) descritte di seguito. Le informazioni raccolte automaticamente dalle tecnologie di Google relative all'utilizzo del nostro sito web vengono generalmente trasmesse a un server di Google LLC, 1600 Amphitheatre Parkway Mountain View, CA 94043, USA, dove vengono memorizzate. Per gli Stati Uniti non esiste una decisione di adeguatezza della Commissione Europea. La nostra collaborazione si basa sulle clausole standard di protezione dei dati della Commissione Europea. Se il vostro indirizzo IP viene raccolto tramite le tecnologie di Google, esso viene abbreviato prima di essere memorizzato sui server di Google attivando l'anonimizzazione dell'IP. Solo in casi eccezionali l'indirizzo IP completo viene trasmesso a un server di Google e l\u00ec abbreviato. Salvo diversa indicazione per le singole tecnologie, il trattamento dei dati avviene sulla base di un accordo stipulato per la rispettiva tecnologia tra i responsabili congiunti ai sensi dell'art. 26 del GDPR. Ulteriori informazioni sul trattamento dei dati da parte di Google sono disponibili nelle <a href=\"https:\/\/policies.google.com\/privacy?hl=de\" target=\"_blank\" rel=\"noopener nofollow\">Informativa sulla privacy di Google<\/a>.<\/p><p><strong>Google Analytics<\/strong><\/p><p>Ai fini dell'analisi del sito web, Google Analytics raccoglie e memorizza automaticamente i dati (indirizzo IP, ora della visita, informazioni sul dispositivo e sul browser, nonch\u00e9 informazioni sull'utilizzo del nostro sito web), dai quali vengono creati profili di utilizzo utilizzando pseudonimi. A tal fine possono essere utilizzati dei cookie. Il vostro indirizzo IP non viene mai associato ad altri dati di Google. Il trattamento dei dati avviene sulla base di un accordo sul trattamento dei dati da parte di Google.<\/p>\t\t\t\t\t\t\t\t<\/div>\n\t\t\t\t<div class=\"elementor-element elementor-element-6b6e157 elementor-widget elementor-widget-heading\" data-id=\"6b6e157\" data-element_type=\"widget\" data-e-type=\"widget\" data-widget_type=\"heading.default\">\n\t\t\t\t\t<h3 class=\"elementor-heading-title elementor-size-default\">3. hosting<\/h3>\t\t\t\t<\/div>\n\t\t\t\t<div class=\"elementor-element elementor-element-ee408fc elementor-widget elementor-widget-text-editor\" data-id=\"ee408fc\" data-element_type=\"widget\" data-e-type=\"widget\" data-widget_type=\"text-editor.default\">\n\t\t\t\t\t\t\t\t\t<p>Per la gestione del nostro sito web utilizziamo un host web esterno.<\/p><p><strong>Provider di hosting<\/strong><br \/>Per la sicurezza dei dati e dei guasti elaboriamo i dati personali di connessione con l'aiuto dei seguenti elaboratori per un periodo massimo di 7 giorni.<\/p><p>La base giuridica del trattamento \u00e8 il nostro legittimo interesse ai sensi dell'art. 6 par. 1 lett. f GDPR (misure tecniche di sicurezza).<\/p><p><strong>Servizio:<\/strong> Web e mail hosting<br \/><strong>Operatore:<\/strong> <a href=\"https:\/\/www.wdw.at\" target=\"_blank\" rel=\"noopener nofollow\">WDW WerbeDesign Wanger e.U.<\/a><br \/><strong>Informativa sulla privacy: <\/strong><a href=\"https:\/\/www.wdw.at\/datenschutz.htm\" target=\"_blank\" rel=\"noopener nofollow\">https:\/\/www.wdw.at\/datenschutz.htm<\/a><\/p><p><strong>Dati di accesso<\/strong><br \/>Nell'ambito dell'hosting, elaboriamo i seguenti dati personali dell'utente in un file di log del server per un periodo massimo di 7 giorni allo scopo di monitorare il funzionamento tecnico e aumentare la sicurezza operativa del web host sulla base giuridica del legittimo interesse ai sensi dell'art. 6 par. 1 lit. f GDPR (misure di sicurezza tecnica):<\/p><ul><li>Sito web visitato\u00a0<\/li><li>Tempo al momento dell'accesso<\/li><li>Quantit\u00e0 di dati inviati in byte<\/li><li>Fonte\/riferimento da cui si \u00e8 arrivati alla pagina<\/li><li>Browser utilizzato<\/li><li>Sistema operativo utilizzato\u00a0<\/li><li>Indirizzo IP utilizzato<\/li><\/ul><p>I dati raccolti vengono utilizzati esclusivamente per analisi statistiche e per migliorare il sito web. Tuttavia, il gestore del sito web si riserva il diritto di controllare a posteriori i file di log del server qualora vi siano indizi concreti di un utilizzo illecito.<strong>. <\/strong><\/p>\t\t\t\t\t\t\t\t<\/div>\n\t\t\t\t<div class=\"elementor-element elementor-element-0a34c5c elementor-widget elementor-widget-heading\" data-id=\"0a34c5c\" data-element_type=\"widget\" data-e-type=\"widget\" data-widget_type=\"heading.default\">\n\t\t\t\t\t<h3 class=\"elementor-heading-title elementor-size-default\">4. servizi di cartografia<\/h3>\t\t\t\t<\/div>\n\t\t\t\t<div class=\"elementor-element elementor-element-a0cdb63 elementor-widget elementor-widget-text-editor\" data-id=\"a0cdb63\" data-element_type=\"widget\" data-e-type=\"widget\" data-widget_type=\"text-editor.default\">\n\t\t\t\t\t\t\t\t\t<p>Su questo sito web utilizziamo i servizi di fornitori di mappe sotto forma di embedding iFrame. Questo ci permette di visualizzare mappe interattive direttamente sul sito web e di utilizzare comodamente le funzioni delle mappe.<\/p><p><strong>Google Maps<br \/><\/strong>In qualit\u00e0 di contitolari del trattamento con Google Ireland Limited, Gordon House, Barrow Street, Dublino 4, Irlanda, elaboriamo i dati di connessione e i dati del browser allo scopo di visualizzare una mappa interattiva per la durata della visualizzazione della mappa. In tal modo, consentiamo a Google Maps di collocare dei cookie sul PC dell'utente e di calcolare un ID utente per identificare in modo univoco l'utente nell'ambito della rete pubblicitaria gestita da Google.<\/p><p>La base giuridica per il trattamento \u00e8 il consenso da voi dato ai sensi del \u00a7 96 comma 3 TKG ivm. ai sensi dell'art. 6 comma 1 lett. a GDPR.<\/p><p>Nella misura in cui Google Maps effettua un'ulteriore elaborazione indipendente dei dati, in particolare nell'ambito della rete pubblicitaria di Google, Google Maps ne \u00e8 l'unico responsabile. I dettagli sono riportati nella sezione <a href=\"https:\/\/www.laufhaus-hwb7.de\/datenschutz\/\" target=\"_blank\" rel=\"noopener\">Informativa sulla privacy<\/a> da Google Maps.<\/p>\t\t\t\t\t\t\t\t<\/div>\n\t\t\t\t<div class=\"elementor-element elementor-element-f0e8e4b elementor-widget elementor-widget-heading\" data-id=\"f0e8e4b\" data-element_type=\"widget\" data-e-type=\"widget\" data-widget_type=\"heading.default\">\n\t\t\t\t\t<h3 class=\"elementor-heading-title elementor-size-default\">5. I vostri diritti<\/h3>\t\t\t\t<\/div>\n\t\t\t\t<div class=\"elementor-element elementor-element-b10a635 elementor-widget elementor-widget-text-editor\" data-id=\"b10a635\" data-element_type=\"widget\" data-e-type=\"widget\" data-widget_type=\"text-editor.default\">\n\t\t\t\t\t\t\t\t\t<p>In linea di principio, vi spettano i diritti relativi ai vostri dati memorizzati da noi:<\/p><ul><li>Informazioni<\/li><li>Correzione<\/li><li>Cancellazione<\/li><li>Restrizione<\/li><li>Portabilit\u00e0 dei dati<\/li><li>Cancellazione e obiezione<\/li><\/ul><p>Per farlo, contattateci (<a href=\"mailto:hd.gmbh@gmx.de\">hd.gmbh@gmx.de\u00a0<\/a>).<\/p><p>Se ritenete che il trattamento dei vostri dati violi la legge sulla protezione dei dati o che i vostri diritti di protezione dei dati siano stati violati in qualsiasi altro modo, potete presentare un reclamo all'autorit\u00e0 di controllo competente. In Germania, l'Ufficio statale bavarese per il controllo della protezione dei dati (<a href=\"https:\/\/www.lda.bayern.de\/de\/kontakt.html\" target=\"_blank\" rel=\"noopener nofollow\">https:\/\/www.lda.bayern.de\/de\/kontakt.html<\/a>) responsabile.<\/p>\t\t\t\t\t\t\t\t<\/div>\n\t\t\t\t<div class=\"elementor-element elementor-element-d3d4534 elementor-widget elementor-widget-heading\" data-id=\"d3d4534\" data-element_type=\"widget\" data-e-type=\"widget\" data-widget_type=\"heading.default\">\n\t\t\t\t\t<h3 class=\"elementor-heading-title elementor-size-default\">6 Potete contattarci utilizzando i seguenti recapiti:<\/h3>\t\t\t\t<\/div>\n\t\t\t\t<div class=\"elementor-element elementor-element-45ec2ad elementor-widget elementor-widget-text-editor\" data-id=\"45ec2ad\" data-element_type=\"widget\" data-e-type=\"widget\" data-widget_type=\"text-editor.default\">\n\t\t\t\t\t\t\t\t\t<p>HD GmbH | Helene-Wessel-Bogen 7 | 80939 Monaco \/ Germania<br \/>T.:\u00a0<a href=\"tel:+4915175758184\">+49 151 757 581 84 <\/a>| E.: <a href=\"mailto:hd.gmbh@gmx.de\">hd.gmbh@gmx.de<\/a><\/p>\t\t\t\t\t\t\t\t<\/div>\n\t\t\t\t\t<\/div>\n\t\t\t\t<\/div>\n\t\t\t\t<\/div>","protected":false},"excerpt":{"rendered":"<p>Erkl\u00e4rung zur Informationspflicht Datenschutzerkl\u00e4rung Stand: 01.07.2025 Der Schutz Deiner pers\u00f6nlichen Daten ist uns ein besonderes Anliegen. Wir verarbeiten Deine Daten daher ausschlie\u00dflich auf Grundlage der gesetzlichen Bestimmungen (DSGVO, TKG 2003). In diesen Datenschutzinformationen informieren wir Sie \u00fcber die wichtigsten Aspekte der Datenverarbeitung im Rahmen unserer Website. 1. Kontakt mit uns Wenn Du uns per E-Mail [&hellip;]<\/p>\n","protected":false},"author":1,"featured_media":0,"parent":0,"menu_order":0,"comment_status":"closed","ping_status":"closed","template":"elementor_header_footer","meta":{"footnotes":""},"class_list":["post-1341","page","type-page","status-publish","hentry"],"_links":{"self":[{"href":"https:\/\/www.laufhaus-hwb7.de\/it\/wp-json\/wp\/v2\/pages\/1341","targetHints":{"allow":["GET"]}}],"collection":[{"href":"https:\/\/www.laufhaus-hwb7.de\/it\/wp-json\/wp\/v2\/pages"}],"about":[{"href":"https:\/\/www.laufhaus-hwb7.de\/it\/wp-json\/wp\/v2\/types\/page"}],"author":[{"embeddable":true,"href":"https:\/\/www.laufhaus-hwb7.de\/it\/wp-json\/wp\/v2\/users\/1"}],"replies":[{"embeddable":true,"href":"https:\/\/www.laufhaus-hwb7.de\/it\/wp-json\/wp\/v2\/comments?post=1341"}],"version-history":[{"count":0,"href":"https:\/\/www.laufhaus-hwb7.de\/it\/wp-json\/wp\/v2\/pages\/1341\/revisions"}],"wp:attachment":[{"href":"https:\/\/www.laufhaus-hwb7.de\/it\/wp-json\/wp\/v2\/media?parent=1341"}],"curies":[{"name":"wp","href":"https:\/\/api.w.org\/{rel}","templated":true}]}}