{"id":37,"date":"2025-06-18T07:40:01","date_gmt":"2025-06-18T07:40:01","guid":{"rendered":"https:\/\/hwb7.wdw.at\/?page_id=37"},"modified":"2026-03-12T14:27:46","modified_gmt":"2026-03-12T13:27:46","slug":"a-z","status":"publish","type":"page","link":"https:\/\/www.laufhaus-hwb7.de\/it\/a-z\/","title":{"rendered":"A-Z"},"content":{"rendered":"<div data-elementor-type=\"wp-page\" data-elementor-id=\"37\" class=\"elementor elementor-37\" data-elementor-post-type=\"page\">\n\t\t\t\t\t\t<section class=\"elementor-section elementor-top-section elementor-element elementor-element-7547087 elementor-section-full_width elementor-section-height-min-height elementor-section-height-default elementor-section-items-middle\" data-id=\"7547087\" data-element_type=\"section\" data-e-type=\"section\" data-settings=\"{&quot;background_background&quot;:&quot;classic&quot;}\">\n\t\t\t\t\t\t<div class=\"elementor-container elementor-column-gap-default\">\n\t\t\t\t\t<div class=\"elementor-column elementor-col-100 elementor-top-column elementor-element elementor-element-ae3ad5e\" data-id=\"ae3ad5e\" data-element_type=\"column\" data-e-type=\"column\">\n\t\t\t<div class=\"elementor-widget-wrap\">\n\t\t\t\t\t\t\t<\/div>\n\t\t<\/div>\n\t\t\t\t\t<\/div>\n\t\t<\/section>\n\t\t<div class=\"elementor-element elementor-element-cc4ec2d e-flex e-con-boxed e-con e-parent\" data-id=\"cc4ec2d\" data-element_type=\"container\" data-e-type=\"container\">\n\t\t\t\t\t<div class=\"e-con-inner\">\n\t\t\t\t<div class=\"elementor-element elementor-element-5b48854 elementor-widget elementor-widget-heading\" data-id=\"5b48854\" data-element_type=\"widget\" data-e-type=\"widget\" data-widget_type=\"heading.default\">\n\t\t\t\t\t<h1 class=\"elementor-heading-title elementor-size-default\">Laufhaus HWB 7 Monaco<\/h1>\t\t\t\t<\/div>\n\t\t\t\t<div class=\"elementor-element elementor-element-5207d8d elementor-widget elementor-widget-heading\" data-id=\"5207d8d\" data-element_type=\"widget\" data-e-type=\"widget\" data-widget_type=\"heading.default\">\n\t\t\t\t\t<h2 class=\"elementor-heading-title elementor-size-default\">Informazioni dalla A alla Z<\/h2>\t\t\t\t<\/div>\n\t\t\t\t\t<\/div>\n\t\t\t\t<\/div>\n\t\t<div class=\"elementor-element elementor-element-cf85888 e-flex e-con-boxed e-con e-parent\" data-id=\"cf85888\" data-element_type=\"container\" data-e-type=\"container\">\n\t\t\t\t\t<div class=\"e-con-inner\">\n\t\t\t\t<div class=\"elementor-element elementor-element-2303251 elementor-widget elementor-widget-heading\" data-id=\"2303251\" data-element_type=\"widget\" data-e-type=\"widget\" data-widget_type=\"heading.default\">\n\t\t\t\t\t<h3 class=\"elementor-heading-title elementor-size-default\">Indirizzo<\/h3>\t\t\t\t<\/div>\n\t\t\t\t<div class=\"elementor-element elementor-element-4664df0 elementor-widget elementor-widget-text-editor\" data-id=\"4664df0\" data-element_type=\"widget\" data-e-type=\"widget\" data-widget_type=\"text-editor.default\">\n\t\t\t\t\t\t\t\t\t<p>Helene-Wessel-Bogen 7, 80939 Monaco.<\/p>\t\t\t\t\t\t\t\t<\/div>\n\t\t\t\t\t<\/div>\n\t\t\t\t<\/div>\n\t\t<div class=\"elementor-element elementor-element-10fba94 e-flex e-con-boxed e-con e-parent\" data-id=\"10fba94\" data-element_type=\"container\" data-e-type=\"container\">\n\t\t\t\t\t<div class=\"e-con-inner\">\n\t\t\t\t<div class=\"elementor-element elementor-element-9ac7afe elementor-widget elementor-widget-heading\" data-id=\"9ac7afe\" data-element_type=\"widget\" data-e-type=\"widget\" data-widget_type=\"heading.default\">\n\t\t\t\t\t<h3 class=\"elementor-heading-title elementor-size-default\">Come arrivare<\/h3>\t\t\t\t<\/div>\n\t\t\t\t<div class=\"elementor-element elementor-element-350c420 elementor-widget elementor-widget-text-editor\" data-id=\"350c420\" data-element_type=\"widget\" data-e-type=\"widget\" data-widget_type=\"text-editor.default\">\n\t\t\t\t\t\t\t\t\t<p>Tutte le strade portano da noi:<\/p><p>\u00c8 possibile raggiungerci facilmente tramite le vicine autostrade A9 e A99. Per orientarsi \u00e8 meglio utilizzare Ingolst\u00e4dter Stra\u00dfe, Frankfurter Ring o Heidemannstra\u00dfe.<\/p>\t\t\t\t\t\t\t\t<\/div>\n\t\t\t\t\t<\/div>\n\t\t\t\t<\/div>\n\t\t<div class=\"elementor-element elementor-element-06dd650 e-flex e-con-boxed e-con e-parent\" data-id=\"06dd650\" data-element_type=\"container\" data-e-type=\"container\">\n\t\t\t\t\t<div class=\"e-con-inner\">\n\t\t\t\t<div class=\"elementor-element elementor-element-795a428 elementor-widget elementor-widget-heading\" data-id=\"795a428\" data-element_type=\"widget\" data-e-type=\"widget\" data-widget_type=\"heading.default\">\n\t\t\t\t\t<h3 class=\"elementor-heading-title elementor-size-default\">Bancomat \/ ATM<\/h3>\t\t\t\t<\/div>\n\t\t\t\t<div class=\"elementor-element elementor-element-f28e694 elementor-widget elementor-widget-text-editor\" data-id=\"f28e694\" data-element_type=\"widget\" data-e-type=\"widget\" data-widget_type=\"text-editor.default\">\n\t\t\t\t\t\t\t\t\t<p>Due sportelli automatici disponibili sul posto:<\/p><ul><li>All\u2019ingresso del Gentlemen\u2019s Bar<\/li><li>Nel parcheggio, vicino all\u2019ingresso principale<br \/><br \/><\/li><\/ul>\t\t\t\t\t\t\t\t<\/div>\n\t\t\t\t\t<\/div>\n\t\t\t\t<\/div>\n\t\t<div class=\"elementor-element elementor-element-ab8825a e-flex e-con-boxed e-con e-parent\" data-id=\"ab8825a\" data-element_type=\"container\" data-e-type=\"container\">\n\t\t\t\t\t<div class=\"e-con-inner\">\n\t\t\t\t<div class=\"elementor-element elementor-element-bf5a9c7 elementor-widget elementor-widget-heading\" data-id=\"bf5a9c7\" data-element_type=\"widget\" data-e-type=\"widget\" data-widget_type=\"heading.default\">\n\t\t\t\t\t<h3 class=\"elementor-heading-title elementor-size-default\">Accessibilit\u00e0<\/h3>\t\t\t\t<\/div>\n\t\t\t\t<div class=\"elementor-element elementor-element-b9f70c7 elementor-widget elementor-widget-text-editor\" data-id=\"b9f70c7\" data-element_type=\"widget\" data-e-type=\"widget\" data-widget_type=\"text-editor.default\">\n\t\t\t\t\t\t\t\t\t<p>Ascensore disponibile per un accesso senza barriere. Tutti i piani sono facilmente raggiungibili senza scale.<\/p>\t\t\t\t\t\t\t\t<\/div>\n\t\t\t\t\t<\/div>\n\t\t\t\t<\/div>\n\t\t<div class=\"elementor-element elementor-element-8a44e0d e-flex e-con-boxed e-con e-parent\" data-id=\"8a44e0d\" data-element_type=\"container\" data-e-type=\"container\">\n\t\t\t\t\t<div class=\"e-con-inner\">\n\t\t\t\t<div class=\"elementor-element elementor-element-fd6e0bd elementor-widget elementor-widget-heading\" data-id=\"fd6e0bd\" data-element_type=\"widget\" data-e-type=\"widget\" data-widget_type=\"heading.default\">\n\t\t\t\t\t<h3 class=\"elementor-heading-title elementor-size-default\">Ingresso<\/h3>\t\t\t\t<\/div>\n\t\t\t\t<div class=\"elementor-element elementor-element-040f6ed elementor-widget elementor-widget-text-editor\" data-id=\"040f6ed\" data-element_type=\"widget\" data-e-type=\"widget\" data-widget_type=\"text-editor.default\">\n\t\t\t\t\t\t\t\t\t<p>Massima discrezione!<\/p><p>Si accede alla casa di tolleranza in modo discreto dall'ingresso posteriore.<\/p><p>Non \u00e8 visibile dalla strada e garantisce il massimo anonimato quando si entra e si esce dall'edificio.<\/p>\t\t\t\t\t\t\t\t<\/div>\n\t\t\t\t\t<\/div>\n\t\t\t\t<\/div>\n\t\t<div class=\"elementor-element elementor-element-0081bae e-flex e-con-boxed e-con e-parent\" data-id=\"0081bae\" data-element_type=\"container\" data-e-type=\"container\">\n\t\t\t\t\t<div class=\"e-con-inner\">\n\t\t\t\t<div class=\"elementor-element elementor-element-a3246f5 elementor-widget elementor-widget-heading\" data-id=\"a3246f5\" data-element_type=\"widget\" data-e-type=\"widget\" data-widget_type=\"heading.default\">\n\t\t\t\t\t<h3 class=\"elementor-heading-title elementor-size-default\">Ingresso gratuito<\/h3>\t\t\t\t<\/div>\n\t\t\t\t<div class=\"elementor-element elementor-element-3551c3c elementor-widget elementor-widget-text-editor\" data-id=\"3551c3c\" data-element_type=\"widget\" data-e-type=\"widget\" data-widget_type=\"text-editor.default\">\n\t\t\t\t\t\t\t\t\t<p class=\" translation-block\">L'ingresso \u00e8 naturalmente <strong>gratuito<\/strong>.<\/p>\t\t\t\t\t\t\t\t<\/div>\n\t\t\t\t\t<\/div>\n\t\t\t\t<\/div>\n\t\t<div class=\"elementor-element elementor-element-8d4eb7f e-flex e-con-boxed e-con e-parent\" data-id=\"8d4eb7f\" data-element_type=\"container\" data-e-type=\"container\">\n\t\t\t\t\t<div class=\"e-con-inner\">\n\t\t\t\t<div class=\"elementor-element elementor-element-a028bfa elementor-widget elementor-widget-heading\" data-id=\"a028bfa\" data-element_type=\"widget\" data-e-type=\"widget\" data-widget_type=\"heading.default\">\n\t\t\t\t\t<h3 class=\"elementor-heading-title elementor-size-default\">Posizione<\/h3>\t\t\t\t<\/div>\n\t\t\t\t<div class=\"elementor-element elementor-element-15dd246 elementor-widget elementor-widget-text-editor\" data-id=\"15dd246\" data-element_type=\"widget\" data-e-type=\"widget\" data-widget_type=\"text-editor.default\">\n\t\t\t\t\t\t\t\t\t<p>Posizione migliore<\/p><p>Posizione eccellente: discreta ma centrale, in una tranquilla traversa dell\u2019Euro-Industrie-Park a nord di Monaco.<\/p>\t\t\t\t\t\t\t\t<\/div>\n\t\t\t\t\t<\/div>\n\t\t\t\t<\/div>\n\t\t<div class=\"elementor-element elementor-element-051b27a e-flex e-con-boxed e-con e-parent\" data-id=\"051b27a\" data-element_type=\"container\" data-e-type=\"container\">\n\t\t\t\t\t<div class=\"e-con-inner\">\n\t\t\t\t<div class=\"elementor-element elementor-element-0740dcd elementor-widget elementor-widget-heading\" data-id=\"0740dcd\" data-element_type=\"widget\" data-e-type=\"widget\" data-widget_type=\"heading.default\">\n\t\t\t\t\t<h3 class=\"elementor-heading-title elementor-size-default\">Cos\u2019\u00e8 il Laufhaus HWB 7?<\/h3>\t\t\t\t<\/div>\n\t\t\t\t<div class=\"elementor-element elementor-element-3286b36 elementor-widget elementor-widget-text-editor\" data-id=\"3286b36\" data-element_type=\"widget\" data-e-type=\"widget\" data-widget_type=\"text-editor.default\">\n\t\t\t\t\t\t\t\t\t<p>Gli appartamenti del Laufhaus HWB 7 sono affittati esclusivamente a donne che li utilizzano in modo autonomo e per conto proprio.<\/p><p>Le inquiline ricevono i loro ospiti nelle camere, con porta aperta o chiusa a seconda della preferenza.<\/p><p>La luce sopra la porta indica la disponibilit\u00e0: verde = disponibile, rosso = non disponibile.<\/p>\t\t\t\t\t\t\t\t<\/div>\n\t\t\t\t\t<\/div>\n\t\t\t\t<\/div>\n\t\t<div class=\"elementor-element elementor-element-5e59431 e-flex e-con-boxed e-con e-parent\" data-id=\"5e59431\" data-element_type=\"container\" data-e-type=\"container\">\n\t\t\t\t\t<div class=\"e-con-inner\">\n\t\t\t\t<div class=\"elementor-element elementor-element-22a9b01 elementor-widget elementor-widget-heading\" data-id=\"22a9b01\" data-element_type=\"widget\" data-e-type=\"widget\" data-widget_type=\"heading.default\">\n\t\t\t\t\t<h3 class=\"elementor-heading-title elementor-size-default\">Spazio sicuro LGBTQI+<\/h3>\t\t\t\t<\/div>\n\t\t\t\t<div class=\"elementor-element elementor-element-7c91875 elementor-widget elementor-widget-text-editor\" data-id=\"7c91875\" data-element_type=\"widget\" data-e-type=\"widget\" data-widget_type=\"text-editor.default\">\n\t\t\t\t\t\t\t\t\t<p>Garantiamo un ambiente rispettoso, aperto e sicuro per tutti. Indipendentemente da identit\u00e0 di genere o orientamento sessuale: sei benvenuto\/a cos\u00ec come sei.<\/p><p>Il Laufhaus HWB 7 si definisce uno spazio sicuro LGBTQI+, senza eccezioni.<\/p>\t\t\t\t\t\t\t\t<\/div>\n\t\t\t\t\t<\/div>\n\t\t\t\t<\/div>\n\t\t<div class=\"elementor-element elementor-element-c85e962 e-flex e-con-boxed e-con e-parent\" data-id=\"c85e962\" data-element_type=\"container\" data-e-type=\"container\">\n\t\t\t\t\t<div class=\"e-con-inner\">\n\t\t\t\t<div class=\"elementor-element elementor-element-e5610ce elementor-widget elementor-widget-heading\" data-id=\"e5610ce\" data-element_type=\"widget\" data-e-type=\"widget\" data-widget_type=\"heading.default\">\n\t\t\t\t\t<h3 class=\"elementor-heading-title elementor-size-default\">Parcheggi<\/h3>\t\t\t\t<\/div>\n\t\t\t\t<div class=\"elementor-element elementor-element-04a8d14 elementor-widget elementor-widget-text-editor\" data-id=\"04a8d14\" data-element_type=\"widget\" data-e-type=\"widget\" data-widget_type=\"text-editor.default\">\n\t\t\t\t\t\t\t\t\t<p>Parcheggi gratuiti e discreti si trovano sul retro dell\u2019edificio, non visibili dalla strada.<\/p>\t\t\t\t\t\t\t\t<\/div>\n\t\t\t\t\t<\/div>\n\t\t\t\t<\/div>\n\t\t<div class=\"elementor-element elementor-element-c3d9d66 e-flex e-con-boxed e-con e-parent\" data-id=\"c3d9d66\" data-element_type=\"container\" data-e-type=\"container\">\n\t\t\t\t\t<div class=\"e-con-inner\">\n\t\t\t\t<div class=\"elementor-element elementor-element-a3edbbe elementor-widget elementor-widget-heading\" data-id=\"a3edbbe\" data-element_type=\"widget\" data-e-type=\"widget\" data-widget_type=\"heading.default\">\n\t\t\t\t\t<h3 class=\"elementor-heading-title elementor-size-default\">Trasporti pubblici<\/h3>\t\t\t\t<\/div>\n\t\t\t\t<div class=\"elementor-element elementor-element-b5a52bb elementor-widget elementor-widget-text-editor\" data-id=\"b5a52bb\" data-element_type=\"widget\" data-e-type=\"widget\" data-widget_type=\"text-editor.default\">\n\t\t\t\t\t\t\t\t\t<p>Ben collegato con metro e autobus (vicino a Frankfurter Ring).\u00a0<\/p><p>La fermata autobus \u201cLotte-Branz-Stra\u00dfe\u201d dista solo due minuti a piedi dal Laufhaus.\u00a0<\/p>\t\t\t\t\t\t\t\t<\/div>\n\t\t\t\t\t<\/div>\n\t\t\t\t<\/div>\n\t\t<div class=\"elementor-element elementor-element-cbcab78 e-flex e-con-boxed e-con e-parent\" data-id=\"cbcab78\" data-element_type=\"container\" data-e-type=\"container\">\n\t\t\t\t\t<div class=\"e-con-inner\">\n\t\t\t\t<div class=\"elementor-element elementor-element-f60d788 elementor-widget elementor-widget-heading\" data-id=\"f60d788\" data-element_type=\"widget\" data-e-type=\"widget\" data-widget_type=\"heading.default\">\n\t\t\t\t\t<h3 class=\"elementor-heading-title elementor-size-default\">Orari di apertura HWB7 - Bordello Monaco di Baviera<\/h3>\t\t\t\t<\/div>\n\t\t\t\t<div class=\"elementor-element elementor-element-6d0eadb elementor-widget elementor-widget-text-editor\" data-id=\"6d0eadb\" data-element_type=\"widget\" data-e-type=\"widget\" data-widget_type=\"text-editor.default\">\n\t\t\t\t\t\t\t\t\t<p>Il Laufhaus \u00e8 aperto 24 ore su 24.<\/p>\t\t\t\t\t\t\t\t<\/div>\n\t\t\t\t\t<\/div>\n\t\t\t\t<\/div>\n\t\t<div class=\"elementor-element elementor-element-ad0111a e-flex e-con-boxed e-con e-parent\" data-id=\"ad0111a\" data-element_type=\"container\" data-e-type=\"container\">\n\t\t\t\t\t<div class=\"e-con-inner\">\n\t\t\t\t<div class=\"elementor-element elementor-element-95ba24a elementor-widget elementor-widget-heading\" data-id=\"95ba24a\" data-element_type=\"widget\" data-e-type=\"widget\" data-widget_type=\"heading.default\">\n\t\t\t\t\t<h3 class=\"elementor-heading-title elementor-size-default\">Servizi &amp; prezzi\n<\/h3>\t\t\t\t<\/div>\n\t\t\t\t<div class=\"elementor-element elementor-element-cf6224a elementor-widget elementor-widget-text-editor\" data-id=\"cf6224a\" data-element_type=\"widget\" data-e-type=\"widget\" data-widget_type=\"text-editor.default\">\n\t\t\t\t\t\t\t\t\t<p>Tutte le inquiline del Laufhaus HWB 7 lavorano in modo autonomo e per conto proprio.<\/p><p>Il locatore non interviene su servizi, orari o prezzi.\nPrezzi e prestazioni sono stabiliti esclusivamente dalle donne autonome.<\/p>\t\t\t\t\t\t\t\t<\/div>\n\t\t\t\t\t<\/div>\n\t\t\t\t<\/div>\n\t\t<div class=\"elementor-element elementor-element-04ccdb3 e-flex e-con-boxed e-con e-parent\" data-id=\"04ccdb3\" data-element_type=\"container\" data-e-type=\"container\">\n\t\t\t\t\t<div class=\"e-con-inner\">\n\t\t\t\t<div class=\"elementor-element elementor-element-854e431 elementor-widget elementor-widget-heading\" data-id=\"854e431\" data-element_type=\"widget\" data-e-type=\"widget\" data-widget_type=\"heading.default\">\n\t\t\t\t\t<h3 class=\"elementor-heading-title elementor-size-default\">Taxi &amp; Uber\n<\/h3>\t\t\t\t<\/div>\n\t\t\t\t<div class=\"elementor-element elementor-element-f88447d elementor-widget elementor-widget-text-editor\" data-id=\"f88447d\" data-element_type=\"widget\" data-e-type=\"widget\" data-widget_type=\"text-editor.default\">\n\t\t\t\t\t\t\t\t\t<p>I conducenti di taxi e Uber possono utilizzare i nostri parcheggi come area di sosta.<\/p><p>Al Gentlemen\u2019s Bar i conducenti ricevono gratuitamente caff\u00e8 e bibite.<\/p>\t\t\t\t\t\t\t\t<\/div>\n\t\t\t\t\t<\/div>\n\t\t\t\t<\/div>\n\t\t<div class=\"elementor-element elementor-element-2d83c13 e-flex e-con-boxed e-con e-parent\" data-id=\"2d83c13\" data-element_type=\"container\" data-e-type=\"container\">\n\t\t\t\t\t<div class=\"e-con-inner\">\n\t\t\t\t<div class=\"elementor-element elementor-element-092230d elementor-widget elementor-widget-heading\" data-id=\"092230d\" data-element_type=\"widget\" data-e-type=\"widget\" data-widget_type=\"heading.default\">\n\t\t\t\t\t<h3 class=\"elementor-heading-title elementor-size-default\">Acqua\n<\/h3>\t\t\t\t<\/div>\n\t\t\t\t<div class=\"elementor-element elementor-element-2dbaad1 elementor-widget elementor-widget-text-editor\" data-id=\"2dbaad1\" data-element_type=\"widget\" data-e-type=\"widget\" data-widget_type=\"text-editor.default\">\n\t\t\t\t\t\t\t\t\t<p>Dai nostri rubinetti scorre acqua potabile fresca e certificata, sempre disponibile.<\/p>\t\t\t\t\t\t\t\t<\/div>\n\t\t\t\t\t<\/div>\n\t\t\t\t<\/div>\n\t\t<div class=\"elementor-element elementor-element-199e898 e-flex e-con-boxed e-con e-parent\" data-id=\"199e898\" data-element_type=\"container\" data-e-type=\"container\">\n\t\t\t\t\t<div class=\"e-con-inner\">\n\t\t\t\t<div class=\"elementor-element elementor-element-6b88634 elementor-widget elementor-widget-heading\" data-id=\"6b88634\" data-element_type=\"widget\" data-e-type=\"widget\" data-widget_type=\"heading.default\">\n\t\t\t\t\t<h3 class=\"elementor-heading-title elementor-size-default\">Distributori automatici di sigarette\n<\/h3>\t\t\t\t<\/div>\n\t\t\t\t<div class=\"elementor-element elementor-element-993eaa1 elementor-widget elementor-widget-text-editor\" data-id=\"993eaa1\" data-element_type=\"widget\" data-e-type=\"widget\" data-widget_type=\"text-editor.default\">\n\t\t\t\t\t\t\t\t\t<p>Due distributori disponibili sul posto:<\/p><p>- Davanti all\u2019ingresso del Gentlemen\u2019s Club<\/p><p>- Primo piano, di fronte alla stanza 39<\/p>\t\t\t\t\t\t\t\t<\/div>\n\t\t\t\t\t<\/div>\n\t\t\t\t<\/div>\n\t\t<div class=\"elementor-element elementor-element-ba674b9 e-flex e-con-boxed e-con e-parent\" data-id=\"ba674b9\" data-element_type=\"container\" data-e-type=\"container\">\n\t\t\t\t\t<div class=\"e-con-inner\">\n\t\t\t\t<div class=\"elementor-element elementor-element-484bd90 elementor-widget__width-inherit elementor-widget elementor-widget-google_maps\" data-id=\"484bd90\" data-element_type=\"widget\" data-e-type=\"widget\" data-widget_type=\"google_maps.default\">\n\t\t\t\t\t\t\t<div class=\"elementor-custom-embed\">\n\t\t\t <div class=\"brlbs-cmpnt-container brlbs-cmpnt-content-blocker brlbs-cmpnt-with-individual-styles\" data-borlabs-cookie-content-blocker-id=\"google-maps\" data-borlabs-cookie-content=\"PGlmcmFtZSBsb2FkaW5nPSJsYXp5IgoJCQkJCXNyYz0iaHR0cHM6Ly9tYXBzLmdvb2dsZS5jb20vbWFwcz9xPUhlbGVuZS1XZXNzZWwtQm9nZW4lMjA3JTJDJTIwODA5MzklMjBFdXJvLUluZHVzdHJpZXBhcmslMkMlMjBNJUMzJUJDbmNoZW4mIzAzODt0PW0mIzAzODt6PTEzJiMwMzg7b3V0cHV0PWVtYmVkJiMwMzg7aXdsb2M9bmVhciIKCQkJCQl0aXRsZT0iSGVsZW5lLVdlc3NlbC1Cb2dlbiA3LCA4MDkzOSBFdXJvLUluZHVzdHJpZXBhcmssIE3DvG5jaGVuIgoJCQkJCWFyaWEtbGFiZWw9IkhlbGVuZS1XZXNzZWwtQm9nZW4gNywgODA5MzkgRXVyby1JbmR1c3RyaWVwYXJrLCBNw7xuY2hlbiIKCQkJPjwvaWZyYW1lPg==\"><div class=\"brlbs-cmpnt-cb-preset-b brlbs-cmpnt-cb-google-maps\"> <div class=\"brlbs-cmpnt-cb-thumbnail\" style=\"background-image: url('https:\/\/www.laufhaus-hwb7.de\/wp-content\/uploads\/borlabs-cookie\/1\/brlbs-cb-google-maps-main.png')\"><\/div> <div class=\"brlbs-cmpnt-cb-main\"> <div class=\"brlbs-cmpnt-cb-content\"> <p class=\"brlbs-cmpnt-cb-description\">Attualmente viene visualizzato un contenuto segnaposto di <strong>Google Maps<\/strong>. Per accedere al contenuto effettivo, fare clic sul pulsante sottostante. Si prega di notare che i dati saranno trasmessi a fornitori terzi.<\/p> <a class=\"brlbs-cmpnt-cb-provider-toggle\" href=\"#\" data-borlabs-cookie-show-provider-information role=\"button\">Ulteriori informazioni<\/a> <\/div> <div class=\"brlbs-cmpnt-cb-buttons\"> <a class=\"brlbs-cmpnt-cb-btn\" href=\"#\" data-borlabs-cookie-unblock role=\"button\">Sbloccare il contenuto<\/a> <a class=\"brlbs-cmpnt-cb-btn\" href=\"#\" data-borlabs-cookie-accept-service role=\"button\" style=\"display: inherit\">Accettare il servizio richiesto e sbloccare i contenuti<\/a> <\/div> <\/div> <\/div><\/div>\n\t\t<\/div>\n\t\t\t\t\t\t<\/div>\n\t\t\t\t\t<\/div>\n\t\t\t\t<\/div>\n\t\t<div class=\"elementor-element elementor-element-7d2ec37 e-flex e-con-boxed e-con e-parent\" data-id=\"7d2ec37\" data-element_type=\"container\" data-e-type=\"container\">\n\t\t\t\t\t<div class=\"e-con-inner\">\n\t\t\t\t<div class=\"elementor-element elementor-element-69da615 elementor-widget__width-initial elementor-widget elementor-widget-html\" data-id=\"69da615\" data-element_type=\"widget\" data-e-type=\"widget\" data-widget_type=\"html.default\">\n\t\t\t\t\t<!-- Elfsight Google Reviews | Untitled Google Reviews -->\n<script src=\"https:\/\/static.elfsight.com\/platform\/platform.js\" async><\/script>\n<div class=\"elfsight-app-6978abb7-a304-4101-a1c2-f35787e36447\" data-elfsight-app-lazy><\/div>\t\t\t\t<\/div>\n\t\t\t\t\t<\/div>\n\t\t\t\t<\/div>\n\t\t\t\t<\/div>","protected":false},"excerpt":{"rendered":"<p>Laufhaus HWB 7 M\u00fcnchen Informationen von A bis Z Adresse Helene-Wessel-Bogen 7, 80939 M\u00fcnchen. Anfahrt Alle Wege f\u00fchren zu uns: Du erreichst uns ganz einfach \u00fcber die nahegelegenen Autobahnen A9 und A99. Nutze am besten die Ingolst\u00e4dter Stra\u00dfe, den Frankfurter Ring oder die Heidemannstra\u00dfe zur Orientierung. Bankomat \/ Geldautomat Zwei Geldautomaten stehen direkt vor Ort [&hellip;]<\/p>\n","protected":false},"author":1,"featured_media":0,"parent":0,"menu_order":0,"comment_status":"closed","ping_status":"closed","template":"elementor_header_footer","meta":{"footnotes":""},"class_list":["post-37","page","type-page","status-publish","hentry"],"_links":{"self":[{"href":"https:\/\/www.laufhaus-hwb7.de\/it\/wp-json\/wp\/v2\/pages\/37","targetHints":{"allow":["GET"]}}],"collection":[{"href":"https:\/\/www.laufhaus-hwb7.de\/it\/wp-json\/wp\/v2\/pages"}],"about":[{"href":"https:\/\/www.laufhaus-hwb7.de\/it\/wp-json\/wp\/v2\/types\/page"}],"author":[{"embeddable":true,"href":"https:\/\/www.laufhaus-hwb7.de\/it\/wp-json\/wp\/v2\/users\/1"}],"replies":[{"embeddable":true,"href":"https:\/\/www.laufhaus-hwb7.de\/it\/wp-json\/wp\/v2\/comments?post=37"}],"version-history":[{"count":0,"href":"https:\/\/www.laufhaus-hwb7.de\/it\/wp-json\/wp\/v2\/pages\/37\/revisions"}],"wp:attachment":[{"href":"https:\/\/www.laufhaus-hwb7.de\/it\/wp-json\/wp\/v2\/media?parent=37"}],"curies":[{"name":"wp","href":"https:\/\/api.w.org\/{rel}","templated":true}]}}