{"id":1286,"date":"2025-07-14T08:20:07","date_gmt":"2025-07-14T08:20:07","guid":{"rendered":"https:\/\/hwb7.wdw.at\/?page_id=1286"},"modified":"2026-03-12T14:52:32","modified_gmt":"2026-03-12T13:52:32","slug":"%e5%8d%b0%e8%ae%b0","status":"publish","type":"page","link":"https:\/\/www.laufhaus-hwb7.de\/zh\/impressum\/","title":{"rendered":"\u7248\u672c\u8bf4\u660e"},"content":{"rendered":"<div data-elementor-type=\"wp-page\" data-elementor-id=\"1286\" class=\"elementor elementor-1286\" data-elementor-post-type=\"page\">\n\t\t\t\t\t\t<section class=\"elementor-section elementor-top-section elementor-element elementor-element-d8feee0 elementor-section-full_width elementor-section-height-min-height elementor-section-height-default elementor-section-items-middle\" data-id=\"d8feee0\" data-element_type=\"section\" data-e-type=\"section\" data-settings=\"{&quot;background_background&quot;:&quot;classic&quot;}\">\n\t\t\t\t\t\t<div class=\"elementor-container elementor-column-gap-default\">\n\t\t\t\t\t<div class=\"elementor-column elementor-col-100 elementor-top-column elementor-element elementor-element-341a536b\" data-id=\"341a536b\" data-element_type=\"column\" data-e-type=\"column\" data-settings=\"{&quot;background_background&quot;:&quot;slideshow&quot;,&quot;background_slideshow_gallery&quot;:[],&quot;background_slideshow_loop&quot;:&quot;yes&quot;,&quot;background_slideshow_slide_duration&quot;:5000,&quot;background_slideshow_slide_transition&quot;:&quot;fade&quot;,&quot;background_slideshow_transition_duration&quot;:500}\">\n\t\t\t<div class=\"elementor-widget-wrap\">\n\t\t\t\t\t\t\t<\/div>\n\t\t<\/div>\n\t\t\t\t\t<\/div>\n\t\t<\/section>\n\t\t<div class=\"elementor-element elementor-element-d107992 e-flex e-con-boxed e-con e-parent\" data-id=\"d107992\" data-element_type=\"container\" data-e-type=\"container\">\n\t\t\t\t\t<div class=\"e-con-inner\">\n\t\t\t\t<div class=\"elementor-element elementor-element-90b1513 elementor-widget elementor-widget-heading\" data-id=\"90b1513\" data-element_type=\"widget\" data-e-type=\"widget\" data-widget_type=\"heading.default\">\n\t\t\t\t\t<h1 class=\"elementor-heading-title elementor-size-default\">\u6155\u5c3c\u9ed1\u5993\u9662 HWB7 - your exclusive brothel in Munich  \u7684\u7248\u6743\u4fe1\u606f<\/h1>\t\t\t\t<\/div>\n\t\t\t\t\t<\/div>\n\t\t\t\t<\/div>\n\t\t<div class=\"elementor-element elementor-element-2890752 e-flex e-con-boxed e-con e-parent\" data-id=\"2890752\" data-element_type=\"container\" data-e-type=\"container\">\n\t\t\t\t\t<div class=\"e-con-inner\">\n\t\t\t\t<div class=\"elementor-element elementor-element-36a9850 elementor-widget elementor-widget-heading\" data-id=\"36a9850\" data-element_type=\"widget\" data-e-type=\"widget\" data-widget_type=\"heading.default\">\n\t\t\t\t\t<h2 class=\"elementor-heading-title elementor-size-default\">\u6cd5\u5f8b\u4fe1\u606f HWB7<\/h2>\t\t\t\t<\/div>\n\t\t\t\t\t<\/div>\n\t\t\t\t<\/div>\n\t\t<div class=\"elementor-element elementor-element-cd90872 e-flex e-con-boxed e-con e-parent\" data-id=\"cd90872\" data-element_type=\"container\" data-e-type=\"container\">\n\t\t\t\t\t<div class=\"e-con-inner\">\n\t\t<div class=\"elementor-element elementor-element-829a3cd e-grid e-con-full e-con e-child\" data-id=\"829a3cd\" data-element_type=\"container\" data-e-type=\"container\">\n\t\t\t\t<div class=\"elementor-element elementor-element-43a9b40 elementor-widget elementor-widget-heading\" data-id=\"43a9b40\" data-element_type=\"widget\" data-e-type=\"widget\" data-widget_type=\"heading.default\">\n\t\t\t\t\t<h5 class=\"elementor-heading-title elementor-size-default\">\u516c\u53f8\uff1a<\/h5>\t\t\t\t<\/div>\n\t\t\t\t<div class=\"elementor-element elementor-element-2d8f35c elementor-widget elementor-widget-text-editor\" data-id=\"2d8f35c\" data-element_type=\"widget\" data-e-type=\"widget\" data-widget_type=\"text-editor.default\">\n\t\t\t\t\t\t\t\t\t<h3>HD Ltd.<\/h3><p>Helene-Wessel-Bogen 7<br \/>80939 \u6155\u5c3c\u9ed1<\/p><p>E.:\u00a0<a href=\"mailto:hd.gmbh@gmx.de\">hd.gmbh@gmx.de<\/a><\/p>\t\t\t\t\t\t\t\t<\/div>\n\t\t\t\t<div class=\"elementor-element elementor-element-71143b6 elementor-widget elementor-widget-heading\" data-id=\"71143b6\" data-element_type=\"widget\" data-e-type=\"widget\" data-widget_type=\"heading.default\">\n\t\t\t\t\t<h5 class=\"elementor-heading-title elementor-size-default\">\u5e38\u52a1\u8463\u4e8b\uff1a<\/h5>\t\t\t\t<\/div>\n\t\t\t\t<div class=\"elementor-element elementor-element-b71701c elementor-widget elementor-widget-text-editor\" data-id=\"b71701c\" data-element_type=\"widget\" data-e-type=\"widget\" data-widget_type=\"text-editor.default\">\n\t\t\t\t\t\t\t\t\t<p>\u6c49\u5185\u65af-\u54c8\u6797<\/p>\t\t\t\t\t\t\t\t<\/div>\n\t\t\t\t<div class=\"elementor-element elementor-element-0fbae66 elementor-widget elementor-widget-heading\" data-id=\"0fbae66\" data-element_type=\"widget\" data-e-type=\"widget\" data-widget_type=\"heading.default\">\n\t\t\t\t\t<h5 class=\"elementor-heading-title elementor-size-default\">\u5546\u4e1a\u767b\u8bb0\u548c\u7f16\u53f7\uff1a<\/h5>\t\t\t\t<\/div>\n\t\t\t\t<div class=\"elementor-element elementor-element-37dd380 elementor-widget elementor-widget-text-editor\" data-id=\"37dd380\" data-element_type=\"widget\" data-e-type=\"widget\" data-widget_type=\"text-editor.default\">\n\t\t\t\t\t\t\t\t\t<p>HRB 294485 AG \u6155\u5c3c\u9ed1<\/p>\t\t\t\t\t\t\t\t<\/div>\n\t\t\t\t<div class=\"elementor-element elementor-element-e50cebb elementor-widget elementor-widget-heading\" data-id=\"e50cebb\" data-element_type=\"widget\" data-e-type=\"widget\" data-widget_type=\"heading.default\">\n\t\t\t\t\t<h5 class=\"elementor-heading-title elementor-size-default\">\u589e\u503c\u7a0e\u7f16\u53f7\uff1a<\/h5>\t\t\t\t<\/div>\n\t\t\t\t<div class=\"elementor-element elementor-element-a36de1f elementor-widget elementor-widget-text-editor\" data-id=\"a36de1f\" data-element_type=\"widget\" data-e-type=\"widget\" data-widget_type=\"text-editor.default\">\n\t\t\t\t\t\t\t\t\t<p>de 36 944 69 26<\/p>\t\t\t\t\t\t\t\t<\/div>\n\t\t\t\t<div class=\"elementor-element elementor-element-9df8b63 elementor-widget elementor-widget-heading\" data-id=\"9df8b63\" data-element_type=\"widget\" data-e-type=\"widget\" data-widget_type=\"heading.default\">\n\t\t\t\t\t<h5 class=\"elementor-heading-title elementor-size-default\">\u6839\u636e JMStV \u7b2c 7 \u6761\uff0c\u9752\u5c11\u5e74\u4fdd\u62a4\u5b98\uff1a<\/h5>\t\t\t\t<\/div>\n\t\t\t\t<div class=\"elementor-element elementor-element-ffb1958 elementor-widget elementor-widget-text-editor\" data-id=\"ffb1958\" data-element_type=\"widget\" data-e-type=\"widget\" data-widget_type=\"text-editor.default\">\n\t\t\t\t\t\t\t\t\t<p>\u9a6c\u5c14\u79d1-\u591a\u96f7\u5f8b\u5e08<br \/>Marienstr.<br \/>T.: <a title=\"+49 30 400 544-99\" href=\"tel: +493040054499\" target=\"_blank\" rel=\"noopener\">+49 30 400 544-99<\/a><br \/>H.: <a title=\"\u6839\u636e JMStV \u7b2c 7 \u6761\uff0c\u9752\u5c11\u5e74\u4fdd\u62a4\u5b98\u5458\" href=\"https:\/\/www.doerre.com\/\" target=\"_blank\" rel=\"noopener nofollow\">www.doerre.com<\/a><\/p>\t\t\t\t\t\t\t\t<\/div>\n\t\t\t\t<\/div>\n\t\t\t\t\t<\/div>\n\t\t\t\t<\/div>\n\t\t<div class=\"elementor-element elementor-element-dcc4679 e-flex e-con-boxed e-con e-parent\" data-id=\"dcc4679\" data-element_type=\"container\" data-e-type=\"container\">\n\t\t\t\t\t<div class=\"e-con-inner\">\n\t\t\t\t<div class=\"elementor-element elementor-element-1e1bf5a elementor-widget elementor-widget-heading\" data-id=\"1e1bf5a\" data-element_type=\"widget\" data-e-type=\"widget\" data-widget_type=\"heading.default\">\n\t\t\t\t\t<h3 class=\"elementor-heading-title elementor-size-default\">\u6cd5\u5f8b\u4fe1\u606f<\/h3>\t\t\t\t<\/div>\n\t\t\t\t<div class=\"elementor-element elementor-element-9000199 elementor-widget elementor-widget-text-editor\" data-id=\"9000199\" data-element_type=\"widget\" data-e-type=\"widget\" data-widget_type=\"text-editor.default\">\n\t\t\t\t\t\t\t\t\t<p data-start=\"145\" data-end=\"577\">HD GmbH \u52aa\u529b\u5b9a\u671f\u68c0\u67e5\u5e76\u4e0d\u65ad\u66f4\u65b0\u5176\u7f51\u7ad9\u4e0a\u63d0\u4f9b\u7684\u4fe1\u606f\u3002\u5c3d\u7ba1\u8fdb\u884c\u4e86\u4ed4\u7ec6\u68c0\u67e5\uff0c\u4f46\u4ecd\u4e0d\u80fd\u6392\u9664\u4e2a\u522b\u7ec6\u8282\u5728\u6b64\u671f\u95f4\u53d1\u751f\u53d8\u5316\u7684\u53ef\u80fd\u6027\u3002\u56e0\u6b64\uff0cHD GmbH \u5bf9\u6240\u63d0\u4f9b\u5185\u5bb9\u7684\u65f6\u4e8b\u6027\u3001\u6b63\u786e\u6027\u548c\u5b8c\u6574\u6027\u4e0d\u627f\u62c5\u4efb\u4f55\u8d23\u4efb\u6216\u4f5c\u51fa\u4efb\u4f55\u4fdd\u8bc1\u3002.<\/p><p data-start=\"579\" data-end=\"887\">\u8fd9\u540c\u6837\u9002\u7528\u4e8e\u901a\u8fc7\u8d85\u94fe\u63a5\u5f15\u7528\u7684\u6240\u6709\u5916\u90e8\u7f51\u7ad9\u3002\u8fd9\u4e9b\u94fe\u63a5\u7f51\u7ad9\u7684\u5185\u5bb9\u7531\u5176\u5404\u81ea\u8fd0\u8425\u5546\u5168\u6743\u8d1f\u8d23\u3002\u7528\u6237\u5e94\u81ea\u884c\u8d1f\u8d23\u5efa\u7acb\u4e0e\u8fd9\u4e9b\u5916\u90e8\u7f51\u7ad9\u7684\u94fe\u63a5\u3002.<\/p><p data-start=\"889\" data-end=\"1071\">HD GmbH \u5bf9\u901a\u8fc7\u6b64\u7c7b\u94fe\u63a5\u8bbf\u95ee\u7684\u7f51\u7ad9\u7684\u8bbe\u8ba1\u548c\u5185\u5bb9\u6ca1\u6709\u4efb\u4f55\u5f71\u54cd\uff0c\u5e76\u4e14\u660e\u786e\u8868\u793a\u4e0d\u5c06\u5176\u5185\u5bb9\u4f5c\u4e3a\u81ea\u5df1\u7684\u5185\u5bb9\u3002.<\/p><p data-start=\"1073\" data-end=\"1247\">\u6b64\u5916\uff0cHD GmbH \u660e\u786e\u4fdd\u7559\u968f\u65f6\u66f4\u6539\u3001\u8865\u5145\u6216\u5220\u9664\u6240\u63d0\u4f9b\u4fe1\u606f\u7684\u6743\u5229\uff0c\u6055\u4e0d\u53e6\u884c\u901a\u77e5\u3002.<\/p><p data-start=\"1249\" data-end=\"1583\">\u672c\u7f51\u7ad9\u7684\u5185\u5bb9\u548c\u7ed3\u6784\u53d7\u7248\u6743\u4fdd\u62a4\u3002\u590d\u5236\u3001\u7f16\u8f91\u3001\u4f20\u64ad\u6216\u4ee5\u5176\u4ed6\u65b9\u5f0f\u4f7f\u7528\u4fe1\u606f\uff0c\u5c24\u5176\u662f\u6587\u672c\u3001\u6587\u672c\u7684\u90e8\u5206\u5185\u5bb9\u6216\u56fe\u7247\uff0c\u5fc5\u987b\u4e8b\u5148\u83b7\u5f97\u76f8\u5173\u4f5c\u8005\u7684\u4e66\u9762\u540c\u610f\uff0c\u5982\u6709\u7591\u95ee\uff0c\u8bf7\u8054\u7cfb HD GmbH\u3002.<\/p>\t\t\t\t\t\t\t\t<\/div>\n\t\t\t\t\t<\/div>\n\t\t\t\t<\/div>\n\t\t<div class=\"elementor-element elementor-element-25f66bc e-flex e-con-boxed e-con e-parent\" data-id=\"25f66bc\" data-element_type=\"container\" data-e-type=\"container\">\n\t\t\t\t\t<div class=\"e-con-inner\">\n\t\t\t\t<div class=\"elementor-element elementor-element-d2b349f elementor-widget elementor-widget-text-editor\" data-id=\"d2b349f\" data-element_type=\"widget\" data-e-type=\"widget\" data-widget_type=\"text-editor.default\">\n\t\t\t\t\t\t\t\t\t<p>\u6211\u4eec\u4e0d\u51c6\u5907\u4e5f\u4e0d\u4e49\u52a1\u53c2\u52a0\u6d88\u8d39\u8005\u4ef2\u88c1\u673a\u6784\u7684\u4e89\u8bae\u89e3\u51b3\u7a0b\u5e8f\u3002.<\/p><p>\u8fd9\u662f HWB7 - your exclusive brothel in Munich - \u6155\u5c3c\u9ed1\u5993\u9662\u7684\u6807\u5fd7\u3002\u8fd9\u91cc\u4ea4\u901a\u4fbf\u5229\uff0c\u53ef\u901a\u8fc7 A9 \u548c A99 \u9ad8\u901f\u516c\u8def\u5230\u8fbe\u3002\u56e0\u6208\u5c14\u65bd\u5854\u7279\u5927\u8857\uff08Ingolst\u00e4dter Stra\u00dfe\uff09\u3001\u6cd5\u5170\u514b\u798f\u73af\u8def\uff08Frankfurter Ring\uff09\u548c\u6d77\u5fb7\u66fc\u5927\u8857\uff08Heidemannstra\u00dfe\uff09\u4ea4\u901a\u4fbf\u5229\uff0c\u7279\u522b\u9002\u5408\u5b9a\u4f4d\u3002.\u00a0<\/p>\t\t\t\t\t\t\t\t<\/div>\n\t\t\t\t\t<\/div>\n\t\t\t\t<\/div>\n\t\t<div class=\"elementor-element elementor-element-697b813 e-flex e-con-boxed e-con e-parent\" data-id=\"697b813\" data-element_type=\"container\" data-e-type=\"container\">\n\t\t\t\t\t<div class=\"e-con-inner\">\n\t\t\t\t<div class=\"elementor-element elementor-element-3242765 elementor-widget elementor-widget-heading\" data-id=\"3242765\" data-element_type=\"widget\" data-e-type=\"widget\" data-widget_type=\"heading.default\">\n\t\t\t\t\t<h3 class=\"elementor-heading-title elementor-size-default\">\u5e7f\u544a\u516c\u53f8<\/h3>\t\t\t\t<\/div>\n\t\t\t\t<div class=\"elementor-element elementor-element-0ed3297 elementor-widget elementor-widget-text-editor\" data-id=\"0ed3297\" data-element_type=\"widget\" data-e-type=\"widget\" data-widget_type=\"text-editor.default\">\n\t\t\t\t\t\t\t\t\t<p><a title=\"WDW WerbeDesign Wanger e.U. - \u884c\u4e4b\u6709\u6548\u7684\u5e7f\u544a\" href=\"https:\/\/www.wdw.at\/\" target=\"_blank\" rel=\"noopener nofollow\">\u4e92\u8054\u7f51\u516c\u53f8\u548c\u5e7f\u544a\u516c\u53f8<\/a><br \/>WDW WerbeDesign Wanger e.U.<br \/>5071 Wals near Salzburg \/ \u5965\u5730\u5229<br \/>H.: <a title=\"WDW WerbeDesign Wanger e.U. - \u884c\u4e4b\u6709\u6548\u7684\u5e7f\u544a\" href=\"https:\/\/www.wdw.at\/\" target=\"_blank\" rel=\"noopener nofollow\">www.wdw.at<\/a><\/p>\t\t\t\t\t\t\t\t<\/div>\n\t\t\t\t\t<\/div>\n\t\t\t\t<\/div>\n\t\t\t\t<\/div>","protected":false},"excerpt":{"rendered":"<p>Impressum Bordell M\u00fcnchen HWB7 Gesetzliche Informationen Firma: HD GmbH Helene-Wessel-Bogen 7 80939 M\u00fcnchen E.:\u00a0hd.gmbh@gmx.de Gesch\u00e4ftsf\u00fchrer: Hannes Haring Handelsregister und Nummer: HRB 294485 AG M\u00fcnchen USt-ID: DE 36 944 69 26 Jugendschutzbeauftragter gem\u00e4\u00df \u00a7 7 JMStV: Rechtsanwalt Marko D\u00f6rre Marienstr. 8, D-10117 Berlin T.: +49 30 400 544-99 H.: www.doerre.com Rechtliche Informationen Die HD GmbH ist [&hellip;]<\/p>\n","protected":false},"author":1,"featured_media":0,"parent":0,"menu_order":0,"comment_status":"closed","ping_status":"closed","template":"elementor_header_footer","meta":{"footnotes":""},"class_list":["post-1286","page","type-page","status-publish","hentry"],"_links":{"self":[{"href":"https:\/\/www.laufhaus-hwb7.de\/zh\/wp-json\/wp\/v2\/pages\/1286","targetHints":{"allow":["GET"]}}],"collection":[{"href":"https:\/\/www.laufhaus-hwb7.de\/zh\/wp-json\/wp\/v2\/pages"}],"about":[{"href":"https:\/\/www.laufhaus-hwb7.de\/zh\/wp-json\/wp\/v2\/types\/page"}],"author":[{"embeddable":true,"href":"https:\/\/www.laufhaus-hwb7.de\/zh\/wp-json\/wp\/v2\/users\/1"}],"replies":[{"embeddable":true,"href":"https:\/\/www.laufhaus-hwb7.de\/zh\/wp-json\/wp\/v2\/comments?post=1286"}],"version-history":[{"count":0,"href":"https:\/\/www.laufhaus-hwb7.de\/zh\/wp-json\/wp\/v2\/pages\/1286\/revisions"}],"wp:attachment":[{"href":"https:\/\/www.laufhaus-hwb7.de\/zh\/wp-json\/wp\/v2\/media?parent=1286"}],"curies":[{"name":"wp","href":"https:\/\/api.w.org\/{rel}","templated":true}]}}