{"id":1341,"date":"2025-07-14T11:25:30","date_gmt":"2025-07-14T11:25:30","guid":{"rendered":"https:\/\/hwb7.wdw.at\/?page_id=1341"},"modified":"2026-01-19T14:30:04","modified_gmt":"2026-01-19T13:30:04","slug":"%e6%95%b0%e6%8d%ae%e4%bf%9d%e6%8a%a4","status":"publish","type":"page","link":"https:\/\/www.laufhaus-hwb7.de\/zh\/datenschutz\/","title":{"rendered":"\u6570\u636e\u4fdd\u62a4"},"content":{"rendered":"<div data-elementor-type=\"wp-page\" data-elementor-id=\"1341\" class=\"elementor elementor-1341\" data-elementor-post-type=\"page\">\n\t\t\t\t\t\t<section class=\"elementor-section elementor-top-section elementor-element elementor-element-280faf07 elementor-section-full_width elementor-section-height-min-height elementor-section-height-default elementor-section-items-middle\" data-id=\"280faf07\" data-element_type=\"section\" data-e-type=\"section\" data-settings=\"{&quot;background_background&quot;:&quot;classic&quot;}\">\n\t\t\t\t\t\t<div class=\"elementor-container elementor-column-gap-default\">\n\t\t\t\t\t<div class=\"elementor-column elementor-col-100 elementor-top-column elementor-element elementor-element-6fbba8db\" data-id=\"6fbba8db\" data-element_type=\"column\" data-e-type=\"column\">\n\t\t\t<div class=\"elementor-widget-wrap\">\n\t\t\t\t\t\t\t<\/div>\n\t\t<\/div>\n\t\t\t\t\t<\/div>\n\t\t<\/section>\n\t\t<div class=\"elementor-element elementor-element-71aa135 e-flex e-con-boxed e-con e-parent\" data-id=\"71aa135\" data-element_type=\"container\" data-e-type=\"container\">\n\t\t\t\t\t<div class=\"e-con-inner\">\n\t\t\t\t<div class=\"elementor-element elementor-element-cfd6283 elementor-widget elementor-widget-heading\" data-id=\"cfd6283\" data-element_type=\"widget\" data-e-type=\"widget\" data-widget_type=\"heading.default\">\n\t\t\t\t\t<h1 class=\"elementor-heading-title elementor-size-default\">\u5173\u4e8e\u544a\u77e5\u4e49\u52a1\u7684\u58f0\u660e<\/h1>\t\t\t\t<\/div>\n\t\t\t\t<div class=\"elementor-element elementor-element-6a30445 elementor-widget elementor-widget-heading\" data-id=\"6a30445\" data-element_type=\"widget\" data-e-type=\"widget\" data-widget_type=\"heading.default\">\n\t\t\t\t\t<h2 class=\"elementor-heading-title elementor-size-default\">\u9690\u79c1\u653f\u7b56<\/h2>\t\t\t\t<\/div>\n\t\t\t\t\t<\/div>\n\t\t\t\t<\/div>\n\t\t<div class=\"elementor-element elementor-element-07ac051 e-flex e-con-boxed e-con e-parent\" data-id=\"07ac051\" data-element_type=\"container\" data-e-type=\"container\">\n\t\t\t\t\t<div class=\"e-con-inner\">\n\t\t\t\t<div class=\"elementor-element elementor-element-71c8f11 elementor-widget elementor-widget-text-editor\" data-id=\"71c8f11\" data-element_type=\"widget\" data-e-type=\"widget\" data-widget_type=\"text-editor.default\">\n\t\t\t\t\t\t\t\t\t<p>\u72b6\u6001\uff1a 01.07.2025<\/p><p>\u4fdd\u62a4\u60a8\u7684\u4e2a\u4eba\u6570\u636e\u662f\u6211\u4eec\u7279\u522b\u5173\u6ce8\u7684\u95ee\u9898\u3002\u56e0\u6b64\uff0c\u6211\u4eec\u5728\u5904\u7406\u60a8\u7684\u6570\u636e\u65f6\u5b8c\u5168\u4f9d\u636e\u6cd5\u5f8b\u89c4\u5b9a\uff08GDPR\u3001TKG 2003\uff09\u3002\u5728\u672c\u6570\u636e\u4fdd\u62a4\u4fe1\u606f\u4e2d\uff0c\u6211\u4eec\u5c06\u5411\u60a8\u4ecb\u7ecd\u6211\u4eec\u7f51\u7ad9\u6570\u636e\u5904\u7406\u7684\u6700\u91cd\u8981\u65b9\u9762\u3002<\/p>\t\t\t\t\t\t\t\t<\/div>\n\t\t\t\t<div class=\"elementor-element elementor-element-a24dc8a elementor-widget elementor-widget-heading\" data-id=\"a24dc8a\" data-element_type=\"widget\" data-e-type=\"widget\" data-widget_type=\"heading.default\">\n\t\t\t\t\t<h3 class=\"elementor-heading-title elementor-size-default\">1. \u4e0e\u6211\u4eec\u8054\u7cfb<\/h3>\t\t\t\t<\/div>\n\t\t\t\t<div class=\"elementor-element elementor-element-fcfe9bd elementor-widget elementor-widget-text-editor\" data-id=\"fcfe9bd\" data-element_type=\"widget\" data-e-type=\"widget\" data-widget_type=\"text-editor.default\">\n\t\t\t\t\t\t\t\t\t<p>\u5982\u679c\u60a8\u901a\u8fc7\u7535\u5b50\u90ae\u4ef6\u4e0e\u6211\u4eec\u8054\u7cfb\uff0c\u6211\u4eec\u4f1a\u5c06\u60a8\u63d0\u4f9b\u7684\u6570\u636e\u4fdd\u5b58\u516d\u4e2a\u6708\uff0c\u7528\u4e8e\u5904\u7406\u60a8\u7684\u8be2\u95ee\u548c\u540e\u7eed\u95ee\u9898\u3002\u672a\u7ecf\u60a8\u7684\u540c\u610f\uff0c\u6211\u4eec\u4e0d\u4f1a\u5c06\u8fd9\u4e9b\u6570\u636e\u4f20\u9012\u7ed9\u4ed6\u4eba\u3002<\/p>\t\t\t\t\t\t\t\t<\/div>\n\t\t\t\t<div class=\"elementor-element elementor-element-d161f35 elementor-widget elementor-widget-heading\" data-id=\"d161f35\" data-element_type=\"widget\" data-e-type=\"widget\" data-widget_type=\"heading.default\">\n\t\t\t\t\t<h3 class=\"elementor-heading-title elementor-size-default\">2. \u997c\u5e72<\/h3>\t\t\t\t<\/div>\n\t\t\t\t<div class=\"elementor-element elementor-element-1eeb418 elementor-widget elementor-widget-text-editor\" data-id=\"1eeb418\" data-element_type=\"widget\" data-e-type=\"widget\" data-widget_type=\"text-editor.default\">\n\t\t\t\t\t\t\t\t\t<p><strong>2.1 \u6280\u672f\u548c\u529f\u80fd\u6027 Cookie<\/strong><\/p><p>\u6211\u4eec\u7684\u7f51\u7ad9\u6216\u4e0e\u5176\u76f8\u5173\u7684\u6570\u636e\u5904\u7406\u4f1a\u5c06\u67d0\u4e9b\u4fe1\u606f\u76f4\u63a5\u5b58\u50a8\u5728\u60a8\u7684\u7f51\u7edc\u6d4f\u89c8\u5668\u4e2d\uff08\u4f8b\u5982\u901a\u8fc7\u201eCookies\u201c\uff09\uff0c\u4ee5\u786e\u4fdd\u67d0\u4e9b\u529f\u80fd\u7684\u6b63\u5e38\u8fd0\u884c\u3002.<\/p><p>\u6b64\u7c7b\u4fe1\u606f\u65e2\u53ef\u76f4\u63a5\u4ece\u6211\u4eec\u7684\u7f51\u7ad9\uff08\u201e\u539f\u59cb\u4f9b\u5e94\u5546\u6761\u76ee\u201c\uff09\u8bbe\u7f6e\uff0c\u4e5f\u53ef\u901a\u8fc7\u59d4\u6258\u5904\u7406\u8005\u7684\u670d\u52a1\uff08\u4f8b\u5982\u53d1\u9001\u7535\u5b50\u90ae\u4ef6\u6216\u8fdb\u884c\u7f51\u7ad9\u5206\u6790\uff09\u8bbe\u7f6e\u3002\u9996\u6b21\u8bbf\u95ee\u6211\u4eec\u7684\u7f51\u7ad9\u65f6\uff0c\u4ec5\u4f7f\u7528\u6280\u672f\u4e0a\u5fc5\u8981\u7684\u539f\u59cb\u4f9b\u5e94\u5546\u6761\u76ee\u3002.<\/p><p>\u5927\u591a\u6570\u7f51\u7edc\u6d4f\u89c8\u5668\u90fd\u63d0\u4f9b\u663e\u793a\u548c\u5220\u9664\u5df2\u8bbe\u7f6e\u6761\u76ee\u7684\u529f\u80fd\u3002\u6b64\u5916\uff0c\u60a8\u8fd8\u53ef\u4ee5\u5c06\u6d4f\u89c8\u5668\u914d\u7f6e\u4e3a\u4e0d\u8bbe\u7f6e\u4efb\u4f55 Cookie\u3002\u4f46\u8bf7\u6ce8\u610f\uff0c\u8fd9\u53ef\u80fd\u4f1a\u5f71\u54cd\u6211\u4eec\u7f51\u7ad9\u7684\u67d0\u4e9b\u529f\u80fd\u3002.<\/p><p>\u5728\u4ee5\u4e0b\u5404\u9879\u6570\u636e\u5904\u7406\u4e2d\uff0c\u60a8\u53ef\u4ee5\u627e\u5230\u54ea\u4e9b\u6d4f\u89c8\u5668\u6761\u76ee\u9002\u7528\u4e8e\u54ea\u4e9b\u6570\u636e\u5904\u7406\u3002.<\/p><p><strong>2.2 \u4f7f\u7528 Cookie \u548c\u5176\u4ed6\u6280\u672f\u8fdb\u884c\u7f51\u7edc\u5206\u6790\u548c\u5e7f\u544a\u5ba3\u4f20<br \/><\/strong><\/p><p>\u5982\u679c\u60a8\u6839\u636e\u300a\u901a\u7528\u6570\u636e\u4fdd\u62a4\u6761\u4f8b\u300b\u7b2c 6 \u6761\u7b2c 1 \u6b3e\u7b2c 1 \u9879 a \u9879\u7ed9\u4e88\u4e86\u540c\u610f\uff0c\u6211\u4eec\u5c06\u5728\u6211\u4eec\u7684\u7f51\u7ad9\u4e0a\u4f7f\u7528\u4ee5\u4e0b Cookie \u548c\u5176\u4ed6\u7b2c\u4e09\u65b9\u6280\u672f\u3002\u5728\u76f8\u5173\u6280\u672f\u4e0d\u518d\u9700\u8981\u4e14\u6211\u4eec\u505c\u6b62\u4f7f\u7528\u540e\uff0c\u6211\u4eec\u5c06\u5220\u9664\u5728\u6b64\u8fc7\u7a0b\u4e2d\u6536\u96c6\u7684\u6570\u636e\u3002\u60a8\u53ef\u4ee5\u968f\u65f6\u64a4\u9500\u60a8\u7684\u540c\u610f\uff0c\u8be5\u64a4\u9500\u5c06\u5728\u672a\u6765\u751f\u6548\u3002 \u6709\u5173\u64a4\u9500\u540c\u610f\u7684\u66f4\u591a\u4fe1\u606f\uff0c\u8bf7\u53c2\u9605\u201eCookie \u548c\u5176\u4ed6\u6280\u672f\u201c\u90e8\u5206\u3002\u6709\u5173\u6211\u4eec\u4e0e\u5404\u4e2a\u4f9b\u5e94\u5546\u5408\u4f5c\u7684\u57fa\u7840\u7b49\u66f4\u591a\u4fe1\u606f\uff0c\u8bf7\u53c2\u9605\u5404\u4e2a\u6280\u672f\u90e8\u5206\u3002\u5982\u679c\u60a8\u5bf9\u4f9b\u5e94\u5546\u4ee5\u53ca\u6211\u4eec\u4e0e\u4ed6\u4eec\u7684\u5408\u4f5c\u57fa\u7840\u6709\u4efb\u4f55\u7591\u95ee\uff0c\u8bf7\u901a\u8fc7\u672c\u9690\u79c1\u653f\u7b56\u4e2d\u63cf\u8ff0\u7684\u8054\u7cfb\u65b9\u5f0f\u4e0e\u6211\u4eec\u8054\u7cfb\u3002.<\/p><p><strong>\u4f7f\u7528\u8c37\u6b4c\u670d\u52a1<\/strong><\/p><p>\u6211\u4eec\u4f7f\u7528\u4ee5\u4e0b\u7531 Google Ireland Ltd.\uff08\u5730\u5740\uff1aGordon House, Barrow Street, Dublin 4, Ireland\uff0c\u4ee5\u4e0b\u7b80\u79f0\u201e\u8c37\u6b4c\u201c\uff09\u63d0\u4f9b\u7684\u6280\u672f\u3002\u8c37\u6b4c\u6280\u672f\u81ea\u52a8\u6536\u96c6\u7684\u5173\u4e8e\u60a8\u4f7f\u7528\u6211\u4eec\u7f51\u7ad9\u7684\u4fe1\u606f\u901a\u5e38\u4f1a\u4f20\u8f93\u5230\u8c37\u6b4c LLC\uff08\u5730\u5740\uff1a1600 Amphitheatre Parkway Mountain View, CA 94043, USA\uff09\u7684\u670d\u52a1\u5668\u4e0a\u5e76\u5b58\u50a8\u5728\u90a3\u91cc\u3002 \u7f8e\u56fd\u5c1a\u672a\u83b7\u5f97\u6b27\u76df\u59d4\u5458\u4f1a\u7684\u9002\u5f53\u6027\u51b3\u5b9a\u3002\u6211\u4eec\u7684\u5408\u4f5c\u57fa\u4e8e\u6b27\u76df\u59d4\u5458\u4f1a\u7684\u6807\u51c6\u6570\u636e\u4fdd\u62a4\u6761\u6b3e\u3002\u5982\u679c\u60a8\u7684 IP \u5730\u5740\u901a\u8fc7\u8c37\u6b4c\u6280\u672f\u6536\u96c6\uff0c\u5219\u5728\u5b58\u50a8\u5230\u8c37\u6b4c\u670d\u52a1\u5668\u4e4b\u524d\uff0c\u5c06\u901a\u8fc7\u6fc0\u6d3b IP \u533f\u540d\u5316\u529f\u80fd\u8fdb\u884c\u7f29\u77ed\u3002 \u53ea\u6709\u5728\u7279\u6b8a\u60c5\u51b5\u4e0b\uff0c\u5b8c\u6574\u7684 IP \u5730\u5740\u624d\u4f1a\u4f20\u8f93\u5230 Google \u670d\u52a1\u5668\u5e76\u88ab\u622a\u65ad\u3002\u9664\u975e\u5404\u6280\u672f\u53e6\u6709\u89c4\u5b9a\uff0c\u5426\u5219\u6570\u636e\u5904\u7406\u5c06\u6839\u636e\u300a\u901a\u7528\u6570\u636e\u4fdd\u62a4\u6761\u4f8b\u300b\u7b2c 26 \u6761\uff0c\u7531\u5171\u540c\u8d1f\u8d23\u4eba\u6839\u636e\u5404\u6280\u672f\u7b7e\u8ba2\u7684\u534f\u8bae\u8fdb\u884c\u3002\u6709\u5173 Google \u6570\u636e\u5904\u7406\u7684\u66f4\u591a\u4fe1\u606f\uff0c\u8bf7\u53c2\u9605 <a href=\"https:\/\/policies.google.com\/privacy?hl=de\" target=\"_blank\" rel=\"noopener nofollow\">\u8c37\u6b4c\u7684\u6570\u636e\u4fdd\u62a4\u58f0\u660e<\/a>.<\/p><p><strong>\u8c37\u6b4c\u5206\u6790<\/strong><\/p><p>\u4e3a\u4e86\u8fdb\u884c\u7f51\u7ad9\u5206\u6790\uff0cGoogle Analytics \u4f1a\u81ea\u52a8\u6536\u96c6\u548c\u5b58\u50a8\u6570\u636e\uff08IP \u5730\u5740\u3001\u8bbf\u95ee\u65f6\u95f4\u3001\u8bbe\u5907\u548c\u6d4f\u89c8\u5668\u4fe1\u606f\u4ee5\u53ca\u60a8\u4f7f\u7528\u6211\u4eec\u7f51\u7ad9\u7684\u4fe1\u606f\uff09\uff0c\u5e76\u4f7f\u7528\u5047\u540d\u521b\u5efa\u4f7f\u7528\u6863\u6848\u3002\u4e3a\u6b64\u53ef\u80fd\u4f1a\u4f7f\u7528 Cookie\u3002\u60a8\u7684 IP \u5730\u5740\u539f\u5219\u4e0a\u4e0d\u4f1a\u4e0e Google \u7684\u5176\u4ed6\u6570\u636e\u5408\u5e76\u3002\u6570\u636e\u5904\u7406\u662f\u6839\u636e Google \u7684\u8ba2\u5355\u5904\u7406\u534f\u8bae\u8fdb\u884c\u7684\u3002.<\/p>\t\t\t\t\t\t\t\t<\/div>\n\t\t\t\t<div class=\"elementor-element elementor-element-6b6e157 elementor-widget elementor-widget-heading\" data-id=\"6b6e157\" data-element_type=\"widget\" data-e-type=\"widget\" data-widget_type=\"heading.default\">\n\t\t\t\t\t<h3 class=\"elementor-heading-title elementor-size-default\">3. \u6258\u7ba1<\/h3>\t\t\t\t<\/div>\n\t\t\t\t<div class=\"elementor-element elementor-element-ee408fc elementor-widget elementor-widget-text-editor\" data-id=\"ee408fc\" data-element_type=\"widget\" data-e-type=\"widget\" data-widget_type=\"text-editor.default\">\n\t\t\t\t\t\t\t\t\t<p>\u6211\u4eec\u4f7f\u7528\u5916\u90e8\u7f51\u7edc\u4e3b\u673a\u6765\u8fd0\u884c\u6211\u4eec\u7684\u7f51\u7ad9\u3002<\/p><p><strong>\u6258\u7ba1\u670d\u52a1\u63d0\u4f9b\u5546<\/strong><br \/>\u51fa\u4e8e\u6570\u636e\u548c\u6545\u969c\u5b89\u5168\u7684\u76ee\u7684\uff0c\u6211\u4eec\u5728\u4ee5\u4e0b\u5904\u7406\u65b9\u7684\u5e2e\u52a9\u4e0b\u5904\u7406\u4e2a\u4eba\u8fde\u63a5\u6570\u636e\uff0c\u6700\u957f\u671f\u9650\u4e3a 7 \u5929\u3002<\/p><p>\u6839\u636e GDPR \u7b2c 6 \u6761\u7b2c 1 \u6b3e f \u9879\uff08\u6280\u672f\u5b89\u5168\u63aa\u65bd\uff09\uff0c\u5904\u7406\u7684\u6cd5\u5f8b\u4f9d\u636e\u662f\u6211\u4eec\u7684\u5408\u6cd5\u5229\u76ca\u3002<\/p><p><strong>\u670d\u52a1\uff1a<\/strong> \u7f51\u7edc\u548c\u90ae\u4ef6\u6258\u7ba1<br \/><strong>\u64cd\u4f5c\u5458<\/strong> <a href=\"https:\/\/www.wdw.at\" target=\"_blank\" rel=\"noopener nofollow\">WDW WerbeDesign Wanger e.U.<\/a><br \/><strong>\u9690\u79c1\u653f\u7b56 <\/strong><a href=\"https:\/\/www.wdw.at\/datenschutz.htm\" target=\"_blank\" rel=\"noopener nofollow\">https:\/\/www.wdw.at\/datenschutz.htm<\/a><\/p><p><strong>\u8bbf\u95ee\u6570\u636e<\/strong><br \/>\u5728\u4e3b\u673a\u6258\u7ba1\u65b9\u9762\uff0c\u6211\u4eec\u4f1a\u5728\u670d\u52a1\u5668\u65e5\u5fd7\u6587\u4ef6\u4e2d\u5904\u7406\u4ee5\u4e0b\u4e2a\u4eba\u7528\u6237\u6570\u636e\uff0c\u6700\u957f\u671f\u9650\u4e3a 7 \u5929\uff0c\u76ee\u7684\u662f\u6839\u636e\u300a\u6b27\u76df\u6570\u636e\u4fdd\u62a4\u6761\u4f8b\u300b\u7b2c 6 \u6761\u7b2c 1 \u6b3e f \u9879\uff08\u6280\u672f\u5b89\u5168\u63aa\u65bd\uff09\uff0c\u4ee5\u5408\u6cd5\u6743\u76ca\u4e3a\u6cd5\u5f8b\u4f9d\u636e\uff0c\u76d1\u63a7\u865a\u62df\u4e3b\u673a\u7684\u6280\u672f\u529f\u80fd\u5e76\u63d0\u9ad8\u5176\u8fd0\u884c\u5b89\u5168\u6027\uff1a<\/p><ul><li>\u8bbf\u95ee\u8fc7\u7684\u7f51\u7ad9\u00a0<\/li><li>\u8bbf\u95ee\u65f6\u7684\u65f6\u95f4<\/li><li>\u53d1\u9001\u7684\u6570\u636e\u91cf\uff08\u4ee5\u5b57\u8282\u4e3a\u5355\u4f4d<\/li><li>\u60a8\u8bbf\u95ee\u8be5\u9875\u9762\u7684\u6765\u6e90\/\u53c2\u8003\u8d44\u6599<\/li><li>\u4f7f\u7528\u7684\u6d4f\u89c8\u5668<\/li><li>\u4f7f\u7528\u7684\u64cd\u4f5c\u7cfb\u7edf\u00a0<\/li><li>\u4f7f\u7528\u7684 IP \u5730\u5740<\/li><\/ul><p>\u6240\u6536\u96c6\u7684\u6570\u636e\u4ec5\u7528\u4e8e\u7edf\u8ba1\u5206\u6790\u548c\u6539\u8fdb\u7f51\u7ad9\u3002\u4f46\u662f\uff0c\u5982\u679c\u6709\u975e\u6cd5\u4f7f\u7528\u7684\u5177\u4f53\u8ff9\u8c61\uff0c\u7f51\u7ad9\u8fd0\u8425\u5546\u4fdd\u7559\u5bf9\u670d\u52a1\u5668\u65e5\u5fd7\u6587\u4ef6\u8fdb\u884c\u8ffd\u6eaf\u68c0\u67e5\u7684\u6743\u5229\u3002<strong>. <\/strong><\/p>\t\t\t\t\t\t\t\t<\/div>\n\t\t\t\t<div class=\"elementor-element elementor-element-0a34c5c elementor-widget elementor-widget-heading\" data-id=\"0a34c5c\" data-element_type=\"widget\" data-e-type=\"widget\" data-widget_type=\"heading.default\">\n\t\t\t\t\t<h3 class=\"elementor-heading-title elementor-size-default\">4. \u5730\u56fe\u670d\u52a1<\/h3>\t\t\t\t<\/div>\n\t\t\t\t<div class=\"elementor-element elementor-element-a0cdb63 elementor-widget elementor-widget-text-editor\" data-id=\"a0cdb63\" data-element_type=\"widget\" data-e-type=\"widget\" data-widget_type=\"text-editor.default\">\n\t\t\t\t\t\t\t\t\t<p>\u5728\u672c\u7f51\u7ad9\u4e0a\uff0c\u6211\u4eec\u4ee5\u5d4c\u5165 iFrame \u7684\u5f62\u5f0f\u4f7f\u7528\u5730\u56fe\u670d\u52a1\u63d0\u4f9b\u5546\u7684\u670d\u52a1\u3002\u8fd9\u6837\uff0c\u6211\u4eec\u5c31\u53ef\u4ee5\u76f4\u63a5\u5728\u7f51\u7ad9\u4e0a\u663e\u793a\u4ea4\u4e92\u5f0f\u5730\u56fe\uff0c\u5e76\u65b9\u4fbf\u5730\u4f7f\u7528\u5730\u56fe\u529f\u80fd\u3002<\/p><p><strong>\u8c37\u6b4c\u5730\u56fe<br \/><\/strong>\u4f5c\u4e3a\u8c37\u6b4c\u7231\u5c14\u5170\u6709\u9650\u516c\u53f8\uff08Google Ireland Limited\uff09\uff08\u5730\u5740\uff1a\u7231\u5c14\u5170\u90fd\u67cf\u67974\u533a\u5df4\u7f57\u8857\u6208\u767b\u5927\u53a6\uff09\u7684\u8054\u5408\u63a7\u5236\u65b9\uff0c\u6211\u4eec\u5904\u7406\u8fde\u63a5\u6570\u636e\u548c\u6d4f\u89c8\u5668\u6570\u636e\u7684\u76ee\u7684\u662f\u5728\u5730\u56fe\u663e\u793a\u671f\u95f4\u663e\u793a\u4ea4\u4e92\u5f0f\u5730\u56fe\u3002\u5728\u6b64\u8fc7\u7a0b\u4e2d\uff0c\u6211\u4eec\u4f1a\u8ba9\u8c37\u6b4c\u5730\u56fe\u5728\u7528\u6237\u7684\u4e2a\u4eba\u7535\u8111\u4e0a\u653e\u7f6e Cookie\uff0c\u5e76\u8ba1\u7b97\u7528\u6237 ID\uff0c\u4ee5\u552f\u4e00\u65b9\u5f0f\u5c06\u7528\u6237\u8bc6\u522b\u4e3a\u8c37\u6b4c\u8fd0\u8425\u7684\u5e7f\u544a\u7f51\u7edc\u7684\u4e00\u90e8\u5206\u3002<\/p><p>\u5904\u7406\u7684\u6cd5\u5f8b\u4f9d\u636e\u662f\u60a8\u6839\u636e TKG ivm \u7b2c 96 \u6761\u7b2c 3 \u6b3e\u548c GDPR \u7b2c 6 \u6761\u7b2c 1 \u6b3e a \u9879\u7ed9\u4e88\u7684\u540c\u610f\u3002<\/p><p>\u5982\u679c Google Maps \u5bf9\u6570\u636e\u8fdb\u884c\u8fdb\u4e00\u6b65\u7684\u72ec\u7acb\u5904\u7406\uff0c\u7279\u522b\u662f\u5728 Google \u5e7f\u544a\u7f51\u7edc\u7684\u6846\u67b6\u5185\uff0c\u5219\u7531 Google Maps \u5168\u6743\u8d1f\u8d23\u3002\u8be6\u60c5\u8bf7\u53c2\u89c1 <a href=\"https:\/\/www.laufhaus-hwb7.de\/datenschutz\/\" target=\"_blank\" rel=\"noopener\">\u9690\u79c1\u653f\u7b56<\/a> \u6765\u81ea\u8c37\u6b4c\u5730\u56fe\u3002<\/p>\t\t\t\t\t\t\t\t<\/div>\n\t\t\t\t<div class=\"elementor-element elementor-element-f0e8e4b elementor-widget elementor-widget-heading\" data-id=\"f0e8e4b\" data-element_type=\"widget\" data-e-type=\"widget\" data-widget_type=\"heading.default\">\n\t\t\t\t\t<h3 class=\"elementor-heading-title elementor-size-default\">5. \u60a8\u7684\u6743\u5229<\/h3>\t\t\t\t<\/div>\n\t\t\t\t<div class=\"elementor-element elementor-element-b10a635 elementor-widget elementor-widget-text-editor\" data-id=\"b10a635\" data-element_type=\"widget\" data-e-type=\"widget\" data-widget_type=\"text-editor.default\">\n\t\t\t\t\t\t\t\t\t<p>\u539f\u5219\u4e0a\uff0c\u60a8\u6709\u6743\u5bf9\u6211\u4eec\u5b58\u50a8\u7684\u60a8\u7684\u6570\u636e\u884c\u4f7f\u6743\u5229\uff1a<\/p><ul><li>\u4fe1\u606f<\/li><li>\u66f4\u6b63<\/li><li>\u53d6\u6d88\u9884\u8ba2<\/li><li>\u9650\u5236<\/li><li>\u6570\u636e\u53ef\u79fb\u690d\u6027<\/li><li>\u53d6\u6d88\u548c\u53cd\u5bf9<\/li><\/ul><p>\u4e3a\u6b64\uff0c\u8bf7\u8054\u7cfb\u6211\u4eec<a href=\"mailto:hd.gmbh@gmx.de\">hd.gmbh@gmx.de\u00a0<\/a>).<\/p><p>\u5982\u679c\u60a8\u8ba4\u4e3a\u5bf9\u60a8\u6570\u636e\u7684\u5904\u7406\u8fdd\u53cd\u4e86\u6570\u636e\u4fdd\u62a4\u6cd5\uff0c\u6216\u60a8\u7684\u6570\u636e\u4fdd\u62a4\u6743\u5229\u53d7\u5230\u4e86\u4efb\u4f55\u5176\u4ed6\u5f62\u5f0f\u7684\u4fb5\u72af\uff0c\u60a8\u53ef\u4ee5\u5411\u4e3b\u7ba1\u76d1\u7763\u673a\u6784\u6295\u8bc9\u3002\u5728\u5fb7\u56fd\uff0c\u5df4\u4f10\u5229\u4e9a\u5dde\u6570\u636e\u4fdd\u62a4\u76d1\u7763\u5c40\uff08Bavarian State Office for Data Protection Supervision<a href=\"https:\/\/www.lda.bayern.de\/de\/kontakt.html\" target=\"_blank\" rel=\"noopener nofollow\">https:\/\/www.lda.bayern.de\/de\/kontakt.html<\/a>)\u8d1f\u8d23\u3002<\/p>\t\t\t\t\t\t\t\t<\/div>\n\t\t\t\t<div class=\"elementor-element elementor-element-d3d4534 elementor-widget elementor-widget-heading\" data-id=\"d3d4534\" data-element_type=\"widget\" data-e-type=\"widget\" data-widget_type=\"heading.default\">\n\t\t\t\t\t<h3 class=\"elementor-heading-title elementor-size-default\">6 \u60a8\u53ef\u4ee5\u901a\u8fc7\u4ee5\u4e0b\u8054\u7cfb\u65b9\u5f0f\u8054\u7cfb\u6211\u4eec\uff1a<\/h3>\t\t\t\t<\/div>\n\t\t\t\t<div class=\"elementor-element elementor-element-45ec2ad elementor-widget elementor-widget-text-editor\" data-id=\"45ec2ad\" data-element_type=\"widget\" data-e-type=\"widget\" data-widget_type=\"text-editor.default\">\n\t\t\t\t\t\t\t\t\t<p>HD GmbH | Helene-Wessel-Bogen 7 | 80939 Munich \/ \u5fb7\u56fd<br \/>T.:\u00a0<a href=\"tel:+4915175758184\">+49 151 757 581 84 <\/a>| E.: <a href=\"mailto:hd.gmbh@gmx.de\">hd.gmbh@gmx.de<\/a><\/p>\t\t\t\t\t\t\t\t<\/div>\n\t\t\t\t\t<\/div>\n\t\t\t\t<\/div>\n\t\t\t\t<\/div>","protected":false},"excerpt":{"rendered":"<p>Erkl\u00e4rung zur Informationspflicht Datenschutzerkl\u00e4rung Stand: 01.07.2025 Der Schutz Deiner pers\u00f6nlichen Daten ist uns ein besonderes Anliegen. Wir verarbeiten Deine Daten daher ausschlie\u00dflich auf Grundlage der gesetzlichen Bestimmungen (DSGVO, TKG 2003). In diesen Datenschutzinformationen informieren wir Sie \u00fcber die wichtigsten Aspekte der Datenverarbeitung im Rahmen unserer Website. 1. Kontakt mit uns Wenn Du uns per E-Mail [&hellip;]<\/p>\n","protected":false},"author":1,"featured_media":0,"parent":0,"menu_order":0,"comment_status":"closed","ping_status":"closed","template":"elementor_header_footer","meta":{"footnotes":""},"class_list":["post-1341","page","type-page","status-publish","hentry"],"_links":{"self":[{"href":"https:\/\/www.laufhaus-hwb7.de\/zh\/wp-json\/wp\/v2\/pages\/1341","targetHints":{"allow":["GET"]}}],"collection":[{"href":"https:\/\/www.laufhaus-hwb7.de\/zh\/wp-json\/wp\/v2\/pages"}],"about":[{"href":"https:\/\/www.laufhaus-hwb7.de\/zh\/wp-json\/wp\/v2\/types\/page"}],"author":[{"embeddable":true,"href":"https:\/\/www.laufhaus-hwb7.de\/zh\/wp-json\/wp\/v2\/users\/1"}],"replies":[{"embeddable":true,"href":"https:\/\/www.laufhaus-hwb7.de\/zh\/wp-json\/wp\/v2\/comments?post=1341"}],"version-history":[{"count":0,"href":"https:\/\/www.laufhaus-hwb7.de\/zh\/wp-json\/wp\/v2\/pages\/1341\/revisions"}],"wp:attachment":[{"href":"https:\/\/www.laufhaus-hwb7.de\/zh\/wp-json\/wp\/v2\/media?parent=1341"}],"curies":[{"name":"wp","href":"https:\/\/api.w.org\/{rel}","templated":true}]}}