{"id":28,"date":"2025-06-18T07:37:22","date_gmt":"2025-06-18T07:37:22","guid":{"rendered":"https:\/\/hwb7.wdw.at\/?page_id=28"},"modified":"2026-03-12T14:55:19","modified_gmt":"2026-03-12T13:55:19","slug":"%e5%a5%b3%e5%ad%a92","status":"publish","type":"page","link":"https:\/\/www.laufhaus-hwb7.de\/zh\/","title":{"rendered":"\u4e3b\u9875"},"content":{"rendered":"<div data-elementor-type=\"wp-page\" data-elementor-id=\"28\" class=\"elementor elementor-28\" data-elementor-post-type=\"page\">\n\t\t\t\t<div class=\"elementor-element elementor-element-ec5aef9 e-con-full elementor-hidden-mobile_extra elementor-hidden-mobile e-flex e-con e-parent\" data-id=\"ec5aef9\" data-element_type=\"container\" data-e-type=\"container\" data-settings=\"{&quot;position&quot;:&quot;absolute&quot;}\">\n\t\t\t\t<div class=\"elementor-element elementor-element-55b780d elementor-widget elementor-widget-image\" data-id=\"55b780d\" data-element_type=\"widget\" data-e-type=\"widget\" data-widget_type=\"image.default\">\n\t\t\t\t\t\t\t\t\t\t\t\t\t\t\t<img fetchpriority=\"high\" decoding=\"async\" width=\"800\" height=\"800\" src=\"https:\/\/www.laufhaus-hwb7.de\/wp-content\/uploads\/2025\/08\/24-7-1024x1024.png\" class=\"attachment-large size-large wp-image-1805\" alt=\"\u6155\u5c3c\u9ed1\u5993\u966224\u5c0f\u65f6\u8425\u4e1a\" srcset=\"https:\/\/www.laufhaus-hwb7.de\/wp-content\/uploads\/2025\/08\/24-7-1024x1024.png 1024w, https:\/\/www.laufhaus-hwb7.de\/wp-content\/uploads\/2025\/08\/24-7-300x300.png 300w, https:\/\/www.laufhaus-hwb7.de\/wp-content\/uploads\/2025\/08\/24-7-150x150.png 150w, https:\/\/www.laufhaus-hwb7.de\/wp-content\/uploads\/2025\/08\/24-7-768x768.png 768w, https:\/\/www.laufhaus-hwb7.de\/wp-content\/uploads\/2025\/08\/24-7-1536x1536.png 1536w, https:\/\/www.laufhaus-hwb7.de\/wp-content\/uploads\/2025\/08\/24-7.webp 1560w\" sizes=\"(max-width: 800px) 100vw, 800px\" title=\"\">\t\t\t\t\t\t\t\t\t\t\t\t\t\t\t<\/div>\n\t\t\t\t<\/div>\n\t\t<div class=\"elementor-element elementor-element-3f517ac e-con-full e-flex e-con e-parent\" data-id=\"3f517ac\" data-element_type=\"container\" data-e-type=\"container\">\n\t\t\t\t<div class=\"elementor-element elementor-element-d95e9d0 elementor-widget__width-inherit elementor-widget elementor-widget-html\" data-id=\"d95e9d0\" data-element_type=\"widget\" data-e-type=\"widget\" data-widget_type=\"html.default\">\n\t\t\t\t\t<video id=\"HeaderVideo\" class=\"banner-bg-video\" autoplay=\"\" muted=\"\" playsinline=\"\" data-origwidth=\"0\" data-origheight=\"0\" loop=\"\" aria-label=\"\u4e00\u4f4d\u5973\u58eb\u7684\u6a2a\u5e45\u89c6\u9891\u3002\u8be5\u89c6\u9891\u6ca1\u6709\u6587\u5b57\u8bf4\u660e\uff0c\u4e5f\u6ca1\u6709\u58f0\u97f3\u3002\">\n    <source src=\"https:\/\/player.vimeo.com\/progressive_redirect\/playback\/1097500183\/rendition\/1080p\/file.mp4%20%281080p%29.mp4?loc=external&log_user=0&signature=ba1dc547dcb441fb49d8044af260a5e0b1cbf9eb7d4779fc2c1425f018e0505e\" type=\"video\/mp4\" media=\"all and (min-width:992px)\">\n    <source src=\"https:\/\/player.vimeo.com\/progressive_redirect\/playback\/1097500183\/rendition\/720p\/file.mp4%20%28720p%29.mp4?loc=external&log_user=0&signature=c8a6efa227f600148dc61c97308309a045333a1aac0f78d81666b7086b715309\" type=\"video\/mp4\" media=\"all and (max-width:992px)\">\n    <source src=\"https:\/\/player.vimeo.com\/progressive_redirect\/playback\/1097500183\/rendition\/540p\/file.mp4%20%28540p%29.mp4?loc=external&log_user=0&signature=5d7b4e5eac6f6592e827fcef55445df898ff54f325a1f5858cfa765fd20cc693\" type=\"video\/mp4\" media=\"all and (max-width:768px)\">\n    <track kind=\"descriptions\" srclang=\"de\" label=\"Deutsch\">\n    <track kind=\"captions\" srclang=\"de\" label=\"Deutsch\">\n<\/video>\n\t\t\t\t<\/div>\n\t\t\t\t<div class=\"elementor-element elementor-element-c1a0c53 elementor-widget__width-inherit elementor-absolute elementor-widget elementor-widget-heading\" data-id=\"c1a0c53\" data-element_type=\"widget\" data-e-type=\"widget\" data-settings=\"{&quot;_position&quot;:&quot;absolute&quot;}\" data-widget_type=\"heading.default\">\n\t\t\t\t\t<h1 class=\"elementor-heading-title elementor-size-default\">\u6155\u5c3c\u9ed1\u52b3\u592b\u8c6a\u65af HWB7 brothel Munich<\/h1>\t\t\t\t<\/div>\n\t\t\t\t<div class=\"elementor-element elementor-element-7ba36ef elementor-widget__width-inherit elementor-absolute elementor-widget elementor-widget-heading\" data-id=\"7ba36ef\" data-element_type=\"widget\" data-e-type=\"widget\" data-settings=\"{&quot;_position&quot;:&quot;absolute&quot;}\" data-widget_type=\"heading.default\">\n\t\t\t\t\t<h2 class=\"elementor-heading-title elementor-size-default\">\u6155\u5c3c\u9ed1\u6700\u5927\u3001\u6700\u73b0\u4ee3\u5316\u7684\u52b3\u592b\u8c6a\u65af<\/h2>\t\t\t\t<\/div>\n\t\t\t\t<\/div>\n\t\t<div class=\"elementor-element elementor-element-40fcbf9 e-flex e-con-boxed e-con e-parent\" data-id=\"40fcbf9\" data-element_type=\"container\" data-e-type=\"container\">\n\t\t\t\t\t<div class=\"e-con-inner\">\n\t\t\t\t<div class=\"elementor-element elementor-element-3245cf16 elementor-widget elementor-widget-heading\" data-id=\"3245cf16\" data-element_type=\"widget\" data-e-type=\"widget\" data-widget_type=\"heading.default\">\n\t\t\t\t\t<h3 class=\"elementor-heading-title elementor-size-default\">\u6b22\u8fce\u6765\u5230\u6155\u5c3c\u9ed1\u6700\u5927\u3001\u6700\u73b0\u4ee3\u5316\u7684\u60c5\u8da3\u516c\u5bd3\uff01<\/h3>\t\t\t\t<\/div>\n\t\t\t\t<div class=\"elementor-element elementor-element-5e0780e elementor-widget elementor-widget-text-editor\" data-id=\"5e0780e\" data-element_type=\"widget\" data-e-type=\"widget\" data-widget_type=\"text-editor.default\">\n\t\t\t\t\t\t\t\t\t<p data-start=\"132\" data-end=\"464\">\u6d77\u4f26-\u97e6\u585e\u5c14-\u535a\u6839 7 \u53f7 \u201e\u4ee3\u8868 <strong>Brothel Munich<\/strong> \u6570\u5341\u5e74\u6765\uff0c\u9152\u5e97\u4e00\u76f4\u662f\u6700\u8c28\u614e\u3001\u6700\u4e13\u4e1a\u548c\u6700\u8f7b\u677e\u7684\u56fd\u9645\u65f6\u5c1a\u6c1b\u56f4\u7684\u4ee3\u540d\u8bcd\u3002\u6211\u4eec\u7684\u5ba2\u4eba\u5c24\u5176\u949f\u60c5\u4e8e\u9152\u5e97\u5b81\u9759\u7684\u73af\u5883\u3001\u9ad8\u96c5\u7684\u6c1b\u56f4\u548c\u4ee4\u4eba\u6109\u60a6\u7684\u514b\u5236\u3002.<\/p><p data-start=\"466\" data-end=\"771\">\u4e94\u5c42\u697c\u5171 56 \u5957\u5bb6\u5177\u9f50\u5168\u7684\u72ec\u7acb\u516c\u5bd3\u7b49\u5f85\u7740\u60a8\u7684\u5149\u4e34\u3002\u6bcf\u5957\u516c\u5bd3\u90fd\u914d\u6709\u73b0\u4ee3\u5316\u7684\u5bb6\u5177\u548c\u9ad8\u96c5\u7684\u88c5\u9970\uff0c\u81ea\u7136\u4e5f\u6709\u81ea\u5df1\u7684\u6dcb\u6d74\u95f4\u548c\u536b\u751f\u95f4\uff0c\u56e0\u6b64\u5728\u4efb\u4f55\u65f6\u5019\u90fd\u80fd\u4fdd\u8bc1\u79c1\u5bc6\u6027\u548c\u8212\u9002\u6027\u3002.<\/p><p data-start=\"773\" data-end=\"1020\">\u4e3a\u4f7f\u62b5\u8fbe\u548c\u51fa\u53d1\u66f4\u52a0\u7b80\u4fbf\uff0c\u53ef\u9009\u62e9 <strong data-start=\"820\" data-end=\"845\">\u514d\u8d39\u505c\u8f66\u4f4d<\/strong> \u53ef\u4ee5\u4f7f\u7528\u3002\u4f4d\u4e8e\u5927\u697c\u540e\u90e8\u7684\u5165\u53e3\u975e\u5e38\u9690\u853d\uff0c\u4ece\u8857\u4e0a\u770b\u4e0d\u5230\u5165\u53e3\uff0c\u786e\u4fdd\u60a8\u4e00\u8fdb\u5165\u5927\u697c\u5c31\u80fd\u4eab\u53d7\u5230\u6700\u5927\u7a0b\u5ea6\u7684\u79c1\u5bc6\u6027\u3002.<\/p><p data-start=\"1022\" data-end=\"1279\">\u6240\u6709\u5c0f\u59d0\u90fd\u662f\u6155\u5c3c\u9ed1\u5993\u9662\u7684\u79df\u6237\uff0c\u72ec\u7acb\u5de5\u4f5c\u3002\u4ef7\u683c\u3001\u4f18\u60e0\u548c\u670d\u52a1\u5747\u7531\u5c0f\u59d0\u4eec\u81ea\u884c\u51b3\u5b9a\uff0c\u56e0\u6b64\u60a8\u53ef\u4ee5\u4fe1\u8d56\u4e2a\u4eba\u534f\u8bae\u548c\u516c\u5e73\u900f\u660e\u7684\u62a5\u4ef7\u3002.<\/p><p data-start=\"1281\" data-end=\"1619\">\u8bbf\u95ee\u6211\u4eec\uff0c\u5728\u72ec\u4e00\u65e0\u4e8c\u7684 Puff M\u00fcnchen \u5ea6\u8fc7\u4e00\u6bb5\u8f7b\u677e\u6109\u5feb\u7684\u65f6\u5149\u3002\u6211\u4eec\u4f4d\u4e8e\u5e02\u4e2d\u5fc3\uff0c\u6bd7\u90bb Leopoldstra\u00dfe\u3001A9 \u548c A99 \u9ad8\u901f\u516c\u8def\uff0c\u4ea4\u901a\u5341\u5206\u4fbf\u5229\u3002\u6211\u4eec\u5efa\u8bae\u60a8\u4ece Ingolst\u00e4dter Stra\u00dfe\u3001Frankfurter Ring \u6216 Heidemannstra\u00dfe \u51fa\u53d1\u3002.<\/p><p data-start=\"1621\" data-end=\"1671\" data-is-last-node=\"\" data-is-only-node=\"\">\u518d\u89c1\u6211\u4eec\u671f\u5f85\u60a8\u7684\u5149\u4e34\u3002.<\/p>\t\t\t\t\t\t\t\t<\/div>\n\t\t\t\t\t<\/div>\n\t\t\t\t<\/div>\n\t\t<div class=\"elementor-element elementor-element-39d39bd3 e-flex e-con-boxed e-con e-parent\" data-id=\"39d39bd3\" data-element_type=\"container\" data-e-type=\"container\" data-settings=\"{&quot;background_background&quot;:&quot;classic&quot;}\">\n\t\t\t\t\t<div class=\"e-con-inner\">\n\t\t<div class=\"elementor-element elementor-element-2e8579ac e-con-full e-flex e-con e-child\" data-id=\"2e8579ac\" data-element_type=\"container\" data-e-type=\"container\">\n\t\t\t\t<div class=\"elementor-element elementor-element-1a863019 elementor-widget__width-initial elementor-widget-mobile__width-inherit elementor-widget elementor-widget-text-editor\" data-id=\"1a863019\" data-element_type=\"widget\" data-e-type=\"widget\" data-widget_type=\"text-editor.default\">\n\t\t\t\t\t\t\t\t\t<p><strong>\u8425\u4e1a\u65f6\u95f4 \u2013 \u60c5\u8da3\u516c\u5bd3\uff1a<br \/><\/strong>\u6bcf\u65e5 24 \u5c0f\u65f6\u8425\u4e1a<\/p><p><strong>\u7ec5\u58eb\u9152\u5427\u8425\u4e1a\u65f6\u95f4\uff1a<\/strong><br \/>Sonntag &#8211; Mittwoch: 18:00 &#8211; 03:00 Uhr<br \/>Donnerstag &#8211; Samstag &amp; Feiertage: 18:00 &#8211; 06:00 Uhr<\/p>\t\t\t\t\t\t\t\t<\/div>\n\t\t\t\t<\/div>\n\t\t\t\t<div class=\"elementor-element elementor-element-739166e9 elementor-widget__width-initial elementor-widget elementor-widget-gallery\" data-id=\"739166e9\" data-element_type=\"widget\" data-e-type=\"widget\" data-settings=\"{&quot;gallery_layout&quot;:&quot;masonry&quot;,&quot;columns&quot;:&quot;2&quot;,&quot;gap&quot;:{&quot;unit&quot;:&quot;px&quot;,&quot;size&quot;:11,&quot;sizes&quot;:[]},&quot;gap_mobile_extra&quot;:{&quot;unit&quot;:&quot;px&quot;,&quot;size&quot;:6,&quot;sizes&quot;:[]},&quot;columns_tablet&quot;:2,&quot;columns_mobile&quot;:1,&quot;gap_tablet_extra&quot;:{&quot;unit&quot;:&quot;px&quot;,&quot;size&quot;:10,&quot;sizes&quot;:[]},&quot;gap_tablet&quot;:{&quot;unit&quot;:&quot;px&quot;,&quot;size&quot;:10,&quot;sizes&quot;:[]},&quot;gap_mobile&quot;:{&quot;unit&quot;:&quot;px&quot;,&quot;size&quot;:10,&quot;sizes&quot;:[]},&quot;overlay_background&quot;:&quot;yes&quot;,&quot;content_hover_animation&quot;:&quot;fade-in&quot;}\" data-widget_type=\"gallery.default\">\n\t\t\t\t\t\t\t<div class=\"elementor-gallery__container\">\n\t\t\t\t\t\t\t<div class=\"e-gallery-item elementor-gallery-item elementor-animated-content\">\n\t\t\t\t\t<div class=\"e-gallery-image elementor-gallery-item__image\" data-thumbnail=\"https:\/\/www.laufhaus-hwb7.de\/wp-content\/uploads\/2025\/09\/97e4c012-6a4b-43f9-80e9-05fb61f93aef.jpg\" data-width=\"875\" data-height=\"1508\" aria-label=\"\u6155\u5c3c\u9ed1\u5993\u9662\" role=\"img\" ><\/div>\n\t\t\t\t\t\t\t\t\t\t\t<div class=\"elementor-gallery-item__overlay\"><\/div>\n\t\t\t\t\t\t\t\t\t\t\t\t\t\t<\/div>\n\t\t\t\t\t\t\t<div class=\"e-gallery-item elementor-gallery-item elementor-animated-content\">\n\t\t\t\t\t<div class=\"e-gallery-image elementor-gallery-item__image\" data-thumbnail=\"https:\/\/www.laufhaus-hwb7.de\/wp-content\/uploads\/2025\/09\/girlsgirls-2048x1366.jpg\" data-width=\"2048\" data-height=\"1366\" aria-label=\"Brothel Munich\" role=\"img\" ><\/div>\n\t\t\t\t\t\t\t\t\t\t\t<div class=\"elementor-gallery-item__overlay\"><\/div>\n\t\t\t\t\t\t\t\t\t\t\t\t\t\t<\/div>\n\t\t\t\t\t\t\t<div class=\"e-gallery-item elementor-gallery-item elementor-animated-content\">\n\t\t\t\t\t<div class=\"e-gallery-image elementor-gallery-item__image\" data-thumbnail=\"https:\/\/www.laufhaus-hwb7.de\/wp-content\/uploads\/2025\/06\/ambiente1.jpg\" data-width=\"546\" data-height=\"561\" aria-label=\"Laufhaus M\u00fcnchen\" role=\"img\" ><\/div>\n\t\t\t\t\t\t\t\t\t\t\t<div class=\"elementor-gallery-item__overlay\"><\/div>\n\t\t\t\t\t\t\t\t\t\t\t\t\t\t<\/div>\n\t\t\t\t\t<\/div>\n\t\t\t\t\t<\/div>\n\t\t\t\t\t<\/div>\n\t\t\t\t<\/div>\n\t\t<div class=\"elementor-element elementor-element-1c36637a e-con-full e-flex e-con e-parent\" data-id=\"1c36637a\" data-element_type=\"container\" data-e-type=\"container\" data-settings=\"{&quot;background_background&quot;:&quot;classic&quot;}\">\n\t\t\t\t<div class=\"elementor-element elementor-element-4ade796 elementor-widget elementor-widget-heading\" data-id=\"4ade796\" data-element_type=\"widget\" data-e-type=\"widget\" data-widget_type=\"heading.default\">\n\t\t\t\t\t<h2 class=\"elementor-heading-title elementor-size-default\">\u5f53\u524d\u60c5\u51b5\u6982\u8ff0 <br> \u79df\u6237 <\/h2>\t\t\t\t<\/div>\n\t\t\t\t<div class=\"elementor-element elementor-element-68f72e02 elementor-align-center elementor-button-info elementor-widget elementor-widget-button\" data-id=\"68f72e02\" data-element_type=\"widget\" data-e-type=\"widget\" data-widget_type=\"button.default\">\n\t\t\t\t\t\t\t\t\t\t<a class=\"elementor-button elementor-button-link elementor-size-sm elementor-animation-grow\" href=\"\/girls\/\">\n\t\t\t\t\t\t<span class=\"elementor-button-content-wrapper\">\n\t\t\t\t\t\t<span class=\"elementor-button-icon\">\n\t\t\t\t<svg aria-hidden=\"true\" class=\"e-font-icon-svg e-fas-long-arrow-alt-right\" viewbox=\"0 0 448 512\" xmlns=\"http:\/\/www.w3.org\/2000\/svg\"><path d=\"M313.941 216H12c-6.627 0-12 5.373-12 12v56c0 6.627 5.373 12 12 12h301.941v46.059c0 21.382 25.851 32.09 40.971 16.971l86.059-86.059c9.373-9.373 9.373-24.569 0-33.941l-86.059-86.059c-15.119-15.119-40.971-4.411-40.971 16.971V216z\"><\/path><\/svg>\t\t\t<\/span>\n\t\t\t\t\t\t\t\t\t<span class=\"elementor-button-text\">\u81f4\u5973\u5b69\u4eec<\/span>\n\t\t\t\t\t<\/span>\n\t\t\t\t\t<\/a>\n\t\t\t\t\t\t\t\t<\/div>\n\t\t\t\t<\/div>\n\t\t<div class=\"elementor-element elementor-element-b82b6ac e-flex e-con-boxed e-con e-parent\" data-id=\"b82b6ac\" data-element_type=\"container\" data-e-type=\"container\">\n\t\t\t\t\t<div class=\"e-con-inner\">\n\t\t\t\t<div class=\"elementor-element elementor-element-98de5bd elementor-widget__width-inherit elementor-widget elementor-widget-google_maps\" data-id=\"98de5bd\" data-element_type=\"widget\" data-e-type=\"widget\" data-widget_type=\"google_maps.default\">\n\t\t\t\t\t\t\t<div class=\"elementor-custom-embed\">\n\t\t\t <div class=\"brlbs-cmpnt-container brlbs-cmpnt-content-blocker brlbs-cmpnt-with-individual-styles\" data-borlabs-cookie-content-blocker-id=\"google-maps\" data-borlabs-cookie-content=\"PGlmcmFtZSBsb2FkaW5nPSJsYXp5IgoJCQkJCXNyYz0iaHR0cHM6Ly9tYXBzLmdvb2dsZS5jb20vbWFwcz9xPUhlbGVuZS1XZXNzZWwtQm9nZW4lMjA3JTJDJTIwODA5MzklMjBFdXJvLUluZHVzdHJpZXBhcmslMkMlMjBNJUMzJUJDbmNoZW4mIzAzODt0PW0mIzAzODt6PTEzJiMwMzg7b3V0cHV0PWVtYmVkJiMwMzg7aXdsb2M9bmVhciIKCQkJCQl0aXRsZT0iSGVsZW5lLVdlc3NlbC1Cb2dlbiA3LCA4MDkzOSBFdXJvLUluZHVzdHJpZXBhcmssIE3DvG5jaGVuIgoJCQkJCWFyaWEtbGFiZWw9IkhlbGVuZS1XZXNzZWwtQm9nZW4gNywgODA5MzkgRXVyby1JbmR1c3RyaWVwYXJrLCBNw7xuY2hlbiIKCQkJPjwvaWZyYW1lPg==\"><div class=\"brlbs-cmpnt-cb-preset-b brlbs-cmpnt-cb-google-maps\"> <div class=\"brlbs-cmpnt-cb-thumbnail\" style=\"background-image: url('https:\/\/www.laufhaus-hwb7.de\/wp-content\/uploads\/borlabs-cookie\/1\/brlbs-cb-google-maps-main.png')\"><\/div> <div class=\"brlbs-cmpnt-cb-main\"> <div class=\"brlbs-cmpnt-cb-content\"> <p class=\"brlbs-cmpnt-cb-description\">\u60a8\u76ee\u524d\u770b\u5230\u7684\u5360\u4f4d\u7b26\u5185\u5bb9\u4e3a <strong>\u8c37\u6b4c\u5730\u56fe<\/strong>.\u8981\u8bbf\u95ee\u5b9e\u9645\u5185\u5bb9\uff0c\u8bf7\u5355\u51fb\u4e0b\u9762\u7684\u6309\u94ae\u3002\u8bf7\u6ce8\u610f\uff0c\u6570\u636e\u5c06\u4f20\u9012\u7ed9\u7b2c\u4e09\u65b9\u63d0\u4f9b\u5546\u3002<\/p> <a class=\"brlbs-cmpnt-cb-provider-toggle\" href=\"#\" data-borlabs-cookie-show-provider-information role=\"button\">\u66f4\u591a\u4fe1\u606f<\/a> <\/div> <div class=\"brlbs-cmpnt-cb-buttons\"> <a class=\"brlbs-cmpnt-cb-btn\" href=\"#\" data-borlabs-cookie-unblock role=\"button\">\u89e3\u9501\u5185\u5bb9<\/a> <a class=\"brlbs-cmpnt-cb-btn\" href=\"#\" data-borlabs-cookie-accept-service role=\"button\" style=\"display: inherit\">\u63a5\u53d7\u6240\u9700\u7684\u670d\u52a1\u5e76\u89e3\u9501\u5185\u5bb9<\/a> <\/div> <\/div> <\/div><\/div>\n\t\t<\/div>\n\t\t\t\t\t\t<\/div>\n\t\t\t\t\t<\/div>\n\t\t\t\t<\/div>\n\t\t<div class=\"elementor-element elementor-element-dd0d4be e-flex e-con-boxed e-con e-parent\" data-id=\"dd0d4be\" data-element_type=\"container\" data-e-type=\"container\">\n\t\t\t\t\t<div class=\"e-con-inner\">\n\t\t\t\t<div class=\"elementor-element elementor-element-f938783 elementor-widget elementor-widget-html\" data-id=\"f938783\" data-element_type=\"widget\" data-e-type=\"widget\" data-no-translation=\"\" data-widget_type=\"html.default\">\n\t\t\t\t\t<style>.elementor-element-f938783{display:none !important}<\/style>\t\t\t\t<\/div>\n\t\t\t\t\t<\/div>\n\t\t\t\t<\/div>\n\t\t\t\t<\/div>","protected":false},"excerpt":{"rendered":"<p>Laufhaus M\u00fcnchen HWB7 M\u00fcnchens gr\u00f6\u00dftes und modernstes Laufhaus Servus und herzlich willkommen im gr\u00f6\u00dften und modernsten Laufhaus M\u00fcnchens! Der &#8222;Helene-Wessel-Bogen 7&#8220; steht in Sachen Bordell M\u00fcnchen bereits seit Jahrzehnten f\u00fcr h\u00f6chste Diskretion, Professionalit\u00e4t und entspannte Stunden in einer stilvollen, internationalen Atmosph\u00e4re. Unsere G\u00e4ste sch\u00e4tzen vor allem die ruhige Umgebung, das gepflegte Ambiente und die angenehme [&hellip;]<\/p>\n","protected":false},"author":1,"featured_media":0,"parent":0,"menu_order":0,"comment_status":"closed","ping_status":"closed","template":"elementor_header_footer","meta":{"footnotes":""},"class_list":["post-28","page","type-page","status-publish","hentry"],"_links":{"self":[{"href":"https:\/\/www.laufhaus-hwb7.de\/zh\/wp-json\/wp\/v2\/pages\/28","targetHints":{"allow":["GET"]}}],"collection":[{"href":"https:\/\/www.laufhaus-hwb7.de\/zh\/wp-json\/wp\/v2\/pages"}],"about":[{"href":"https:\/\/www.laufhaus-hwb7.de\/zh\/wp-json\/wp\/v2\/types\/page"}],"author":[{"embeddable":true,"href":"https:\/\/www.laufhaus-hwb7.de\/zh\/wp-json\/wp\/v2\/users\/1"}],"replies":[{"embeddable":true,"href":"https:\/\/www.laufhaus-hwb7.de\/zh\/wp-json\/wp\/v2\/comments?post=28"}],"version-history":[{"count":0,"href":"https:\/\/www.laufhaus-hwb7.de\/zh\/wp-json\/wp\/v2\/pages\/28\/revisions"}],"wp:attachment":[{"href":"https:\/\/www.laufhaus-hwb7.de\/zh\/wp-json\/wp\/v2\/media?parent=28"}],"curies":[{"name":"wp","href":"https:\/\/api.w.org\/{rel}","templated":true}]}}