{"id":37,"date":"2025-06-18T07:40:01","date_gmt":"2025-06-18T07:40:01","guid":{"rendered":"https:\/\/hwb7.wdw.at\/?page_id=37"},"modified":"2026-03-12T14:27:46","modified_gmt":"2026-03-12T13:27:46","slug":"a-z","status":"publish","type":"page","link":"https:\/\/www.laufhaus-hwb7.de\/zh\/a-z\/","title":{"rendered":"A-Z"},"content":{"rendered":"<div data-elementor-type=\"wp-page\" data-elementor-id=\"37\" class=\"elementor elementor-37\" data-elementor-post-type=\"page\">\n\t\t\t\t\t\t<section class=\"elementor-section elementor-top-section elementor-element elementor-element-7547087 elementor-section-full_width elementor-section-height-min-height elementor-section-height-default elementor-section-items-middle\" data-id=\"7547087\" data-element_type=\"section\" data-e-type=\"section\" data-settings=\"{&quot;background_background&quot;:&quot;classic&quot;}\">\n\t\t\t\t\t\t<div class=\"elementor-container elementor-column-gap-default\">\n\t\t\t\t\t<div class=\"elementor-column elementor-col-100 elementor-top-column elementor-element elementor-element-ae3ad5e\" data-id=\"ae3ad5e\" data-element_type=\"column\" data-e-type=\"column\">\n\t\t\t<div class=\"elementor-widget-wrap\">\n\t\t\t\t\t\t\t<\/div>\n\t\t<\/div>\n\t\t\t\t\t<\/div>\n\t\t<\/section>\n\t\t<div class=\"elementor-element elementor-element-cc4ec2d e-flex e-con-boxed e-con e-parent\" data-id=\"cc4ec2d\" data-element_type=\"container\" data-e-type=\"container\">\n\t\t\t\t\t<div class=\"e-con-inner\">\n\t\t\t\t<div class=\"elementor-element elementor-element-5b48854 elementor-widget elementor-widget-heading\" data-id=\"5b48854\" data-element_type=\"widget\" data-e-type=\"widget\" data-widget_type=\"heading.default\">\n\t\t\t\t\t<h1 class=\"elementor-heading-title elementor-size-default\">\u6155\u5c3c\u9ed1 brothel Munich HWB 7 \u60c5\u8da3\u516c\u5bd3<\/h1>\t\t\t\t<\/div>\n\t\t\t\t<div class=\"elementor-element elementor-element-5207d8d elementor-widget elementor-widget-heading\" data-id=\"5207d8d\" data-element_type=\"widget\" data-e-type=\"widget\" data-widget_type=\"heading.default\">\n\t\t\t\t\t<h2 class=\"elementor-heading-title elementor-size-default\">\u5168\u9762\u4fe1\u606f A \u81f3 Z<\/h2>\t\t\t\t<\/div>\n\t\t\t\t\t<\/div>\n\t\t\t\t<\/div>\n\t\t<div class=\"elementor-element elementor-element-cf85888 e-flex e-con-boxed e-con e-parent\" data-id=\"cf85888\" data-element_type=\"container\" data-e-type=\"container\">\n\t\t\t\t\t<div class=\"e-con-inner\">\n\t\t\t\t<div class=\"elementor-element elementor-element-2303251 elementor-widget elementor-widget-heading\" data-id=\"2303251\" data-element_type=\"widget\" data-e-type=\"widget\" data-widget_type=\"heading.default\">\n\t\t\t\t\t<h3 class=\"elementor-heading-title elementor-size-default\">\u5730\u5740<\/h3>\t\t\t\t<\/div>\n\t\t\t\t<div class=\"elementor-element elementor-element-4664df0 elementor-widget elementor-widget-text-editor\" data-id=\"4664df0\" data-element_type=\"widget\" data-e-type=\"widget\" data-widget_type=\"text-editor.default\">\n\t\t\t\t\t\t\t\t\t<p>Helene-Wessel-Bogen 7, 80939 M\u00fcnchen<\/p>\t\t\t\t\t\t\t\t<\/div>\n\t\t\t\t\t<\/div>\n\t\t\t\t<\/div>\n\t\t<div class=\"elementor-element elementor-element-10fba94 e-flex e-con-boxed e-con e-parent\" data-id=\"10fba94\" data-element_type=\"container\" data-e-type=\"container\">\n\t\t\t\t\t<div class=\"e-con-inner\">\n\t\t\t\t<div class=\"elementor-element elementor-element-9ac7afe elementor-widget elementor-widget-heading\" data-id=\"9ac7afe\" data-element_type=\"widget\" data-e-type=\"widget\" data-widget_type=\"heading.default\">\n\t\t\t\t\t<h3 class=\"elementor-heading-title elementor-size-default\">\u4ea4\u901a<\/h3>\t\t\t\t<\/div>\n\t\t\t\t<div class=\"elementor-element elementor-element-350c420 elementor-widget elementor-widget-text-editor\" data-id=\"350c420\" data-element_type=\"widget\" data-e-type=\"widget\" data-widget_type=\"text-editor.default\">\n\t\t\t\t\t\t\t\t\t<p>\u6240\u6709\u9053\u8def\u90fd\u901a\u5411\u6211\u4eec\uff1a<\/p><p>\u60a8\u53ef\u4ee5\u901a\u8fc7\u9644\u8fd1\u7684 A9 \u548c A99 \u9ad8\u901f\u516c\u8def\u65b9\u4fbf\u5730\u5230\u8fbe\u6211\u4eec\u8fd9\u91cc\u3002\u6700\u597d\u901a\u8fc7 Ingolst\u00e4dter Stra\u00dfe\u3001Frankfurter Ring \u6216 Heidemannstra\u00dfe \u6765\u786e\u5b9a\u65b9\u5411\u3002.<\/p>\t\t\t\t\t\t\t\t<\/div>\n\t\t\t\t\t<\/div>\n\t\t\t\t<\/div>\n\t\t<div class=\"elementor-element elementor-element-06dd650 e-flex e-con-boxed e-con e-parent\" data-id=\"06dd650\" data-element_type=\"container\" data-e-type=\"container\">\n\t\t\t\t\t<div class=\"e-con-inner\">\n\t\t\t\t<div class=\"elementor-element elementor-element-795a428 elementor-widget elementor-widget-heading\" data-id=\"795a428\" data-element_type=\"widget\" data-e-type=\"widget\" data-widget_type=\"heading.default\">\n\t\t\t\t\t<h3 class=\"elementor-heading-title elementor-size-default\">\u81ea\u52a8\u53d6\u6b3e\u673a<\/h3>\t\t\t\t<\/div>\n\t\t\t\t<div class=\"elementor-element elementor-element-f28e694 elementor-widget elementor-widget-text-editor\" data-id=\"f28e694\" data-element_type=\"widget\" data-e-type=\"widget\" data-widget_type=\"text-editor.default\">\n\t\t\t\t\t\t\t\t\t<p>\u73b0\u573a\u8bbe\u6709\u4e24\u53f0\uff1a<\/p><ul><li>\u7ec5\u58eb\u9152\u5427\u5165\u53e3\u5904<\/li><li>\u4e3b\u5165\u53e3\u505c\u8f66\u573a<br \/><br \/><\/li><\/ul>\t\t\t\t\t\t\t\t<\/div>\n\t\t\t\t\t<\/div>\n\t\t\t\t<\/div>\n\t\t<div class=\"elementor-element elementor-element-ab8825a e-flex e-con-boxed e-con e-parent\" data-id=\"ab8825a\" data-element_type=\"container\" data-e-type=\"container\">\n\t\t\t\t\t<div class=\"e-con-inner\">\n\t\t\t\t<div class=\"elementor-element elementor-element-bf5a9c7 elementor-widget elementor-widget-heading\" data-id=\"bf5a9c7\" data-element_type=\"widget\" data-e-type=\"widget\" data-widget_type=\"heading.default\">\n\t\t\t\t\t<h3 class=\"elementor-heading-title elementor-size-default\">\u65e0\u969c\u788d\u8bbe\u65bd<\/h3>\t\t\t\t<\/div>\n\t\t\t\t<div class=\"elementor-element elementor-element-b9f70c7 elementor-widget elementor-widget-text-editor\" data-id=\"b9f70c7\" data-element_type=\"widget\" data-e-type=\"widget\" data-widget_type=\"text-editor.default\">\n\t\t\t\t\t\t\t\t\t<p>\u914d\u5907\u7535\u68af\uff0c\u6240\u6709\u697c\u5c42\u5747\u53ef\u65e0\u969c\u788d\u5230\u8fbe\u3002<\/p>\t\t\t\t\t\t\t\t<\/div>\n\t\t\t\t\t<\/div>\n\t\t\t\t<\/div>\n\t\t<div class=\"elementor-element elementor-element-8a44e0d e-flex e-con-boxed e-con e-parent\" data-id=\"8a44e0d\" data-element_type=\"container\" data-e-type=\"container\">\n\t\t\t\t\t<div class=\"e-con-inner\">\n\t\t\t\t<div class=\"elementor-element elementor-element-fd6e0bd elementor-widget elementor-widget-heading\" data-id=\"fd6e0bd\" data-element_type=\"widget\" data-e-type=\"widget\" data-widget_type=\"heading.default\">\n\t\t\t\t\t<h3 class=\"elementor-heading-title elementor-size-default\">\u5165\u53e3<\/h3>\t\t\t\t<\/div>\n\t\t\t\t<div class=\"elementor-element elementor-element-040f6ed elementor-widget elementor-widget-text-editor\" data-id=\"040f6ed\" data-element_type=\"widget\" data-e-type=\"widget\" data-widget_type=\"text-editor.default\">\n\t\t\t\t\t\t\t\t\t<p>\u6700\u9ad8\u79c1\u5bc6\u6027\uff01<\/p><p>\u4ece\u5efa\u7b51\u540e\u95e8\u8fdb\u5165<\/p><p>\u8857\u9053\u65e0\u6cd5\u770b\u5230\uff0c\u4fdd\u8bc1\u51fa\u5165\u533f\u540d\u3002<\/p>\t\t\t\t\t\t\t\t<\/div>\n\t\t\t\t\t<\/div>\n\t\t\t\t<\/div>\n\t\t<div class=\"elementor-element elementor-element-0081bae e-flex e-con-boxed e-con e-parent\" data-id=\"0081bae\" data-element_type=\"container\" data-e-type=\"container\">\n\t\t\t\t\t<div class=\"e-con-inner\">\n\t\t\t\t<div class=\"elementor-element elementor-element-a3246f5 elementor-widget elementor-widget-heading\" data-id=\"a3246f5\" data-element_type=\"widget\" data-e-type=\"widget\" data-widget_type=\"heading.default\">\n\t\t\t\t\t<h3 class=\"elementor-heading-title elementor-size-default\">\u5165\u573a<\/h3>\t\t\t\t<\/div>\n\t\t\t\t<div class=\"elementor-element elementor-element-3551c3c elementor-widget elementor-widget-text-editor\" data-id=\"3551c3c\" data-element_type=\"widget\" data-e-type=\"widget\" data-widget_type=\"text-editor.default\">\n\t\t\t\t\t\t\t\t\t<p class=\" translation-block\">\u514d\u8d39\u5165\u573a\u3002<\/p>\t\t\t\t\t\t\t\t<\/div>\n\t\t\t\t\t<\/div>\n\t\t\t\t<\/div>\n\t\t<div class=\"elementor-element elementor-element-8d4eb7f e-flex e-con-boxed e-con e-parent\" data-id=\"8d4eb7f\" data-element_type=\"container\" data-e-type=\"container\">\n\t\t\t\t\t<div class=\"e-con-inner\">\n\t\t\t\t<div class=\"elementor-element elementor-element-a028bfa elementor-widget elementor-widget-heading\" data-id=\"a028bfa\" data-element_type=\"widget\" data-e-type=\"widget\" data-widget_type=\"heading.default\">\n\t\t\t\t\t<h3 class=\"elementor-heading-title elementor-size-default\">\u4f4d\u7f6e<\/h3>\t\t\t\t<\/div>\n\t\t\t\t<div class=\"elementor-element elementor-element-15dd246 elementor-widget elementor-widget-text-editor\" data-id=\"15dd246\" data-element_type=\"widget\" data-e-type=\"widget\" data-widget_type=\"text-editor.default\">\n\t\t\t\t\t\t\t\t\t<p>\u6700\u4f73\u4f4d\u7f6e<\/p><p>\u672c\u573a\u6240\u4f4d\u4e8e\u6155\u5c3c\u9ed1\u5317\u90e8 Euro-Industrie-Park \u5b89\u9759\u5c0f\u8857\u5185\uff0c\u4f4d\u7f6e\u9690\u853d\u4f46\u4ea4\u901a\u4fbf\u5229\u3002<\/p>\t\t\t\t\t\t\t\t<\/div>\n\t\t\t\t\t<\/div>\n\t\t\t\t<\/div>\n\t\t<div class=\"elementor-element elementor-element-051b27a e-flex e-con-boxed e-con e-parent\" data-id=\"051b27a\" data-element_type=\"container\" data-e-type=\"container\">\n\t\t\t\t\t<div class=\"e-con-inner\">\n\t\t\t\t<div class=\"elementor-element elementor-element-0740dcd elementor-widget elementor-widget-heading\" data-id=\"0740dcd\" data-element_type=\"widget\" data-e-type=\"widget\" data-widget_type=\"heading.default\">\n\t\t\t\t\t<h3 class=\"elementor-heading-title elementor-size-default\">HWB 7 \u60c5\u8da3\u516c\u5bd3\u662f\u4ec0\u4e48\uff1f<\/h3>\t\t\t\t<\/div>\n\t\t\t\t<div class=\"elementor-element elementor-element-3286b36 elementor-widget elementor-widget-text-editor\" data-id=\"3286b36\" data-element_type=\"widget\" data-e-type=\"widget\" data-widget_type=\"text-editor.default\">\n\t\t\t\t\t\t\t\t\t<p>\u516c\u5bd3\u53ea\u79df\u7ed9\u72ec\u7acb\u5973\u58eb\u4f7f\u7528\uff0c\u5ba2\u4eba\u7531\u79df\u6237\u5728\u623f\u95f4\u5185\u63a5\u5f85\u3002<\/p><p>\u95e8\u706f\u663e\u793a\u72b6\u6001\uff1a<\/p><p>- <strong>\u7eff\u8272\uff1a<\/strong>\u53ef\u63a5\u5f85\uff0c\u5ba2\u4eba\u53ef\u6309\u94c3\u6216\u8fdb\u5165 <br>\n- <strong>\u7ea2\u8272\uff1a<\/strong>\u4e0d\u53ef\u63a5\u5f85<\/p>\t\t\t\t\t\t\t\t<\/div>\n\t\t\t\t\t<\/div>\n\t\t\t\t<\/div>\n\t\t<div class=\"elementor-element elementor-element-5e59431 e-flex e-con-boxed e-con e-parent\" data-id=\"5e59431\" data-element_type=\"container\" data-e-type=\"container\">\n\t\t\t\t\t<div class=\"e-con-inner\">\n\t\t\t\t<div class=\"elementor-element elementor-element-22a9b01 elementor-widget elementor-widget-heading\" data-id=\"22a9b01\" data-element_type=\"widget\" data-e-type=\"widget\" data-widget_type=\"heading.default\">\n\t\t\t\t\t<h3 class=\"elementor-heading-title elementor-size-default\">LGBTQI+ \u53cb\u597d\u7a7a\u95f4<\/h3>\t\t\t\t<\/div>\n\t\t\t\t<div class=\"elementor-element elementor-element-7c91875 elementor-widget elementor-widget-text-editor\" data-id=\"7c91875\" data-element_type=\"widget\" data-e-type=\"widget\" data-widget_type=\"text-editor.default\">\n\t\t\t\t\t\t\t\t\t<p>\u6211\u4eec\u63d0\u4f9b\u4e00\u4e2a\u5c0a\u91cd\u3001\u5f00\u653e\u4e0e\u5b89\u5168\u7684\u73af\u5883\u3002<\/p><p>\u65e0\u8bba\u6027\u522b\u8ba4\u540c\u6216\u6027\u53d6\u5411\u5982\u4f55\uff0c\u4f60\u90fd\u53d7\u5230\u6b22\u8fce\u3002\nHWB 7 \u575a\u6301\u4f5c\u4e3a LGBTQI+ \u53cb\u597d\u7a7a\u95f4\u3002<\/p>\t\t\t\t\t\t\t\t<\/div>\n\t\t\t\t\t<\/div>\n\t\t\t\t<\/div>\n\t\t<div class=\"elementor-element elementor-element-c85e962 e-flex e-con-boxed e-con e-parent\" data-id=\"c85e962\" data-element_type=\"container\" data-e-type=\"container\">\n\t\t\t\t\t<div class=\"e-con-inner\">\n\t\t\t\t<div class=\"elementor-element elementor-element-e5610ce elementor-widget elementor-widget-heading\" data-id=\"e5610ce\" data-element_type=\"widget\" data-e-type=\"widget\" data-widget_type=\"heading.default\">\n\t\t\t\t\t<h3 class=\"elementor-heading-title elementor-size-default\">\u505c\u8f66\u573a<\/h3>\t\t\t\t<\/div>\n\t\t\t\t<div class=\"elementor-element elementor-element-04a8d14 elementor-widget elementor-widget-text-editor\" data-id=\"04a8d14\" data-element_type=\"widget\" data-e-type=\"widget\" data-widget_type=\"text-editor.default\">\n\t\t\t\t\t\t\t\t\t<p>\u5efa\u7b51\u540e\u65b9\u8bbe\u6709\u514d\u8d39\u79c1\u5bc6\u505c\u8f66\u4f4d\uff0c\u4ece\u8857\u9053\u65e0\u6cd5\u770b\u5230\u3002<\/p>\t\t\t\t\t\t\t\t<\/div>\n\t\t\t\t\t<\/div>\n\t\t\t\t<\/div>\n\t\t<div class=\"elementor-element elementor-element-c3d9d66 e-flex e-con-boxed e-con e-parent\" data-id=\"c3d9d66\" data-element_type=\"container\" data-e-type=\"container\">\n\t\t\t\t\t<div class=\"e-con-inner\">\n\t\t\t\t<div class=\"elementor-element elementor-element-a3edbbe elementor-widget elementor-widget-heading\" data-id=\"a3edbbe\" data-element_type=\"widget\" data-e-type=\"widget\" data-widget_type=\"heading.default\">\n\t\t\t\t\t<h3 class=\"elementor-heading-title elementor-size-default\">\u516c\u5171\u4ea4\u901a<\/h3>\t\t\t\t<\/div>\n\t\t\t\t<div class=\"elementor-element elementor-element-b5a52bb elementor-widget elementor-widget-text-editor\" data-id=\"b5a52bb\" data-element_type=\"widget\" data-e-type=\"widget\" data-widget_type=\"text-editor.default\">\n\t\t\t\t\t\t\t\t\t<p>\u5730\u94c1 &amp; \u516c\u4ea4\u4fbf\u6377\u53ef\u8fbe\uff08\u9760\u8fd1 Frankfurter Ring\uff09\u3002\u00a0<\/p><p>\u516c\u4ea4\u7ad9 \u201cLotte-Branz-Stra\u00dfe\u201d \u8ddd\u79bb\u4ec5 2 \u5206\u949f\u6b65\u884c\u8def\u7a0b\u3002\u00a0<\/p>\t\t\t\t\t\t\t\t<\/div>\n\t\t\t\t\t<\/div>\n\t\t\t\t<\/div>\n\t\t<div class=\"elementor-element elementor-element-cbcab78 e-flex e-con-boxed e-con e-parent\" data-id=\"cbcab78\" data-element_type=\"container\" data-e-type=\"container\">\n\t\t\t\t\t<div class=\"e-con-inner\">\n\t\t\t\t<div class=\"elementor-element elementor-element-f60d788 elementor-widget elementor-widget-heading\" data-id=\"f60d788\" data-element_type=\"widget\" data-e-type=\"widget\" data-widget_type=\"heading.default\">\n\t\t\t\t\t<h3 class=\"elementor-heading-title elementor-size-default\">Brothel Munich HWB7 - \u6155\u5c3c\u9ed1\u5993\u9662\u8425\u4e1a\u65f6\u95f4<\/h3>\t\t\t\t<\/div>\n\t\t\t\t<div class=\"elementor-element elementor-element-6d0eadb elementor-widget elementor-widget-text-editor\" data-id=\"6d0eadb\" data-element_type=\"widget\" data-e-type=\"widget\" data-widget_type=\"text-editor.default\">\n\t\t\t\t\t\t\t\t\t<p>\u60c5\u8da3\u516c\u5bd3 24 \u5c0f\u65f6\u8425\u4e1a\u3002<\/p>\t\t\t\t\t\t\t\t<\/div>\n\t\t\t\t\t<\/div>\n\t\t\t\t<\/div>\n\t\t<div class=\"elementor-element elementor-element-ad0111a e-flex e-con-boxed e-con e-parent\" data-id=\"ad0111a\" data-element_type=\"container\" data-e-type=\"container\">\n\t\t\t\t\t<div class=\"e-con-inner\">\n\t\t\t\t<div class=\"elementor-element elementor-element-95ba24a elementor-widget elementor-widget-heading\" data-id=\"95ba24a\" data-element_type=\"widget\" data-e-type=\"widget\" data-widget_type=\"heading.default\">\n\t\t\t\t\t<h3 class=\"elementor-heading-title elementor-size-default\">\u670d\u52a1\u4e0e\u4ef7\u683c\n<\/h3>\t\t\t\t<\/div>\n\t\t\t\t<div class=\"elementor-element elementor-element-cf6224a elementor-widget elementor-widget-text-editor\" data-id=\"cf6224a\" data-element_type=\"widget\" data-e-type=\"widget\" data-widget_type=\"text-editor.default\">\n\t\t\t\t\t\t\t\t\t<p>\u6240\u6709\u79df\u6237\u5747\u4e3a\u72ec\u7acb\u7ecf\u8425\u8005\uff0c\u670d\u52a1\u5185\u5bb9\u3001\u65f6\u95f4\u4e0e\u4ef7\u683c\u5747\u7531\u5979\u4eec\u81ea\u884c\u51b3\u5b9a\u3002<\/p><p>\u623f\u4e1c\u4e0d\u52a0\u5e72\u6d89\u3002<\/p>\t\t\t\t\t\t\t\t<\/div>\n\t\t\t\t\t<\/div>\n\t\t\t\t<\/div>\n\t\t<div class=\"elementor-element elementor-element-04ccdb3 e-flex e-con-boxed e-con e-parent\" data-id=\"04ccdb3\" data-element_type=\"container\" data-e-type=\"container\">\n\t\t\t\t\t<div class=\"e-con-inner\">\n\t\t\t\t<div class=\"elementor-element elementor-element-854e431 elementor-widget elementor-widget-heading\" data-id=\"854e431\" data-element_type=\"widget\" data-e-type=\"widget\" data-widget_type=\"heading.default\">\n\t\t\t\t\t<h3 class=\"elementor-heading-title elementor-size-default\">\u51fa\u79df\u8f66 &amp; Uber\n<\/h3>\t\t\t\t<\/div>\n\t\t\t\t<div class=\"elementor-element elementor-element-f88447d elementor-widget elementor-widget-text-editor\" data-id=\"f88447d\" data-element_type=\"widget\" data-e-type=\"widget\" data-widget_type=\"text-editor.default\">\n\t\t\t\t\t\t\t\t\t<p>\u53f8\u673a\u53ef\u5728\u505c\u8f66\u573a\u7b49\u5019\u3002<\/p><p>\u5e76\u5728\u7ec5\u58eb\u9152\u5427\u514d\u8d39\u4eab\u7528\u5496\u5561\u4e0e\u8f6f\u996e\u3002<\/p>\t\t\t\t\t\t\t\t<\/div>\n\t\t\t\t\t<\/div>\n\t\t\t\t<\/div>\n\t\t<div class=\"elementor-element elementor-element-2d83c13 e-flex e-con-boxed e-con e-parent\" data-id=\"2d83c13\" data-element_type=\"container\" data-e-type=\"container\">\n\t\t\t\t\t<div class=\"e-con-inner\">\n\t\t\t\t<div class=\"elementor-element elementor-element-092230d elementor-widget elementor-widget-heading\" data-id=\"092230d\" data-element_type=\"widget\" data-e-type=\"widget\" data-widget_type=\"heading.default\">\n\t\t\t\t\t<h3 class=\"elementor-heading-title elementor-size-default\">\u996e\u7528\u6c34\n<\/h3>\t\t\t\t<\/div>\n\t\t\t\t<div class=\"elementor-element elementor-element-2dbaad1 elementor-widget elementor-widget-text-editor\" data-id=\"2dbaad1\" data-element_type=\"widget\" data-e-type=\"widget\" data-widget_type=\"text-editor.default\">\n\t\t\t\t\t\t\t\t\t<p>\u81ea\u6765\u6c34\u4e3a\u7ecf\u68c0\u6d4b\u7684\u4f18\u8d28\u6cc9\u6c34\uff0c\u53ef\u968f\u65f6\u996e\u7528\u3002<\/p>\t\t\t\t\t\t\t\t<\/div>\n\t\t\t\t\t<\/div>\n\t\t\t\t<\/div>\n\t\t<div class=\"elementor-element elementor-element-199e898 e-flex e-con-boxed e-con e-parent\" data-id=\"199e898\" data-element_type=\"container\" data-e-type=\"container\">\n\t\t\t\t\t<div class=\"e-con-inner\">\n\t\t\t\t<div class=\"elementor-element elementor-element-6b88634 elementor-widget elementor-widget-heading\" data-id=\"6b88634\" data-element_type=\"widget\" data-e-type=\"widget\" data-widget_type=\"heading.default\">\n\t\t\t\t\t<h3 class=\"elementor-heading-title elementor-size-default\">\u9999\u70df\u81ea\u52a8\u552e\u5356\u673a\n<\/h3>\t\t\t\t<\/div>\n\t\t\t\t<div class=\"elementor-element elementor-element-993eaa1 elementor-widget elementor-widget-text-editor\" data-id=\"993eaa1\" data-element_type=\"widget\" data-e-type=\"widget\" data-widget_type=\"text-editor.default\">\n\t\t\t\t\t\t\t\t\t<p>\u73b0\u573a\u4e24\u53f0\uff1a<\/p><p>- \u7ec5\u58eb\u4ff1\u4e50\u90e8\u95e8\u53e3<\/p><p>- \u4e00\u697c 39 \u53f7\u623f\u5bf9\u9762<\/p>\t\t\t\t\t\t\t\t<\/div>\n\t\t\t\t\t<\/div>\n\t\t\t\t<\/div>\n\t\t<div class=\"elementor-element elementor-element-ba674b9 e-flex e-con-boxed e-con e-parent\" data-id=\"ba674b9\" data-element_type=\"container\" data-e-type=\"container\">\n\t\t\t\t\t<div class=\"e-con-inner\">\n\t\t\t\t<div class=\"elementor-element elementor-element-484bd90 elementor-widget__width-inherit elementor-widget elementor-widget-google_maps\" data-id=\"484bd90\" data-element_type=\"widget\" data-e-type=\"widget\" data-widget_type=\"google_maps.default\">\n\t\t\t\t\t\t\t<div class=\"elementor-custom-embed\">\n\t\t\t <div class=\"brlbs-cmpnt-container brlbs-cmpnt-content-blocker brlbs-cmpnt-with-individual-styles\" data-borlabs-cookie-content-blocker-id=\"google-maps\" data-borlabs-cookie-content=\"PGlmcmFtZSBsb2FkaW5nPSJsYXp5IgoJCQkJCXNyYz0iaHR0cHM6Ly9tYXBzLmdvb2dsZS5jb20vbWFwcz9xPUhlbGVuZS1XZXNzZWwtQm9nZW4lMjA3JTJDJTIwODA5MzklMjBFdXJvLUluZHVzdHJpZXBhcmslMkMlMjBNJUMzJUJDbmNoZW4mIzAzODt0PW0mIzAzODt6PTEzJiMwMzg7b3V0cHV0PWVtYmVkJiMwMzg7aXdsb2M9bmVhciIKCQkJCQl0aXRsZT0iSGVsZW5lLVdlc3NlbC1Cb2dlbiA3LCA4MDkzOSBFdXJvLUluZHVzdHJpZXBhcmssIE3DvG5jaGVuIgoJCQkJCWFyaWEtbGFiZWw9IkhlbGVuZS1XZXNzZWwtQm9nZW4gNywgODA5MzkgRXVyby1JbmR1c3RyaWVwYXJrLCBNw7xuY2hlbiIKCQkJPjwvaWZyYW1lPg==\"><div class=\"brlbs-cmpnt-cb-preset-b brlbs-cmpnt-cb-google-maps\"> <div class=\"brlbs-cmpnt-cb-thumbnail\" style=\"background-image: url('https:\/\/www.laufhaus-hwb7.de\/wp-content\/uploads\/borlabs-cookie\/1\/brlbs-cb-google-maps-main.png')\"><\/div> <div class=\"brlbs-cmpnt-cb-main\"> <div class=\"brlbs-cmpnt-cb-content\"> <p class=\"brlbs-cmpnt-cb-description\">\u60a8\u76ee\u524d\u770b\u5230\u7684\u5360\u4f4d\u7b26\u5185\u5bb9\u4e3a <strong>\u8c37\u6b4c\u5730\u56fe<\/strong>.\u8981\u8bbf\u95ee\u5b9e\u9645\u5185\u5bb9\uff0c\u8bf7\u5355\u51fb\u4e0b\u9762\u7684\u6309\u94ae\u3002\u8bf7\u6ce8\u610f\uff0c\u6570\u636e\u5c06\u4f20\u9012\u7ed9\u7b2c\u4e09\u65b9\u63d0\u4f9b\u5546\u3002<\/p> <a class=\"brlbs-cmpnt-cb-provider-toggle\" href=\"#\" data-borlabs-cookie-show-provider-information role=\"button\">\u66f4\u591a\u4fe1\u606f<\/a> <\/div> <div class=\"brlbs-cmpnt-cb-buttons\"> <a class=\"brlbs-cmpnt-cb-btn\" href=\"#\" data-borlabs-cookie-unblock role=\"button\">\u89e3\u9501\u5185\u5bb9<\/a> <a class=\"brlbs-cmpnt-cb-btn\" href=\"#\" data-borlabs-cookie-accept-service role=\"button\" style=\"display: inherit\">\u63a5\u53d7\u6240\u9700\u7684\u670d\u52a1\u5e76\u89e3\u9501\u5185\u5bb9<\/a> <\/div> <\/div> <\/div><\/div>\n\t\t<\/div>\n\t\t\t\t\t\t<\/div>\n\t\t\t\t\t<\/div>\n\t\t\t\t<\/div>\n\t\t<div class=\"elementor-element elementor-element-7d2ec37 e-flex e-con-boxed e-con e-parent\" data-id=\"7d2ec37\" data-element_type=\"container\" data-e-type=\"container\">\n\t\t\t\t\t<div class=\"e-con-inner\">\n\t\t\t\t<div class=\"elementor-element elementor-element-69da615 elementor-widget__width-initial elementor-widget elementor-widget-html\" data-id=\"69da615\" data-element_type=\"widget\" data-e-type=\"widget\" data-widget_type=\"html.default\">\n\t\t\t\t\t<!-- Elfsight Google Reviews | Untitled Google Reviews -->\n<script src=\"https:\/\/static.elfsight.com\/platform\/platform.js\" async><\/script>\n<div class=\"elfsight-app-6978abb7-a304-4101-a1c2-f35787e36447\" data-elfsight-app-lazy><\/div>\t\t\t\t<\/div>\n\t\t\t\t\t<\/div>\n\t\t\t\t<\/div>\n\t\t\t\t<\/div>","protected":false},"excerpt":{"rendered":"<p>Laufhaus HWB 7 M\u00fcnchen Informationen von A bis Z Adresse Helene-Wessel-Bogen 7, 80939 M\u00fcnchen. Anfahrt Alle Wege f\u00fchren zu uns: Du erreichst uns ganz einfach \u00fcber die nahegelegenen Autobahnen A9 und A99. Nutze am besten die Ingolst\u00e4dter Stra\u00dfe, den Frankfurter Ring oder die Heidemannstra\u00dfe zur Orientierung. Bankomat \/ Geldautomat Zwei Geldautomaten stehen direkt vor Ort [&hellip;]<\/p>\n","protected":false},"author":1,"featured_media":0,"parent":0,"menu_order":0,"comment_status":"closed","ping_status":"closed","template":"elementor_header_footer","meta":{"footnotes":""},"class_list":["post-37","page","type-page","status-publish","hentry"],"_links":{"self":[{"href":"https:\/\/www.laufhaus-hwb7.de\/zh\/wp-json\/wp\/v2\/pages\/37","targetHints":{"allow":["GET"]}}],"collection":[{"href":"https:\/\/www.laufhaus-hwb7.de\/zh\/wp-json\/wp\/v2\/pages"}],"about":[{"href":"https:\/\/www.laufhaus-hwb7.de\/zh\/wp-json\/wp\/v2\/types\/page"}],"author":[{"embeddable":true,"href":"https:\/\/www.laufhaus-hwb7.de\/zh\/wp-json\/wp\/v2\/users\/1"}],"replies":[{"embeddable":true,"href":"https:\/\/www.laufhaus-hwb7.de\/zh\/wp-json\/wp\/v2\/comments?post=37"}],"version-history":[{"count":0,"href":"https:\/\/www.laufhaus-hwb7.de\/zh\/wp-json\/wp\/v2\/pages\/37\/revisions"}],"wp:attachment":[{"href":"https:\/\/www.laufhaus-hwb7.de\/zh\/wp-json\/wp\/v2\/media?parent=37"}],"curies":[{"name":"wp","href":"https:\/\/api.w.org\/{rel}","templated":true}]}}